{"id":9424,"date":"2023-05-13T04:12:20","date_gmt":"2023-05-13T04:12:20","guid":{"rendered":"https:\/\/kinkyshop.dk\/?page_id=9424"},"modified":"2023-05-16T09:04:18","modified_gmt":"2023-05-16T09:04:18","slug":"maaleskema-for-herre-og-dame-konfektion","status":"publish","type":"page","link":"https:\/\/kinkyshop.dk\/?page_id=9424","title":{"rendered":"M\u00e5leskema for Herre og Dame Konfektion"},"content":{"rendered":"\t\t<div data-elementor-type=\"wp-page\" data-elementor-id=\"9424\" class=\"elementor elementor-9424\">\n\t\t\t\t<div class=\"elementor-element elementor-element-89f6576 e-flex e-con-boxed e-con e-parent\" data-id=\"89f6576\" data-element_type=\"container\" data-e-type=\"container\">\n\t\t\t\t\t<div class=\"e-con-inner\">\n\t\t\t\t<div class=\"elementor-element elementor-element-0a3bc09 elementor-widget elementor-widget-heading\" data-id=\"0a3bc09\" data-element_type=\"widget\" data-e-type=\"widget\" data-widget_type=\"heading.default\">\n\t\t\t\t<div class=\"elementor-widget-container\">\n\t\t\t\t\t<h2 class=\"elementor-heading-title elementor-size-default\">M\u00e5leskema for Herre og Dame Konfektion<\/h2>\t\t\t\t<\/div>\n\t\t\t\t<\/div>\n\t\t\t\t\t<\/div>\n\t\t\t\t<\/div>\n\t\t<div class=\"elementor-element elementor-element-4334442 e-flex e-con-boxed e-con e-parent\" data-id=\"4334442\" data-element_type=\"container\" data-e-type=\"container\">\n\t\t\t\t\t<div class=\"e-con-inner\">\n\t\t\t\t<div class=\"elementor-element elementor-element-5ff719b elementor-widget elementor-widget-text-editor\" data-id=\"5ff719b\" data-element_type=\"widget\" data-e-type=\"widget\" data-widget_type=\"text-editor.default\">\n\t\t\t\t<div class=\"elementor-widget-container\">\n\t\t\t\t\t\t\t\t\t<table width=\"100%\" cellspacing=\"2\" cellpadding=\"3\">\n<tbody>\n<tr>\n<th class=\"cartheader\" colspan=\"11\" bgcolor=\"#000000\"><span style=\"color: #ffffff;\">BH&#8217;er, Corsager og bodyer<\/span><\/th>\n<\/tr>\n<tr>\n<td bgcolor=\"#dbdbdb\"><strong>BH str.<\/strong><\/td>\n<td align=\"center\" bgcolor=\"#dbdbdb\"><strong>65<\/strong><\/td>\n<td align=\"center\" bgcolor=\"#dbdbdb\"><strong>70<\/strong><\/td>\n<td align=\"center\" bgcolor=\"#dbdbdb\"><strong>75<\/strong><\/td>\n<td align=\"center\" bgcolor=\"#dbdbdb\"><strong>80<\/strong><\/td>\n<td align=\"center\" bgcolor=\"#dbdbdb\"><strong>85<\/strong><\/td>\n<td align=\"center\" bgcolor=\"#dbdbdb\"><strong>90<\/strong><\/td>\n<td align=\"center\" bgcolor=\"#dbdbdb\"><strong>95<\/strong><\/td>\n<td align=\"center\" bgcolor=\"#dbdbdb\"><strong>100<\/strong><\/td>\n<td align=\"center\" bgcolor=\"#dbdbdb\"><strong>105<\/strong><\/td>\n<td align=\"center\" bgcolor=\"#dbdbdb\"><strong>110<\/strong><\/td>\n<\/tr>\n<tr>\n<td>M\u00e5l under brystet i cm<\/td>\n<td align=\"center\">63-67<\/td>\n<td align=\"center\">67-72<\/td>\n<td align=\"center\">73-77<\/td>\n<td align=\"center\">78-82<\/td>\n<td align=\"center\">83-87<\/td>\n<td align=\"center\">88-92<\/td>\n<td align=\"center\">93-97<\/td>\n<td align=\"center\">98-102<\/td>\n<td align=\"center\">103-107<\/td>\n<td align=\"center\">108-112<\/td>\n<\/tr>\n<tr>\n<td>\u00a0<\/td>\n<td>\u00a0<\/td>\n<td>\u00a0<\/td>\n<td>\u00a0<\/td>\n<td>\u00a0<\/td>\n<td>\u00a0<\/td>\n<td>\u00a0<\/td>\n<td>\u00a0<\/td>\n<td>\u00a0<\/td>\n<td>\u00a0<\/td>\n<td>\u00a0<\/td>\n<\/tr>\n<tr>\n<td bgcolor=\"#dbdbdb\"><strong>Cupst\u00f8rrelse<\/strong><\/td>\n<td colspan=\"10\" bgcolor=\"#dbdbdb\">M\u00e5l brystomfang og tr\u00e6k\u00a0m\u00e5l under brystet fra i\u00a0cm, derved f\u00e5r du differencen der bestemmer sk\u00e5lst\u00f8rrelsen.<\/td>\n<\/tr>\n<tr>\n<td>Cup AA<\/td>\n<td colspan=\"10\">10-12<\/td>\n<\/tr>\n<tr>\n<td>Cup A<\/td>\n<td colspan=\"10\">12-14<\/td>\n<\/tr>\n<tr>\n<td>Cup B<\/td>\n<td colspan=\"10\">14-16<\/td>\n<\/tr>\n<tr>\n<td>Cup C<\/td>\n<td colspan=\"10\">16-18<\/td>\n<\/tr>\n<tr>\n<td>Cup D<\/td>\n<td colspan=\"10\">18-20<\/td>\n<\/tr>\n<tr>\n<td>Cup E (DD)<\/td>\n<td colspan=\"10\">20-22<\/td>\n<\/tr>\n<tr>\n<td>Cup F<\/td>\n<td colspan=\"10\">22-24<\/td>\n<\/tr>\n<tr>\n<td colspan=\"11\">M\u00e5l f\u00f8rst under brystet for at bestemme BH str. M\u00e5l da bryst onfanget for at bestemme din Cupst\u00f8rrelse.<\/td>\n<\/tr>\n<\/tbody>\n<\/table>\n<p>\u00a0<\/p>\n<table width=\"100%\" cellspacing=\"2\" cellpadding=\"3\">\n<tbody>\n<tr>\n<th class=\"cartheader\" colspan=\"9\" bgcolor=\"#000000\"><span style=\"color: #ffffff;\">Damekonfektion (i cm)<\/span><\/th>\n<\/tr>\n<tr>\n<td bgcolor=\"#dbdbdb\"><strong>International<\/strong><\/td>\n<td align=\"center\" bgcolor=\"#dbdbdb\"><strong>XS<\/strong><\/td>\n<td align=\"center\" bgcolor=\"#dbdbdb\"><strong>S<\/strong><\/td>\n<td align=\"center\" bgcolor=\"#dbdbdb\"><strong>M<\/strong><\/td>\n<td align=\"center\" bgcolor=\"#dbdbdb\"><strong>L<\/strong><\/td>\n<td align=\"center\" bgcolor=\"#dbdbdb\"><strong>XL<\/strong><\/td>\n<td align=\"center\" bgcolor=\"#dbdbdb\"><strong>2XL<\/strong><\/td>\n<td align=\"center\" bgcolor=\"#dbdbdb\"><strong>3XL<\/strong><\/td>\n<td align=\"center\" bgcolor=\"#dbdbdb\"><strong>4XL<\/strong><\/td>\n<\/tr>\n<tr>\n<td bgcolor=\"#dbdbdb\"><strong>Konfektionsst\u00f8rrelse<\/strong><\/td>\n<td align=\"center\" bgcolor=\"#dbdbdb\"><strong>32\/34<\/strong><\/td>\n<td align=\"center\" bgcolor=\"#dbdbdb\"><strong>36\/38<\/strong><\/td>\n<td align=\"center\" bgcolor=\"#dbdbdb\"><strong>40\/42<\/strong><\/td>\n<td align=\"center\" bgcolor=\"#dbdbdb\"><strong>44\/46<\/strong><\/td>\n<td align=\"center\" bgcolor=\"#dbdbdb\"><strong>48\/50<\/strong><\/td>\n<td align=\"center\" bgcolor=\"#dbdbdb\"><strong>52\/54<\/strong><\/td>\n<td align=\"center\" bgcolor=\"#dbdbdb\"><strong>56\/58<\/strong><\/td>\n<td align=\"center\" bgcolor=\"#dbdbdb\"><strong>60\/62<\/strong><\/td>\n<\/tr>\n<tr>\n<td>Brystvidde<\/td>\n<td align=\"center\">74-81<\/td>\n<td align=\"center\">82-89<\/td>\n<td align=\"center\">90-97<\/td>\n<td align=\"center\">98-106<\/td>\n<td align=\"center\">107-118<\/td>\n<td align=\"center\">119-130<\/td>\n<td align=\"center\">131-142<\/td>\n<td align=\"center\">143-154<\/td>\n<\/tr>\n<tr>\n<td>Taljevidde<\/td>\n<td align=\"center\">59-64<\/td>\n<td align=\"center\">65-73<\/td>\n<td align=\"center\">74-81<\/td>\n<td align=\"center\">82-90<\/td>\n<td align=\"center\">91-102<\/td>\n<td align=\"center\">103-114<\/td>\n<td align=\"center\">115-128<\/td>\n<td align=\"center\">129-140<\/td>\n<\/tr>\n<tr>\n<td>Hoftevidde<\/td>\n<td align=\"center\">84-91<\/td>\n<td align=\"center\">92-98<\/td>\n<td align=\"center\">99-104<\/td>\n<td align=\"center\">105-112<\/td>\n<td align=\"center\">113-121<\/td>\n<td align=\"center\">122-132<\/td>\n<td align=\"center\">133-144<\/td>\n<td align=\"center\">145-156<\/td>\n<\/tr>\n<\/tbody>\n<\/table>\n<p>\u00a0<\/p>\n<table width=\"100%\" cellspacing=\"2\" cellpadding=\"3\">\n<tbody>\n<tr>\n<th class=\"cartheader\" colspan=\"10\" bgcolor=\"#000000\"><span style=\"color: #ffffff;\">KUN for Noir Exclusive Damekonfektion (i cm)<\/span><\/th>\n<\/tr>\n<tr>\n<td bgcolor=\"#dbdbdb\"><strong>International<\/strong><\/td>\n<td align=\"center\" bgcolor=\"#dbdbdb\"><strong>S<\/strong><\/td>\n<td align=\"center\" bgcolor=\"#dbdbdb\"><strong>M<\/strong><\/td>\n<td align=\"center\" bgcolor=\"#dbdbdb\"><strong>L<\/strong><\/td>\n<td align=\"center\" bgcolor=\"#dbdbdb\"><strong>XL<\/strong><\/td>\n<td align=\"center\" bgcolor=\"#dbdbdb\"><strong>2XL<\/strong><\/td>\n<td align=\"center\" bgcolor=\"#dbdbdb\"><strong>3XL<\/strong><\/td>\n<td align=\"center\" bgcolor=\"#dbdbdb\"><strong>4XL<\/strong><\/td>\n<td align=\"center\" bgcolor=\"#dbdbdb\"><strong>5XL<\/strong><\/td>\n<td align=\"center\" bgcolor=\"#dbdbdb\"><strong>6XL<\/strong><\/td>\n<\/tr>\n<tr>\n<td bgcolor=\"#dbdbdb\"><strong>Konfektionsst\u00f8rrelse<\/strong><\/td>\n<td align=\"center\" bgcolor=\"#dbdbdb\"><strong>36<\/strong><\/td>\n<td align=\"center\" bgcolor=\"#dbdbdb\"><strong>38<\/strong><\/td>\n<td align=\"center\" bgcolor=\"#dbdbdb\"><strong>40<\/strong><\/td>\n<td align=\"center\" bgcolor=\"#dbdbdb\"><strong>42<\/strong><\/td>\n<td align=\"center\" bgcolor=\"#dbdbdb\"><strong>44<\/strong><\/td>\n<td align=\"center\" bgcolor=\"#dbdbdb\"><strong>46<\/strong><\/td>\n<td align=\"center\" bgcolor=\"#dbdbdb\"><strong>48<\/strong><\/td>\n<td align=\"center\" bgcolor=\"#dbdbdb\"><strong>50<\/strong><\/td>\n<td align=\"center\" bgcolor=\"#dbdbdb\"><strong>52<\/strong><\/td>\n<\/tr>\n<tr>\n<td>Brystvidde<\/td>\n<td align=\"center\">86-89<\/td>\n<td align=\"center\">90-93<\/td>\n<td align=\"center\">94-97<\/td>\n<td align=\"center\">98-101<\/td>\n<td align=\"center\">102-105<\/td>\n<td align=\"center\">106-109<\/td>\n<td align=\"center\">100-113<\/td>\n<td align=\"center\">114-117<\/td>\n<td align=\"center\">118-121<\/td>\n<\/tr>\n<tr>\n<td>Taljevidde<\/td>\n<td align=\"center\">65-68<\/td>\n<td align=\"center\">69-72<\/td>\n<td align=\"center\">73-76<\/td>\n<td align=\"center\">77-80<\/td>\n<td align=\"center\">81-84<\/td>\n<td align=\"center\">85-88<\/td>\n<td align=\"center\">86-89<\/td>\n<td align=\"center\">90-93<\/td>\n<td align=\"center\">94-97<\/td>\n<\/tr>\n<tr>\n<td>Hoftevidde<\/td>\n<td align=\"center\">92-95<\/td>\n<td align=\"center\">96-99<\/td>\n<td align=\"center\">100-103<\/td>\n<td align=\"center\">104-107<\/td>\n<td align=\"center\">108-111<\/td>\n<td align=\"center\">112-115<\/td>\n<td align=\"center\">116-119<\/td>\n<td align=\"center\">120-123<\/td>\n<td align=\"center\">124-127<\/td>\n<\/tr>\n<\/tbody>\n<\/table>\n<p>\u00a0<\/p>\n<table width=\"100%\" cellspacing=\"2\" cellpadding=\"3\">\n<tbody>\n<tr>\n<th class=\"cartheader\" colspan=\"7\" bgcolor=\"#000000\"><span style=\"color: #ffffff;\">Corsetter (centimeterm\u00e5l)<\/span><\/th>\n<\/tr>\n<tr>\n<td bgcolor=\"#dbdbdb\">Konfektionsst\u00f8rrelse<\/td>\n<td align=\"center\" bgcolor=\"#dbdbdb\">S<\/td>\n<td align=\"center\" bgcolor=\"#dbdbdb\">M<\/td>\n<td align=\"center\" bgcolor=\"#dbdbdb\">L<\/td>\n<td align=\"center\" bgcolor=\"#dbdbdb\">XL<\/td>\n<td align=\"center\" bgcolor=\"#dbdbdb\">2XL<\/td>\n<td align=\"center\" bgcolor=\"#dbdbdb\">3XL<\/td>\n<\/tr>\n<tr>\n<td>Taljem\u00e5l<\/td>\n<td align=\"center\">65-73<\/td>\n<td align=\"center\">74-81<\/td>\n<td align=\"center\">82-90<\/td>\n<td align=\"center\">91-102<\/td>\n<td align=\"center\">103-114<\/td>\n<td align=\"center\">115-128<\/td>\n<\/tr>\n<tr>\n<td>Corsetst\u00f8rrelse<\/td>\n<td align=\"center\">56<\/td>\n<td align=\"center\">66<\/td>\n<td align=\"center\">76<\/td>\n<td align=\"center\">86<\/td>\n<td align=\"center\">96<\/td>\n<td align=\"center\">106<\/td>\n<\/tr>\n<tr>\n<td colspan=\"7\">Corsetter egner sig til taljereduktion og er angivet med minimalsn\u00f8ring, d.v.s. det er det mindste m\u00e5l, corsettet kan sn\u00f8res til. Vores anbefaling: M\u00e5l din talje og tr\u00e6k s\u00e5 10 cm fra, denne v\u00e6rdi angiver den anbefalede corsetst\u00f8rrelse i cm.<\/td>\n<\/tr>\n<\/tbody>\n<\/table>\n<p>\u00a0<\/p>\n<table width=\"100%\" cellspacing=\"2\" cellpadding=\"3\">\n<tbody>\n<tr>\n<th class=\"cartheader\" colspan=\"6\" bgcolor=\"#000000\"><span style=\"color: #ffffff;\">Herrekonfektion (i cm)<\/span><\/th>\n<\/tr>\n<tr>\n<td bgcolor=\"#dbdbdb\"><strong>International<\/strong><\/td>\n<td align=\"center\" bgcolor=\"#dbdbdb\"><strong>S<\/strong><\/td>\n<td align=\"center\" bgcolor=\"#dbdbdb\"><strong>M<\/strong><\/td>\n<td align=\"center\" bgcolor=\"#dbdbdb\"><strong>L<\/strong><\/td>\n<td align=\"center\" bgcolor=\"#dbdbdb\"><strong>XL<\/strong><\/td>\n<td align=\"center\" bgcolor=\"#dbdbdb\"><strong>XXL<\/strong><\/td>\n<\/tr>\n<tr>\n<td><strong>EU<\/strong><\/td>\n<td align=\"center\"><strong>44\/46<\/strong><\/td>\n<td align=\"center\"><strong>48\/50<\/strong><\/td>\n<td align=\"center\"><strong>52\/54<\/strong><\/td>\n<td align=\"center\"><strong>56\/58<\/strong><\/td>\n<td align=\"center\"><strong>60\/62<\/strong><\/td>\n<\/tr>\n<tr>\n<td>Inches<\/td>\n<td align=\"center\">30\/31\/32<\/td>\n<td align=\"center\">33\/34<\/td>\n<td align=\"center\">36\/38<\/td>\n<td align=\"center\">40\/42<\/td>\n<td align=\"center\">44\/46<\/td>\n<\/tr>\n<tr>\n<td>Overkrop<\/td>\n<td align=\"center\">86-93<\/td>\n<td align=\"center\">94-101<\/td>\n<td align=\"center\">102-109<\/td>\n<td align=\"center\">110-117<\/td>\n<td align=\"center\">118-125<\/td>\n<\/tr>\n<tr>\n<td>Livvidde<\/td>\n<td align=\"center\">74-81<\/td>\n<td align=\"center\">82-89<\/td>\n<td align=\"center\">90-99<\/td>\n<td align=\"center\">100-109<\/td>\n<td align=\"center\">110-119<\/td>\n<\/tr>\n<tr>\n<td>Omfang m\u00e5lt over bagdelen<\/td>\n<td align=\"center\">90-91<\/td>\n<td align=\"center\">98-105<\/td>\n<td align=\"center\">106-113<\/td>\n<td align=\"center\">114-121<\/td>\n<td align=\"center\">122-129<\/td>\n<\/tr>\n<tr>\n<td>H\u00f8jde<\/td>\n<td align=\"center\">166-173<\/td>\n<td align=\"center\">171-179<\/td>\n<td align=\"center\">177-184<\/td>\n<td align=\"center\">182-188<\/td>\n<td align=\"center\">185-191<\/td>\n<\/tr>\n<\/tbody>\n<\/table>\n<p>\u00a0<\/p>\n<table width=\"100%\" cellspacing=\"2\" cellpadding=\"2\">\n<tbody>\n<tr>\n<th class=\"cartheader\" colspan=\"6\" bgcolor=\"#000000\"><span style=\"color: #ffffff;\">Herre undert\u00f8j (i cm)<\/span><\/th>\n<\/tr>\n<tr>\n<td bgcolor=\"#dbdbdb\"><strong>International<\/strong><\/td>\n<td align=\"center\" bgcolor=\"#dbdbdb\"><strong>S<\/strong><\/td>\n<td align=\"center\" bgcolor=\"#dbdbdb\"><strong>M<\/strong><\/td>\n<td align=\"center\" bgcolor=\"#dbdbdb\"><strong>L<\/strong><\/td>\n<td align=\"center\" bgcolor=\"#dbdbdb\"><strong>XL<\/strong><\/td>\n<td align=\"center\" bgcolor=\"#dbdbdb\"><strong>XXL<\/strong><\/td>\n<\/tr>\n<tr>\n<td>DE<\/td>\n<td align=\"center\">4<\/td>\n<td align=\"center\">5 \/ 6<\/td>\n<td align=\"center\">7 \/ 8<\/td>\n<td align=\"center\">9<\/td>\n<td align=\"center\">10<\/td>\n<\/tr>\n<tr>\n<td>Overkrop<\/td>\n<td align=\"center\">89 &#8211; 93<\/td>\n<td align=\"center\">94 &#8211; 104<\/td>\n<td align=\"center\">105 &#8211; 114<\/td>\n<td align=\"center\">115 &#8211; 119<\/td>\n<td align=\"center\">120 &#8211; 124<\/td>\n<\/tr>\n<tr>\n<td>Livvidde<\/td>\n<td align=\"center\">79 &#8211; 84<\/td>\n<td align=\"center\">85 &#8211; 96<\/td>\n<td align=\"center\">97 &#8211; 108<\/td>\n<td align=\"center\">109 &#8211; 113<\/td>\n<td align=\"center\">114 &#8211; 118<\/td>\n<\/tr>\n<\/tbody>\n<\/table>\n<p>\u00a0<\/p>\n<table width=\"100%\" cellspacing=\"2\" cellpadding=\"2\">\n<tbody>\n<tr>\n<th class=\"cartheader\" colspan=\"10\" bgcolor=\"#000000\"><span style=\"color: #ffffff;\">Str\u00f8mper og Str\u00f8mpebukser<\/span><\/th>\n<\/tr>\n<tr>\n<td bgcolor=\"#dbdbdb\"><strong>Str\u00f8mpest\u00f8rrelse<\/strong><\/td>\n<td align=\"center\" bgcolor=\"#dbdbdb\"><strong>I (1)<\/strong><\/td>\n<td align=\"center\" bgcolor=\"#dbdbdb\"><strong>II (2)<\/strong><\/td>\n<td align=\"center\" bgcolor=\"#dbdbdb\"><strong>III (3)<\/strong><\/td>\n<td align=\"center\" bgcolor=\"#dbdbdb\"><strong>III-IV (3-4)<\/strong><\/td>\n<td align=\"center\" bgcolor=\"#dbdbdb\"><strong>IV (4)<\/strong><\/td>\n<td align=\"center\" bgcolor=\"#dbdbdb\"><strong>V (5)<\/strong><\/td>\n<td align=\"center\" bgcolor=\"#dbdbdb\"><strong>VI (6)<\/strong><\/td>\n<td align=\"center\" bgcolor=\"#dbdbdb\"><strong>VII (7)<\/strong><\/td>\n<td align=\"center\" bgcolor=\"#dbdbdb\"><strong>VIII (8)<\/strong><\/td>\n<\/tr>\n<tr>\n<td>International<\/td>\n<td align=\"center\">XS<\/td>\n<td align=\"center\">S<\/td>\n<td align=\"center\">M<\/td>\n<td align=\"center\">M\/L<\/td>\n<td align=\"center\">L<\/td>\n<td align=\"center\">XL<\/td>\n<td align=\"center\">2XL<\/td>\n<td align=\"center\">3XL<\/td>\n<td align=\"center\">4XL<\/td>\n<\/tr>\n<tr>\n<td>DE<\/td>\n<td align=\"center\">34\/36<\/td>\n<td align=\"center\">36\/38<\/td>\n<td align=\"center\">40\/42<\/td>\n<td align=\"center\">42\/44<\/td>\n<td align=\"center\">44\/46<\/td>\n<td align=\"center\">48\/50<\/td>\n<td align=\"center\">52\/54<\/td>\n<td align=\"center\">56\/58<\/td>\n<td align=\"center\">60\/62<\/td>\n<\/tr>\n<tr>\n<td>Skost\u00f8rrelse (stay-ups, str\u00f8mper, nylonstr\u00f8mper)<\/td>\n<td align=\"center\">\u00a0<\/td>\n<td align=\"center\">35-37<\/td>\n<td align=\"center\">38-39<\/td>\n<td align=\"center\">40-42<\/td>\n<\/tr>\n<\/tbody>\n<\/table>\t\t\t\t\t\t\t\t<\/div>\n\t\t\t\t<\/div>\n\t\t\t\t\t<\/div>\n\t\t\t\t<\/div>\n\t\t\t\t<\/div>\n\t\t","protected":false},"excerpt":{"rendered":"<p>M\u00e5leskema for Herre og Dame Konfektion BH&#8217;er, Corsager og bodyer BH str. 65 70 75 80 85 90 95 100 105 110 M\u00e5l under brystet i cm 63-67 67-72 73-77 78-82 83-87 88-92 93-97 98-102 103-107 108-112 &nbsp; &nbsp; &nbsp; &nbsp; &nbsp; &nbsp; &nbsp; &nbsp; &nbsp; &nbsp; &nbsp; Cupst\u00f8rrelse M\u00e5l brystomfang og tr\u00e6k&nbsp;m\u00e5l under brystet [&hellip;]<\/p>\n","protected":false},"author":1,"featured_media":0,"parent":0,"menu_order":0,"comment_status":"closed","ping_status":"closed","template":"elementor_theme","meta":{"_acf_changed":false,"ocean_post_layout":"full-width","ocean_both_sidebars_style":"","ocean_both_sidebars_content_width":0,"ocean_both_sidebars_sidebars_width":0,"ocean_sidebar":"0","ocean_second_sidebar":"0","ocean_disable_margins":"enable","ocean_add_body_class":"","ocean_shortcode_before_top_bar":"","ocean_shortcode_after_top_bar":"","ocean_shortcode_before_header":"","ocean_shortcode_after_header":"","ocean_has_shortcode":"","ocean_shortcode_after_title":"","ocean_shortcode_before_footer_widgets":"","ocean_shortcode_after_footer_widgets":"","ocean_shortcode_before_footer_bottom":"","ocean_shortcode_after_footer_bottom":"","ocean_display_top_bar":"default","ocean_display_header":"default","ocean_header_style":"","ocean_center_header_left_menu":"0","ocean_custom_header_template":"0","ocean_custom_logo":0,"ocean_custom_retina_logo":0,"ocean_custom_logo_max_width":0,"ocean_custom_logo_tablet_max_width":0,"ocean_custom_logo_mobile_max_width":0,"ocean_custom_logo_max_height":0,"ocean_custom_logo_tablet_max_height":0,"ocean_custom_logo_mobile_max_height":0,"ocean_header_custom_menu":"0","ocean_menu_typo_font_family":"0","ocean_menu_typo_font_subset":"","ocean_menu_typo_font_size":0,"ocean_menu_typo_font_size_tablet":0,"ocean_menu_typo_font_size_mobile":0,"ocean_menu_typo_font_size_unit":"px","ocean_menu_typo_font_weight":"","ocean_menu_typo_font_weight_tablet":"","ocean_menu_typo_font_weight_mobile":"","ocean_menu_typo_transform":"","ocean_menu_typo_transform_tablet":"","ocean_menu_typo_transform_mobile":"","ocean_menu_typo_line_height":0,"ocean_menu_typo_line_height_tablet":0,"ocean_menu_typo_line_height_mobile":0,"ocean_menu_typo_line_height_unit":"","ocean_menu_typo_spacing":0,"ocean_menu_typo_spacing_tablet":0,"ocean_menu_typo_spacing_mobile":0,"ocean_menu_typo_spacing_unit":"","ocean_menu_link_color":"","ocean_menu_link_color_hover":"","ocean_menu_link_color_active":"","ocean_menu_link_background":"","ocean_menu_link_hover_background":"","ocean_menu_link_active_background":"","ocean_menu_social_links_bg":"","ocean_menu_social_hover_links_bg":"","ocean_menu_social_links_color":"","ocean_menu_social_hover_links_color":"","ocean_disable_title":"default","ocean_disable_heading":"default","ocean_post_title":"","ocean_post_subheading":"","ocean_post_title_style":"","ocean_post_title_background_color":"","ocean_post_title_background":0,"ocean_post_title_bg_image_position":"","ocean_post_title_bg_image_attachment":"","ocean_post_title_bg_image_repeat":"","ocean_post_title_bg_image_size":"","ocean_post_title_height":0,"ocean_post_title_bg_overlay":0.5,"ocean_post_title_bg_overlay_color":"","ocean_disable_breadcrumbs":"default","ocean_breadcrumbs_color":"","ocean_breadcrumbs_separator_color":"","ocean_breadcrumbs_links_color":"","ocean_breadcrumbs_links_hover_color":"","ocean_display_footer_widgets":"default","ocean_display_footer_bottom":"default","ocean_custom_footer_template":"0","osh_disable_topbar_sticky":"default","osh_disable_header_sticky":"default","osh_sticky_header_style":"default","osh_sticky_header_effect":"","osh_custom_sticky_logo":0,"osh_custom_retina_sticky_logo":0,"osh_custom_sticky_logo_height":0,"osh_background_color":"","osh_links_color":"","osh_links_hover_color":"","osh_links_active_color":"","osh_links_bg_color":"","osh_links_hover_bg_color":"","osh_links_active_bg_color":"","osh_menu_social_links_color":"","osh_menu_social_hover_links_color":"","footnotes":""},"class_list":["post-9424","page","type-page","status-publish","hentry","entry","owp-thumbs-layout-horizontal","owp-btn-normal","owp-tabs-layout-horizontal","has-no-thumbnails","has-product-nav","circle-sale"],"acf":[],"amp_enabled":false,"_links":{"self":[{"href":"https:\/\/kinkyshop.dk\/index.php?rest_route=\/wp\/v2\/pages\/9424","targetHints":{"allow":["GET"]}}],"collection":[{"href":"https:\/\/kinkyshop.dk\/index.php?rest_route=\/wp\/v2\/pages"}],"about":[{"href":"https:\/\/kinkyshop.dk\/index.php?rest_route=\/wp\/v2\/types\/page"}],"author":[{"embeddable":true,"href":"https:\/\/kinkyshop.dk\/index.php?rest_route=\/wp\/v2\/users\/1"}],"replies":[{"embeddable":true,"href":"https:\/\/kinkyshop.dk\/index.php?rest_route=%2Fwp%2Fv2%2Fcomments&post=9424"}],"version-history":[{"count":0,"href":"https:\/\/kinkyshop.dk\/index.php?rest_route=\/wp\/v2\/pages\/9424\/revisions"}],"wp:attachment":[{"href":"https:\/\/kinkyshop.dk\/index.php?rest_route=%2Fwp%2Fv2%2Fmedia&parent=9424"}],"curies":[{"name":"wp","href":"https:\/\/api.w.org\/{rel}","templated":true}]}}