{"id":9652,"date":"2023-05-15T08:15:13","date_gmt":"2023-05-15T08:15:13","guid":{"rendered":"https:\/\/kinkyshop.dk\/?page_id=9652"},"modified":"2023-05-17T10:13:50","modified_gmt":"2023-05-17T10:13:50","slug":"gdpr-2","status":"publish","type":"page","link":"https:\/\/kinkyshop.dk\/?page_id=9652","title":{"rendered":"GDPR"},"content":{"rendered":"\t\t<div data-elementor-type=\"wp-page\" data-elementor-id=\"9652\" class=\"elementor elementor-9652\">\n\t\t\t\t\t\t<section class=\"elementor-section elementor-top-section elementor-element elementor-element-e2dfa34 elementor-section-boxed elementor-section-height-default elementor-section-height-default\" data-id=\"e2dfa34\" data-element_type=\"section\" data-e-type=\"section\">\n\t\t\t\t\t\t<div class=\"elementor-container elementor-column-gap-default\">\n\t\t\t\t\t<div class=\"elementor-column elementor-col-100 elementor-top-column elementor-element elementor-element-2b527bb5\" data-id=\"2b527bb5\" data-element_type=\"column\" data-e-type=\"column\">\n\t\t\t<div class=\"elementor-widget-wrap elementor-element-populated\">\n\t\t\t\t\t\t<div class=\"elementor-element elementor-element-5a4b7939 elementor-widget elementor-widget-text-editor\" data-id=\"5a4b7939\" data-element_type=\"widget\" data-e-type=\"widget\" data-widget_type=\"text-editor.default\">\n\t\t\t\t<div class=\"elementor-widget-container\">\n\t\t\t\t\t\t\t\t\t<p><\/p>\n<p>Vi indsamler information om dig gennem bestillingsprocessen p\u00e5 vores webshop.<\/p>\n<h2 class=\"wp-block-heading\">Informationer som vi samler og gemmer<\/h2>\n<p>N\u00e5r du bes\u00f8ger vores webshop, vil vi spore:<\/p>\n<ul>\n<li>Varer som du har set: Vi vil bruge denne information til eksempelvis at vise dig varer, som du har set for nylig.<\/li>\n<li>Lokation, IP-adresse og browsertype: Vi vil bruge disse informationer til form\u00e5l s\u00e5som beregning af moms og forsendelse.<\/li>\n<li>Leverings adresse: Vi vil anmode dig om at indtaste denne, s\u00e5 vi eksempelvis kan beregne forsendelsesomkostninger, inden du afgiver en ordre, og sender dig ordren.<\/li>\n<\/ul>\n<p>Vi bruger ogs\u00e5 cookies til at holde styr p\u00e5 indholdet i kurven, mens du bruger vores webshop.<\/p>\n<p>N\u00e5r du k\u00f8ber varer af os, vil vi bede dig om at give os information, der omfatter dit navn, fakturerings adresse, leverings adresse, e-mailadresse, telefonnummer, kreditkort\/betalingsinformationer og valgfri konto information som brugernavn og adgangskode. Vi vil bruge denne information til form\u00e5l s\u00e5som til:<\/p>\n<ul>\n<li>Sender dig information om din konto og ordre<\/li>\n<li>Svar p\u00e5 dine henvendelser og foresp\u00f8rgsler, herunder refunderinger og klager<\/li>\n<li>Behandle betalinger og forhindre svig<\/li>\n<li>Ops\u00e6t din konto til vores webshop<\/li>\n<li>Overholder alle juridiske forpligtelser, som vi har, s\u00e5som beregning af moms og gebyrer<\/li>\n<li>Forbedre vores tilbud i webshoppen<\/li>\n<li>Sender dig markedsf\u00f8ringsbeskeder, hvis du v\u00e6lger at modtage dem.<\/li>\n<\/ul>\n<p>Hvis du opretter en konto, vil vi gemme dit navn, adresse, e-mailadresse og telefonnummer, som vil blive anvendt til at udfylde indtastningsfelter ved bestilling af ordrer fremover.<\/p>\n<p>Generelt gemmer vi information om dig s\u00e5 l\u00e6nge, som vi har behov for informationen til de form\u00e5l, for hvilke vi indsamler og bruger informationerne, og vi er ikke juridisk forpligtet til at forts\u00e6tte med at gemme dem. Fx vil vi gemme ordreinformationer s\u00e5 l\u00e6nge det er kr\u00e6vet if\u00f8lge regnskabsloven i forhold til moms og regnskab. Dette inkluderer dit navn, e-mailadresse samt fakturerings adresse og leverings adresse.<\/p>\n<p>Vi vil ogs\u00e5 gemme kommentarer og anmeldelser, hvis du \u00f8nsker at tilf\u00f8je dem.<\/p>\n<h2>Hvilken medarbejdere der har adgang<\/h2>\n<p>Medarbejdere har adgang til informationen, som du giver os. Fx har administratorer s\u00e5vel som webshopledere adgang til:<\/p>\n<ul>\n<li>Ordre information s\u00e5som hvad der blev k\u00f8bt, hvorn\u00e5r det blev k\u00f8bt og hvortil, det skulle sendes, og<\/li>\n<li>Kunde information s\u00e5som dit navn, e-mailadresse samt information om fakturering og forsendelse.<\/li>\n<\/ul>\n<p>Vores medarbejdere har adgang til denne information for at kunne gennemf\u00f8re ordrer, h\u00e5ndtere refunderinger og supportere dig.<\/p>\n<h3>Betalinger<\/h3>\n<p>Vi modtager betalinger via Nets. Ved gennemf\u00f8relse af betalinger, vil nogle af dine data blive videregivet til Nets, inklusiv information der er n\u00f8dvendig for at gennemf\u00f8re eller underst\u00f8tte betalingen, s\u00e5som det totale k\u00f8bsbel\u00f8b og fakturerings information.<\/p>\n<p>Se venligst\u00a0<a href=\"https:\/\/www.nets.eu\/gdpr\" target=\"_blank\" rel=\"noopener\">Nets Persondata Politik<\/a>\u00a0for flere informationer.<\/p>\n<p><\/p>\t\t\t\t\t\t\t\t<\/div>\n\t\t\t\t<\/div>\n\t\t\t\t\t<\/div>\n\t\t<\/div>\n\t\t\t\t\t<\/div>\n\t\t<\/section>\n\t\t\t\t<\/div>\n\t\t","protected":false},"excerpt":{"rendered":"<p>Vi indsamler information om dig gennem bestillingsprocessen p\u00e5 vores webshop. Informationer som vi samler og gemmer N\u00e5r du bes\u00f8ger vores webshop, vil vi spore: Varer som du har set: Vi vil bruge denne information til eksempelvis at vise dig varer, som du har set for nylig. Lokation, IP-adresse og browsertype: Vi vil bruge disse informationer [&hellip;]<\/p>\n","protected":false},"author":1,"featured_media":0,"parent":0,"menu_order":0,"comment_status":"closed","ping_status":"closed","template":"","meta":{"_acf_changed":false,"ocean_post_layout":"full-width","ocean_both_sidebars_style":"","ocean_both_sidebars_content_width":0,"ocean_both_sidebars_sidebars_width":0,"ocean_sidebar":"0","ocean_second_sidebar":"0","ocean_disable_margins":"enable","ocean_add_body_class":"","ocean_shortcode_before_top_bar":"","ocean_shortcode_after_top_bar":"","ocean_shortcode_before_header":"","ocean_shortcode_after_header":"","ocean_has_shortcode":"","ocean_shortcode_after_title":"","ocean_shortcode_before_footer_widgets":"","ocean_shortcode_after_footer_widgets":"","ocean_shortcode_before_footer_bottom":"","ocean_shortcode_after_footer_bottom":"","ocean_display_top_bar":"default","ocean_display_header":"default","ocean_header_style":"","ocean_center_header_left_menu":"0","ocean_custom_header_template":"0","ocean_custom_logo":0,"ocean_custom_retina_logo":0,"ocean_custom_logo_max_width":0,"ocean_custom_logo_tablet_max_width":0,"ocean_custom_logo_mobile_max_width":0,"ocean_custom_logo_max_height":0,"ocean_custom_logo_tablet_max_height":0,"ocean_custom_logo_mobile_max_height":0,"ocean_header_custom_menu":"254","ocean_menu_typo_font_family":"0","ocean_menu_typo_font_subset":"","ocean_menu_typo_font_size":0,"ocean_menu_typo_font_size_tablet":0,"ocean_menu_typo_font_size_mobile":0,"ocean_menu_typo_font_size_unit":"px","ocean_menu_typo_font_weight":"","ocean_menu_typo_font_weight_tablet":"","ocean_menu_typo_font_weight_mobile":"","ocean_menu_typo_transform":"","ocean_menu_typo_transform_tablet":"","ocean_menu_typo_transform_mobile":"","ocean_menu_typo_line_height":0,"ocean_menu_typo_line_height_tablet":0,"ocean_menu_typo_line_height_mobile":0,"ocean_menu_typo_line_height_unit":"","ocean_menu_typo_spacing":0,"ocean_menu_typo_spacing_tablet":0,"ocean_menu_typo_spacing_mobile":0,"ocean_menu_typo_spacing_unit":"","ocean_menu_link_color":"","ocean_menu_link_color_hover":"","ocean_menu_link_color_active":"","ocean_menu_link_background":"","ocean_menu_link_hover_background":"","ocean_menu_link_active_background":"","ocean_menu_social_links_bg":"","ocean_menu_social_hover_links_bg":"","ocean_menu_social_links_color":"","ocean_menu_social_hover_links_color":"","ocean_disable_title":"default","ocean_disable_heading":"default","ocean_post_title":"","ocean_post_subheading":"","ocean_post_title_style":"","ocean_post_title_background_color":"","ocean_post_title_background":0,"ocean_post_title_bg_image_position":"","ocean_post_title_bg_image_attachment":"","ocean_post_title_bg_image_repeat":"","ocean_post_title_bg_image_size":"","ocean_post_title_height":0,"ocean_post_title_bg_overlay":0.5,"ocean_post_title_bg_overlay_color":"","ocean_disable_breadcrumbs":"default","ocean_breadcrumbs_color":"","ocean_breadcrumbs_separator_color":"","ocean_breadcrumbs_links_color":"","ocean_breadcrumbs_links_hover_color":"","ocean_display_footer_widgets":"default","ocean_display_footer_bottom":"default","ocean_custom_footer_template":"0","osh_disable_topbar_sticky":"default","osh_disable_header_sticky":"default","osh_sticky_header_style":"default","osh_sticky_header_effect":"","osh_custom_sticky_logo":0,"osh_custom_retina_sticky_logo":0,"osh_custom_sticky_logo_height":0,"osh_background_color":"","osh_links_color":"","osh_links_hover_color":"","osh_links_active_color":"","osh_links_bg_color":"","osh_links_hover_bg_color":"","osh_links_active_bg_color":"","osh_menu_social_links_color":"","osh_menu_social_hover_links_color":"","footnotes":""},"class_list":["post-9652","page","type-page","status-publish","hentry","entry","owp-thumbs-layout-horizontal","owp-btn-normal","owp-tabs-layout-horizontal","has-no-thumbnails","has-product-nav","circle-sale"],"acf":[],"amp_enabled":true,"_links":{"self":[{"href":"https:\/\/kinkyshop.dk\/index.php?rest_route=\/wp\/v2\/pages\/9652","targetHints":{"allow":["GET"]}}],"collection":[{"href":"https:\/\/kinkyshop.dk\/index.php?rest_route=\/wp\/v2\/pages"}],"about":[{"href":"https:\/\/kinkyshop.dk\/index.php?rest_route=\/wp\/v2\/types\/page"}],"author":[{"embeddable":true,"href":"https:\/\/kinkyshop.dk\/index.php?rest_route=\/wp\/v2\/users\/1"}],"replies":[{"embeddable":true,"href":"https:\/\/kinkyshop.dk\/index.php?rest_route=%2Fwp%2Fv2%2Fcomments&post=9652"}],"version-history":[{"count":0,"href":"https:\/\/kinkyshop.dk\/index.php?rest_route=\/wp\/v2\/pages\/9652\/revisions"}],"wp:attachment":[{"href":"https:\/\/kinkyshop.dk\/index.php?rest_route=%2Fwp%2Fv2%2Fmedia&parent=9652"}],"curies":[{"name":"wp","href":"https:\/\/api.w.org\/{rel}","templated":true}]}}