{"id":10203,"date":"2023-05-19T05:29:26","date_gmt":"2023-05-19T05:29:26","guid":{"rendered":"https:\/\/kinkyshop.dk\/?post_type=product&#038;p=10203"},"modified":"2023-06-01T00:00:06","modified_gmt":"2023-06-01T00:00:06","slug":"sweet-smile-fjernbetjent-lay-on-trusse-vibrator-2","status":"publish","type":"product","link":"https:\/\/kinkyshop.dk\/?product=sweet-smile-fjernbetjent-lay-on-trusse-vibrator-2","title":{"rendered":"Sweet Smile Fjernbetjent Lay-on Trusse Vibrator"},"content":{"rendered":"<p>Anatomisk formet, flad RC trussevibrator fra Sweet Smile, som fork\u00e6ler vulva, klitoris og anus\/dam p\u00e5 samme tid. Kan b\u00e6res up\u00e5faldende i trusser &#8211; ogs\u00e5 under vand, da den er vandt\u00e6t.<\/p>\n<p>5 stille vibrationsmodi kan let styres med den tr\u00e5dl\u00f8se fjernbetjening &#8211; ogs\u00e5 fra partneren. Vibrationerne fordeles optimalt p\u00e5 klitoris-stimuleringsnopperne, den udtaler rillede vulvah\u00f8j og den smalle anus-\/perineumstimulator for at fork\u00e6le dig hele vejen rundt.<\/p>\n<p>Det h\u00f8jkvalitets silikonemateriale med en fl\u00f8jlsbl\u00f8d tekstur sikrer en meget behagelig f\u00f8lelse p\u00e5 huden n\u00e5r den b\u00e6res.<\/p>\n<p>Genopladelig &#8211; inklusive USB-ladekabel og batteri (CR2032) til fjernbetjeningen.<\/p>\n<p>7,8 cm lang, 5,2 cm bred.<br \/>\nStimulatorarm 13 cm lang, \u00d8 0,7 cm.<br \/>\nV\u00e6gt 48 g.<br \/>\nSilikone, PU, ABS.<\/p>\n","protected":false},"excerpt":{"rendered":"<p>Anatomisk formet, flad RC trussevibrator fra Sweet Smile, som fork\u00e6ler vulva, klitoris og anus\/dam p\u00e5 samme tid. Kan b\u00e6res up\u00e5faldende i trusser &#8211; ogs\u00e5 under vand, da den er vandt\u00e6t. 5 stille vibrationsmodi kan let styres med den tr\u00e5dl\u00f8se fjernbetjening &#8211; ogs\u00e5 fra partneren. Vibrationerne fordeles optimalt p\u00e5 klitoris-stimuleringsnopperne, den udtaler rillede vulvah\u00f8j og den [&hellip;]<\/p>\n","protected":false},"featured_media":10205,"template":"","meta":{"_acf_changed":false,"ocean_post_layout":"","ocean_both_sidebars_style":"","ocean_both_sidebars_content_width":0,"ocean_both_sidebars_sidebars_width":0,"ocean_sidebar":"0","ocean_second_sidebar":"0","ocean_disable_margins":"enable","ocean_add_body_class":"","ocean_shortcode_before_top_bar":"","ocean_shortcode_after_top_bar":"","ocean_shortcode_before_header":"","ocean_shortcode_after_header":"","ocean_has_shortcode":"","ocean_shortcode_after_title":"","ocean_shortcode_before_footer_widgets":"","ocean_shortcode_after_footer_widgets":"","ocean_shortcode_before_footer_bottom":"","ocean_shortcode_after_footer_bottom":"","ocean_display_top_bar":"default","ocean_display_header":"default","ocean_header_style":"","ocean_center_header_left_menu":"0","ocean_custom_header_template":"0","ocean_custom_logo":0,"ocean_custom_retina_logo":0,"ocean_custom_logo_max_width":0,"ocean_custom_logo_tablet_max_width":0,"ocean_custom_logo_mobile_max_width":0,"ocean_custom_logo_max_height":0,"ocean_custom_logo_tablet_max_height":0,"ocean_custom_logo_mobile_max_height":0,"ocean_header_custom_menu":"0","ocean_menu_typo_font_family":"0","ocean_menu_typo_font_subset":"","ocean_menu_typo_font_size":0,"ocean_menu_typo_font_size_tablet":0,"ocean_menu_typo_font_size_mobile":0,"ocean_menu_typo_font_size_unit":"px","ocean_menu_typo_font_weight":"","ocean_menu_typo_font_weight_tablet":"","ocean_menu_typo_font_weight_mobile":"","ocean_menu_typo_transform":"","ocean_menu_typo_transform_tablet":"","ocean_menu_typo_transform_mobile":"","ocean_menu_typo_line_height":0,"ocean_menu_typo_line_height_tablet":0,"ocean_menu_typo_line_height_mobile":0,"ocean_menu_typo_line_height_unit":"","ocean_menu_typo_spacing":0,"ocean_menu_typo_spacing_tablet":0,"ocean_menu_typo_spacing_mobile":0,"ocean_menu_typo_spacing_unit":"","ocean_menu_link_color":"","ocean_menu_link_color_hover":"","ocean_menu_link_color_active":"","ocean_menu_link_background":"","ocean_menu_link_hover_background":"","ocean_menu_link_active_background":"","ocean_menu_social_links_bg":"","ocean_menu_social_hover_links_bg":"","ocean_menu_social_links_color":"","ocean_menu_social_hover_links_color":"","ocean_disable_title":"default","ocean_disable_heading":"default","ocean_post_title":"","ocean_post_subheading":"","ocean_post_title_style":"","ocean_post_title_background_color":"","ocean_post_title_background":0,"ocean_post_title_bg_image_position":"","ocean_post_title_bg_image_attachment":"","ocean_post_title_bg_image_repeat":"","ocean_post_title_bg_image_size":"","ocean_post_title_height":0,"ocean_post_title_bg_overlay":0.5,"ocean_post_title_bg_overlay_color":"","ocean_disable_breadcrumbs":"default","ocean_breadcrumbs_color":"","ocean_breadcrumbs_separator_color":"","ocean_breadcrumbs_links_color":"","ocean_breadcrumbs_links_hover_color":"","ocean_display_footer_widgets":"default","ocean_display_footer_bottom":"default","ocean_custom_footer_template":"0","osh_disable_topbar_sticky":"default","osh_disable_header_sticky":"default","osh_sticky_header_style":"default","osh_sticky_header_effect":"","osh_custom_sticky_logo":0,"osh_custom_retina_sticky_logo":0,"osh_custom_sticky_logo_height":0,"osh_background_color":"","osh_links_color":"","osh_links_hover_color":"","osh_links_active_color":"","osh_links_bg_color":"","osh_links_hover_bg_color":"","osh_links_active_bg_color":"","osh_menu_social_links_color":"","osh_menu_social_hover_links_color":""},"product_brand":[],"product_cat":[256,400,262],"product_tag":[736,770,772,737,763,757,803,724],"class_list":{"0":"post-10203","1":"product","2":"type-product","3":"status-publish","4":"has-post-thumbnail","6":"product_cat-kvinder","7":"product_cat-klitoris-vibrator","8":"product_cat-vibratorer","9":"product_tag-dildo","10":"product_tag-klitoris","11":"product_tag-klitoris-vibrator","12":"product_tag-sexlegetoej","13":"product_tag-sikkersex","14":"product_tag-trusse","15":"product_tag-trusse-vibrator","16":"product_tag-vibrator","18":"entry","19":"has-media","21":"first","22":"instock","23":"taxable","24":"shipping-taxable","25":"purchasable","26":"product-type-simple","27":"has-product-nav","28":"col","29":"span_1_of_3","30":"owp-content-center","31":"owp-thumbs-layout-horizontal","32":"owp-btn-normal","33":"owp-tabs-layout-horizontal","35":"circle-sale"},"supplier_id":null,"supplier_sku":"","barcode":null,"atum_controlled":true,"out_stock_date":null,"out_stock_threshold":null,"inheritable":false,"inbound_stock":null,"stock_on_hold":0,"sold_today":0,"sales_last_days":0,"reserved_stock":null,"customer_returns":null,"warehouse_damage":null,"lost_in_post":null,"other_logs":null,"out_stock_days":0,"lost_sales":0,"has_location":null,"update_date":"2025-12-15T00:09:08","atum_locations":[],"atum_stock_status":"instock","restock_status":false,"low_stock_amount":"","sales_update_date":"2025-12-15T00:09:08","calc_backorders":null,"acf":[],"_links":{"self":[{"href":"https:\/\/kinkyshop.dk\/index.php?rest_route=\/wp\/v2\/product\/10203","targetHints":{"allow":["GET"]}}],"collection":[{"href":"https:\/\/kinkyshop.dk\/index.php?rest_route=\/wp\/v2\/product"}],"about":[{"href":"https:\/\/kinkyshop.dk\/index.php?rest_route=\/wp\/v2\/types\/product"}],"version-history":[{"count":0,"href":"https:\/\/kinkyshop.dk\/index.php?rest_route=\/wp\/v2\/product\/10203\/revisions"}],"wp:featuredmedia":[{"embeddable":true,"href":"https:\/\/kinkyshop.dk\/index.php?rest_route=\/wp\/v2\/media\/10205"}],"wp:attachment":[{"href":"https:\/\/kinkyshop.dk\/index.php?rest_route=%2Fwp%2Fv2%2Fmedia&parent=10203"}],"wp:term":[{"taxonomy":"product_brand","embeddable":true,"href":"https:\/\/kinkyshop.dk\/index.php?rest_route=%2Fwp%2Fv2%2Fproduct_brand&post=10203"},{"taxonomy":"product_cat","embeddable":true,"href":"https:\/\/kinkyshop.dk\/index.php?rest_route=%2Fwp%2Fv2%2Fproduct_cat&post=10203"},{"taxonomy":"product_tag","embeddable":true,"href":"https:\/\/kinkyshop.dk\/index.php?rest_route=%2Fwp%2Fv2%2Fproduct_tag&post=10203"}],"curies":[{"name":"wp","href":"https:\/\/api.w.org\/{rel}","templated":true}]}}