{"id":10294,"date":"2023-05-19T09:29:06","date_gmt":"2023-05-19T09:29:06","guid":{"rendered":"https:\/\/kinkyshop.dk\/?post_type=product&#038;p=10294"},"modified":"2023-06-01T00:00:07","modified_gmt":"2023-06-01T00:00:07","slug":"javida-shaking-love-ball-vibrator-aeg-og-baekkenbundskugle","status":"publish","type":"product","link":"https:\/\/kinkyshop.dk\/?product=javida-shaking-love-ball-vibrator-aeg-og-baekkenbundskugle","title":{"rendered":"Javida Shaking Love Ball Vibrator \u00c6g og B\u00e6kkenbundskugle"},"content":{"rendered":"<p>Genopladeligt vibro\u00e6g Shaking Love Ball (RC) af Javida med en rystende og pulserende indre magnet, der bev\u00e6ger sig op og ned i 8 forskellige hastighedsmodi. Med den tr\u00e5dl\u00f8se fjernbetjening kan funktionerne bekvemt styres med et tryk p\u00e5 en knap. Takket v\u00e6re 5 meter r\u00e6kkevidde, kan din partner overtage kontrollen for overraskende \u00f8jeblikke med gl\u00e6de og sp\u00e6ndende kontrolspil. Det tydeligt rillede vibro\u00e6g er lavet af bl\u00f8dt silikone materiale og sikrer en meget behagelig f\u00f8lelse p\u00e5 huden mens du b\u00e6rer og spiller. Derudover er vibro\u00e6gget vandt\u00e6t og kan ogs\u00e5 tages med i badekarret eller brusebadet. Genopladeligt &#8211; USB-opladerkabel inkluderet. Inkl. Batterier (CR2032) til fjernbetjeningen.<\/p>\n<p>Samlet l\u00e6ngde 18 cm. Vibrerende \u00e6g 9 cm langt, \u00d8 3,4 cm. V\u00e6gt 98 g. Silikone, PU, \u200b\u200bABS.<\/p>\n","protected":false},"excerpt":{"rendered":"<p>Genopladeligt vibro\u00e6g Shaking Love Ball (RC) af Javida med en rystende og pulserende indre magnet, der bev\u00e6ger sig op og ned i 8 forskellige hastighedsmodi. Med den tr\u00e5dl\u00f8se fjernbetjening kan funktionerne bekvemt styres med et tryk p\u00e5 en knap. Takket v\u00e6re 5 meter r\u00e6kkevidde, kan din partner overtage kontrollen for overraskende \u00f8jeblikke med gl\u00e6de og [&hellip;]<\/p>\n","protected":false},"featured_media":10295,"template":"","meta":{"_acf_changed":false,"ocean_post_layout":"","ocean_both_sidebars_style":"","ocean_both_sidebars_content_width":0,"ocean_both_sidebars_sidebars_width":0,"ocean_sidebar":"0","ocean_second_sidebar":"0","ocean_disable_margins":"enable","ocean_add_body_class":"","ocean_shortcode_before_top_bar":"","ocean_shortcode_after_top_bar":"","ocean_shortcode_before_header":"","ocean_shortcode_after_header":"","ocean_has_shortcode":"","ocean_shortcode_after_title":"","ocean_shortcode_before_footer_widgets":"","ocean_shortcode_after_footer_widgets":"","ocean_shortcode_before_footer_bottom":"","ocean_shortcode_after_footer_bottom":"","ocean_display_top_bar":"default","ocean_display_header":"default","ocean_header_style":"","ocean_center_header_left_menu":"0","ocean_custom_header_template":"0","ocean_custom_logo":0,"ocean_custom_retina_logo":0,"ocean_custom_logo_max_width":0,"ocean_custom_logo_tablet_max_width":0,"ocean_custom_logo_mobile_max_width":0,"ocean_custom_logo_max_height":0,"ocean_custom_logo_tablet_max_height":0,"ocean_custom_logo_mobile_max_height":0,"ocean_header_custom_menu":"0","ocean_menu_typo_font_family":"0","ocean_menu_typo_font_subset":"","ocean_menu_typo_font_size":0,"ocean_menu_typo_font_size_tablet":0,"ocean_menu_typo_font_size_mobile":0,"ocean_menu_typo_font_size_unit":"px","ocean_menu_typo_font_weight":"","ocean_menu_typo_font_weight_tablet":"","ocean_menu_typo_font_weight_mobile":"","ocean_menu_typo_transform":"","ocean_menu_typo_transform_tablet":"","ocean_menu_typo_transform_mobile":"","ocean_menu_typo_line_height":0,"ocean_menu_typo_line_height_tablet":0,"ocean_menu_typo_line_height_mobile":0,"ocean_menu_typo_line_height_unit":"","ocean_menu_typo_spacing":0,"ocean_menu_typo_spacing_tablet":0,"ocean_menu_typo_spacing_mobile":0,"ocean_menu_typo_spacing_unit":"","ocean_menu_link_color":"","ocean_menu_link_color_hover":"","ocean_menu_link_color_active":"","ocean_menu_link_background":"","ocean_menu_link_hover_background":"","ocean_menu_link_active_background":"","ocean_menu_social_links_bg":"","ocean_menu_social_hover_links_bg":"","ocean_menu_social_links_color":"","ocean_menu_social_hover_links_color":"","ocean_disable_title":"default","ocean_disable_heading":"default","ocean_post_title":"","ocean_post_subheading":"","ocean_post_title_style":"","ocean_post_title_background_color":"","ocean_post_title_background":0,"ocean_post_title_bg_image_position":"","ocean_post_title_bg_image_attachment":"","ocean_post_title_bg_image_repeat":"","ocean_post_title_bg_image_size":"","ocean_post_title_height":0,"ocean_post_title_bg_overlay":0.5,"ocean_post_title_bg_overlay_color":"","ocean_disable_breadcrumbs":"default","ocean_breadcrumbs_color":"","ocean_breadcrumbs_separator_color":"","ocean_breadcrumbs_links_color":"","ocean_breadcrumbs_links_hover_color":"","ocean_display_footer_widgets":"default","ocean_display_footer_bottom":"default","ocean_custom_footer_template":"0","osh_disable_topbar_sticky":"default","osh_disable_header_sticky":"default","osh_sticky_header_style":"default","osh_sticky_header_effect":"","osh_custom_sticky_logo":0,"osh_custom_retina_sticky_logo":0,"osh_custom_sticky_logo_height":0,"osh_background_color":"","osh_links_color":"","osh_links_hover_color":"","osh_links_active_color":"","osh_links_bg_color":"","osh_links_hover_bg_color":"","osh_links_active_bg_color":"","osh_menu_social_links_color":"","osh_menu_social_hover_links_color":""},"product_brand":[],"product_cat":[256,388,262],"product_tag":[778,818,817,819,797,780,737,816,724],"class_list":{"0":"post-10294","1":"product","2":"type-product","3":"status-publish","4":"has-post-thumbnail","6":"product_cat-kvinder","7":"product_cat-vibrator-aeg","8":"product_cat-vibratorer","9":"product_tag-aeg","10":"product_tag-baekkenbundskugle","11":"product_tag-javida-shaking-love-ball-vibrator-aeg-og-baekkenbundskugle","12":"product_tag-love-ball-vibrator-aeg","13":"product_tag-sexlege","14":"product_tag-sexlege-vibrator-aeg","15":"product_tag-sexlegetoej","16":"product_tag-sexy","17":"product_tag-vibrator","19":"entry","20":"has-media","22":"first","23":"instock","24":"taxable","25":"shipping-taxable","26":"purchasable","27":"product-type-simple","28":"has-product-nav","29":"col","30":"span_1_of_3","31":"owp-content-center","32":"owp-thumbs-layout-horizontal","33":"owp-btn-normal","34":"owp-tabs-layout-horizontal","36":"circle-sale"},"supplier_id":null,"supplier_sku":"","barcode":null,"atum_controlled":true,"out_stock_date":null,"out_stock_threshold":null,"inheritable":false,"inbound_stock":null,"stock_on_hold":0,"sold_today":0,"sales_last_days":0,"reserved_stock":null,"customer_returns":null,"warehouse_damage":null,"lost_in_post":null,"other_logs":null,"out_stock_days":0,"lost_sales":0,"has_location":null,"update_date":"2025-12-15T00:09:09","atum_locations":[],"atum_stock_status":"instock","restock_status":false,"low_stock_amount":"","sales_update_date":"2025-12-15T00:09:09","calc_backorders":null,"acf":[],"_links":{"self":[{"href":"https:\/\/kinkyshop.dk\/index.php?rest_route=\/wp\/v2\/product\/10294","targetHints":{"allow":["GET"]}}],"collection":[{"href":"https:\/\/kinkyshop.dk\/index.php?rest_route=\/wp\/v2\/product"}],"about":[{"href":"https:\/\/kinkyshop.dk\/index.php?rest_route=\/wp\/v2\/types\/product"}],"version-history":[{"count":0,"href":"https:\/\/kinkyshop.dk\/index.php?rest_route=\/wp\/v2\/product\/10294\/revisions"}],"wp:featuredmedia":[{"embeddable":true,"href":"https:\/\/kinkyshop.dk\/index.php?rest_route=\/wp\/v2\/media\/10295"}],"wp:attachment":[{"href":"https:\/\/kinkyshop.dk\/index.php?rest_route=%2Fwp%2Fv2%2Fmedia&parent=10294"}],"wp:term":[{"taxonomy":"product_brand","embeddable":true,"href":"https:\/\/kinkyshop.dk\/index.php?rest_route=%2Fwp%2Fv2%2Fproduct_brand&post=10294"},{"taxonomy":"product_cat","embeddable":true,"href":"https:\/\/kinkyshop.dk\/index.php?rest_route=%2Fwp%2Fv2%2Fproduct_cat&post=10294"},{"taxonomy":"product_tag","embeddable":true,"href":"https:\/\/kinkyshop.dk\/index.php?rest_route=%2Fwp%2Fv2%2Fproduct_tag&post=10294"}],"curies":[{"name":"wp","href":"https:\/\/api.w.org\/{rel}","templated":true}]}}