{"id":11796,"date":"2023-12-16T06:29:51","date_gmt":"2023-12-16T06:29:51","guid":{"rendered":"https:\/\/kinkyshop.dk\/?post_type=product&#038;p=11796"},"modified":"2024-01-01T01:03:06","modified_gmt":"2024-01-01T00:03:06","slug":"obsessive-black-bunny-kostume","status":"publish","type":"product","link":"https:\/\/kinkyshop.dk\/?product=obsessive-black-bunny-kostume","title":{"rendered":"Obsessive Black Bunny Kostume"},"content":{"rendered":"<p>Kanin-kostumes\u00e6t fra Obsessive i sort. Best\u00e5r af en krop, hovedmaske i vinyl med \u00f8rer, krave og et par seler med klips og netstr\u00f8mper.<br \/>\nElastisk, bl\u00f8d krop i stropl\u00f8s r\u00f8rstil.<br \/>\nHalv hovedmaske med \u00f8jen\u00e5bninger, bindes bagp\u00e5.<br \/>\nSatin krave til at binde.<br \/>\nDe aftagelige klip-klappere er afsluttet med l\u00e5rb\u00e5nd og sl\u00f8jfer.<\/p>\n<p>Krop 85% polyamid, 15% elastan; maske 100% PVC; krave 100% polyester, seler 40% metal, 35% polyester, 25% gummi.<br \/>\nOBS &#8211; Obsessive har et separat st\u00f8rrelsesskema!<\/p>\n","protected":false},"excerpt":{"rendered":"<p>Kanin-kostumes\u00e6t fra Obsessive i sort. Best\u00e5r af en krop, hovedmaske i vinyl med \u00f8rer, krave og et par seler med klips og netstr\u00f8mper. Elastisk, bl\u00f8d krop i stropl\u00f8s r\u00f8rstil. Halv hovedmaske med \u00f8jen\u00e5bninger, bindes bagp\u00e5. Satin krave til at binde. De aftagelige klip-klappere er afsluttet med l\u00e5rb\u00e5nd og sl\u00f8jfer. Krop 85% polyamid, 15% elastan; maske [&hellip;]<\/p>\n","protected":false},"featured_media":11798,"template":"","meta":{"_acf_changed":false,"ocean_post_layout":"","ocean_both_sidebars_style":"","ocean_both_sidebars_content_width":0,"ocean_both_sidebars_sidebars_width":0,"ocean_sidebar":"0","ocean_second_sidebar":"0","ocean_disable_margins":"enable","ocean_add_body_class":"","ocean_shortcode_before_top_bar":"","ocean_shortcode_after_top_bar":"","ocean_shortcode_before_header":"","ocean_shortcode_after_header":"","ocean_has_shortcode":"","ocean_shortcode_after_title":"","ocean_shortcode_before_footer_widgets":"","ocean_shortcode_after_footer_widgets":"","ocean_shortcode_before_footer_bottom":"","ocean_shortcode_after_footer_bottom":"","ocean_display_top_bar":"default","ocean_display_header":"default","ocean_header_style":"","ocean_center_header_left_menu":"0","ocean_custom_header_template":"0","ocean_custom_logo":0,"ocean_custom_retina_logo":0,"ocean_custom_logo_max_width":0,"ocean_custom_logo_tablet_max_width":0,"ocean_custom_logo_mobile_max_width":0,"ocean_custom_logo_max_height":0,"ocean_custom_logo_tablet_max_height":0,"ocean_custom_logo_mobile_max_height":0,"ocean_header_custom_menu":"0","ocean_menu_typo_font_family":"0","ocean_menu_typo_font_subset":"","ocean_menu_typo_font_size":0,"ocean_menu_typo_font_size_tablet":0,"ocean_menu_typo_font_size_mobile":0,"ocean_menu_typo_font_size_unit":"px","ocean_menu_typo_font_weight":"","ocean_menu_typo_font_weight_tablet":"","ocean_menu_typo_font_weight_mobile":"","ocean_menu_typo_transform":"","ocean_menu_typo_transform_tablet":"","ocean_menu_typo_transform_mobile":"","ocean_menu_typo_line_height":0,"ocean_menu_typo_line_height_tablet":0,"ocean_menu_typo_line_height_mobile":0,"ocean_menu_typo_line_height_unit":"","ocean_menu_typo_spacing":0,"ocean_menu_typo_spacing_tablet":0,"ocean_menu_typo_spacing_mobile":0,"ocean_menu_typo_spacing_unit":"","ocean_menu_link_color":"","ocean_menu_link_color_hover":"","ocean_menu_link_color_active":"","ocean_menu_link_background":"","ocean_menu_link_hover_background":"","ocean_menu_link_active_background":"","ocean_menu_social_links_bg":"","ocean_menu_social_hover_links_bg":"","ocean_menu_social_links_color":"","ocean_menu_social_hover_links_color":"","ocean_disable_title":"default","ocean_disable_heading":"default","ocean_post_title":"","ocean_post_subheading":"","ocean_post_title_style":"","ocean_post_title_background_color":"","ocean_post_title_background":0,"ocean_post_title_bg_image_position":"","ocean_post_title_bg_image_attachment":"","ocean_post_title_bg_image_repeat":"","ocean_post_title_bg_image_size":"","ocean_post_title_height":0,"ocean_post_title_bg_overlay":0.5,"ocean_post_title_bg_overlay_color":"","ocean_disable_breadcrumbs":"default","ocean_breadcrumbs_color":"","ocean_breadcrumbs_separator_color":"","ocean_breadcrumbs_links_color":"","ocean_breadcrumbs_links_hover_color":"","ocean_display_footer_widgets":"default","ocean_display_footer_bottom":"default","ocean_custom_footer_template":"0","osh_disable_topbar_sticky":"default","osh_disable_header_sticky":"default","osh_sticky_header_style":"default","osh_sticky_header_effect":"","osh_custom_sticky_logo":0,"osh_custom_retina_sticky_logo":0,"osh_custom_sticky_logo_height":0,"osh_background_color":"","osh_links_color":"","osh_links_hover_color":"","osh_links_active_color":"","osh_links_bg_color":"","osh_links_hover_bg_color":"","osh_links_active_bg_color":"","osh_menu_social_links_color":"","osh_menu_social_hover_links_color":""},"product_brand":[],"product_cat":[271,270,256],"product_tag":[748,1016,766,865,1015,1017,1014,939,816,920,926],"class_list":{"0":"post-11796","1":"product","2":"type-product","3":"status-publish","4":"has-post-thumbnail","6":"product_cat-fraekke-kostumer-til-hende","7":"product_cat-fraekke-kostumer","8":"product_cat-kvinder","9":"product_tag-anal","10":"product_tag-bunny-kostume","11":"product_tag-fraek-kostume","12":"product_tag-fraekke-kostume","13":"product_tag-fraekke-kvinder","14":"product_tag-kostume","15":"product_tag-obsessive-black-bunny-kostume","16":"product_tag-sexlege-piger","17":"product_tag-sexy","18":"product_tag-sexy-kvinde","19":"product_tag-sexy-undertjoej","20":"pa_vaelg-l-xl","21":"pa_vaelg-s-m","23":"entry","24":"has-media","26":"first","27":"instock","28":"taxable","29":"shipping-taxable","30":"purchasable","31":"product-type-variable","32":"has-product-nav","33":"col","34":"span_1_of_3","35":"owp-content-center","36":"owp-thumbs-layout-horizontal","37":"owp-btn-normal","38":"owp-tabs-layout-horizontal","40":"circle-sale"},"supplier_id":null,"supplier_sku":"","barcode":null,"atum_controlled":true,"out_stock_date":null,"out_stock_threshold":null,"inheritable":false,"inbound_stock":null,"stock_on_hold":0,"sold_today":0,"sales_last_days":0,"reserved_stock":null,"customer_returns":null,"warehouse_damage":null,"lost_in_post":null,"other_logs":null,"out_stock_days":0,"lost_sales":0,"has_location":null,"update_date":"2025-12-15T00:09:11","atum_locations":[],"atum_stock_status":"instock","restock_status":false,"low_stock_amount":"","sales_update_date":"2025-12-15T00:09:11","calc_backorders":0,"acf":[],"_links":{"self":[{"href":"https:\/\/kinkyshop.dk\/index.php?rest_route=\/wp\/v2\/product\/11796","targetHints":{"allow":["GET"]}}],"collection":[{"href":"https:\/\/kinkyshop.dk\/index.php?rest_route=\/wp\/v2\/product"}],"about":[{"href":"https:\/\/kinkyshop.dk\/index.php?rest_route=\/wp\/v2\/types\/product"}],"version-history":[{"count":1,"href":"https:\/\/kinkyshop.dk\/index.php?rest_route=\/wp\/v2\/product\/11796\/revisions"}],"predecessor-version":[{"id":11801,"href":"https:\/\/kinkyshop.dk\/index.php?rest_route=\/wp\/v2\/product\/11796\/revisions\/11801"}],"wp:featuredmedia":[{"embeddable":true,"href":"https:\/\/kinkyshop.dk\/index.php?rest_route=\/wp\/v2\/media\/11798"}],"wp:attachment":[{"href":"https:\/\/kinkyshop.dk\/index.php?rest_route=%2Fwp%2Fv2%2Fmedia&parent=11796"}],"wp:term":[{"taxonomy":"product_brand","embeddable":true,"href":"https:\/\/kinkyshop.dk\/index.php?rest_route=%2Fwp%2Fv2%2Fproduct_brand&post=11796"},{"taxonomy":"product_cat","embeddable":true,"href":"https:\/\/kinkyshop.dk\/index.php?rest_route=%2Fwp%2Fv2%2Fproduct_cat&post=11796"},{"taxonomy":"product_tag","embeddable":true,"href":"https:\/\/kinkyshop.dk\/index.php?rest_route=%2Fwp%2Fv2%2Fproduct_tag&post=11796"}],"curies":[{"name":"wp","href":"https:\/\/api.w.org\/{rel}","templated":true}]}}