{"id":11841,"date":"2023-12-16T07:28:59","date_gmt":"2023-12-16T07:28:59","guid":{"rendered":"https:\/\/kinkyshop.dk\/?post_type=product&#038;p=11841"},"modified":"2024-02-02T00:03:20","modified_gmt":"2024-02-01T23:03:20","slug":"stroploes-strap-on-vibrator-2-med-fjernbetjening","status":"publish","type":"product","link":"https:\/\/kinkyshop.dk\/?product=stroploes-strap-on-vibrator-2-med-fjernbetjening","title":{"rendered":"Stropl\u00f8s Strap-On Vibrator 2 med Fjernbetjening"},"content":{"rendered":"<p>Strapless strap-on med fleksibel dobbeltvibrator. Den tydeligt b\u00f8lgede vibrator inds\u00e6ttes i vagina og holdes af de vaginale muskler.<br \/>\nP\u00e5 denne m\u00e5de kan partneren nu fork\u00e6les med den l\u00e6ngere, stimulusstrukturerede vibrator.<br \/>\n9 forskellige vibrationsmodi kan bekvemt styres ved et tryk p\u00e5 en knap med den tr\u00e5dl\u00f8se fjernbetjening (5 meter r\u00e6kkevidde).<br \/>\nDobbeltvibratoren er d\u00e6kket med en Soft Touch struktur og giver en meget behagelig hudf\u00f8lelse n\u00e5r den b\u00e6res.<br \/>\nGenopladelig &#8211; inklusive USB-ladekabel og batteri (CR2032) til fjernbetjeningen.<\/p>\n<p>Samlet l\u00e6ngde 22 cm.<br \/>\nKort vibrator: inds\u00e6ttelsesl\u00e6ngde 7,5 cm, \u00d8 maks. 3,9 cm.<br \/>\nLang vibrator: inds\u00e6ttelsesl\u00e6ngde 12,5 cm, \u00d8 maks. 3,4 cm.<br \/>\nV\u00e6gt 230 g.<br \/>\nSilikone, PU, \u200b\u200bABS.<\/p>\n","protected":false},"excerpt":{"rendered":"<p>Strapless strap-on med fleksibel dobbeltvibrator. Den tydeligt b\u00f8lgede vibrator inds\u00e6ttes i vagina og holdes af de vaginale muskler. P\u00e5 denne m\u00e5de kan partneren nu fork\u00e6les med den l\u00e6ngere, stimulusstrukturerede vibrator. 9 forskellige vibrationsmodi kan bekvemt styres ved et tryk p\u00e5 en knap med den tr\u00e5dl\u00f8se fjernbetjening (5 meter r\u00e6kkevidde). Dobbeltvibratoren er d\u00e6kket med en Soft [&hellip;]<\/p>\n","protected":false},"featured_media":11849,"template":"","meta":{"_acf_changed":false,"ocean_post_layout":"","ocean_both_sidebars_style":"","ocean_both_sidebars_content_width":0,"ocean_both_sidebars_sidebars_width":0,"ocean_sidebar":"0","ocean_second_sidebar":"0","ocean_disable_margins":"enable","ocean_add_body_class":"","ocean_shortcode_before_top_bar":"","ocean_shortcode_after_top_bar":"","ocean_shortcode_before_header":"","ocean_shortcode_after_header":"","ocean_has_shortcode":"","ocean_shortcode_after_title":"","ocean_shortcode_before_footer_widgets":"","ocean_shortcode_after_footer_widgets":"","ocean_shortcode_before_footer_bottom":"","ocean_shortcode_after_footer_bottom":"","ocean_display_top_bar":"default","ocean_display_header":"default","ocean_header_style":"","ocean_center_header_left_menu":"0","ocean_custom_header_template":"0","ocean_custom_logo":0,"ocean_custom_retina_logo":0,"ocean_custom_logo_max_width":0,"ocean_custom_logo_tablet_max_width":0,"ocean_custom_logo_mobile_max_width":0,"ocean_custom_logo_max_height":0,"ocean_custom_logo_tablet_max_height":0,"ocean_custom_logo_mobile_max_height":0,"ocean_header_custom_menu":"0","ocean_menu_typo_font_family":"0","ocean_menu_typo_font_subset":"","ocean_menu_typo_font_size":0,"ocean_menu_typo_font_size_tablet":0,"ocean_menu_typo_font_size_mobile":0,"ocean_menu_typo_font_size_unit":"px","ocean_menu_typo_font_weight":"","ocean_menu_typo_font_weight_tablet":"","ocean_menu_typo_font_weight_mobile":"","ocean_menu_typo_transform":"","ocean_menu_typo_transform_tablet":"","ocean_menu_typo_transform_mobile":"","ocean_menu_typo_line_height":0,"ocean_menu_typo_line_height_tablet":0,"ocean_menu_typo_line_height_mobile":0,"ocean_menu_typo_line_height_unit":"","ocean_menu_typo_spacing":0,"ocean_menu_typo_spacing_tablet":0,"ocean_menu_typo_spacing_mobile":0,"ocean_menu_typo_spacing_unit":"","ocean_menu_link_color":"","ocean_menu_link_color_hover":"","ocean_menu_link_color_active":"","ocean_menu_link_background":"","ocean_menu_link_hover_background":"","ocean_menu_link_active_background":"","ocean_menu_social_links_bg":"","ocean_menu_social_hover_links_bg":"","ocean_menu_social_links_color":"","ocean_menu_social_hover_links_color":"","ocean_disable_title":"default","ocean_disable_heading":"default","ocean_post_title":"","ocean_post_subheading":"","ocean_post_title_style":"","ocean_post_title_background_color":"","ocean_post_title_background":0,"ocean_post_title_bg_image_position":"","ocean_post_title_bg_image_attachment":"","ocean_post_title_bg_image_repeat":"","ocean_post_title_bg_image_size":"","ocean_post_title_height":0,"ocean_post_title_bg_overlay":0.5,"ocean_post_title_bg_overlay_color":"","ocean_disable_breadcrumbs":"default","ocean_breadcrumbs_color":"","ocean_breadcrumbs_separator_color":"","ocean_breadcrumbs_links_color":"","ocean_breadcrumbs_links_hover_color":"","ocean_display_footer_widgets":"default","ocean_display_footer_bottom":"default","ocean_custom_footer_template":"0","osh_disable_topbar_sticky":"default","osh_disable_header_sticky":"default","osh_sticky_header_style":"default","osh_sticky_header_effect":"","osh_custom_sticky_logo":0,"osh_custom_retina_sticky_logo":0,"osh_custom_sticky_logo_height":0,"osh_background_color":"","osh_links_color":"","osh_links_hover_color":"","osh_links_active_color":"","osh_links_bg_color":"","osh_links_hover_bg_color":"","osh_links_active_bg_color":"","osh_menu_social_links_color":"","osh_menu_social_hover_links_color":""},"product_brand":[],"product_cat":[452,256,262],"product_tag":[761,960,736,937,999,1032,1033,771,785,797,939,737,816,920,1028,1030,1031,1029,725],"class_list":{"0":"post-11841","1":"product","2":"type-product","3":"status-publish","4":"has-post-thumbnail","6":"product_cat-strap-on-vibrator","7":"product_cat-kvinder","8":"product_cat-vibratorer","9":"product_tag-analsex","10":"product_tag-butte-kvinder","11":"product_tag-dildo","12":"product_tag-dildo-vibrator","13":"product_tag-diverse-sexlegetoej","14":"product_tag-dobbeltvibratoren","15":"product_tag-genopladelig","16":"product_tag-kvinder","17":"product_tag-sex","18":"product_tag-sexlege","19":"product_tag-sexlege-piger","20":"product_tag-sexlegetoej","21":"product_tag-sexy","22":"product_tag-sexy-kvinde","23":"product_tag-stroploes-strap-on-vibrator-2-med-fjernbetjening","24":"product_tag-vaad-fisse","25":"product_tag-vaad-vigina","26":"product_tag-vagina-kusse","27":"product_tag-vaginale-og-anale","29":"entry","30":"has-media","32":"first","33":"instock","34":"taxable","35":"shipping-taxable","36":"purchasable","37":"product-type-simple","38":"has-product-nav","39":"col","40":"span_1_of_3","41":"owp-content-center","42":"owp-thumbs-layout-horizontal","43":"owp-btn-normal","44":"owp-tabs-layout-horizontal","46":"circle-sale"},"supplier_id":null,"supplier_sku":"","barcode":null,"atum_controlled":true,"out_stock_date":null,"out_stock_threshold":null,"inheritable":false,"inbound_stock":null,"stock_on_hold":0,"sold_today":0,"sales_last_days":0,"reserved_stock":null,"customer_returns":null,"warehouse_damage":null,"lost_in_post":null,"other_logs":null,"out_stock_days":0,"lost_sales":0,"has_location":null,"update_date":"2025-12-15T00:09:11","atum_locations":[],"atum_stock_status":"instock","restock_status":false,"low_stock_amount":"","sales_update_date":"2025-12-15T00:09:11","calc_backorders":0,"acf":[],"_links":{"self":[{"href":"https:\/\/kinkyshop.dk\/index.php?rest_route=\/wp\/v2\/product\/11841","targetHints":{"allow":["GET"]}}],"collection":[{"href":"https:\/\/kinkyshop.dk\/index.php?rest_route=\/wp\/v2\/product"}],"about":[{"href":"https:\/\/kinkyshop.dk\/index.php?rest_route=\/wp\/v2\/types\/product"}],"version-history":[{"count":1,"href":"https:\/\/kinkyshop.dk\/index.php?rest_route=\/wp\/v2\/product\/11841\/revisions"}],"predecessor-version":[{"id":11850,"href":"https:\/\/kinkyshop.dk\/index.php?rest_route=\/wp\/v2\/product\/11841\/revisions\/11850"}],"wp:featuredmedia":[{"embeddable":true,"href":"https:\/\/kinkyshop.dk\/index.php?rest_route=\/wp\/v2\/media\/11849"}],"wp:attachment":[{"href":"https:\/\/kinkyshop.dk\/index.php?rest_route=%2Fwp%2Fv2%2Fmedia&parent=11841"}],"wp:term":[{"taxonomy":"product_brand","embeddable":true,"href":"https:\/\/kinkyshop.dk\/index.php?rest_route=%2Fwp%2Fv2%2Fproduct_brand&post=11841"},{"taxonomy":"product_cat","embeddable":true,"href":"https:\/\/kinkyshop.dk\/index.php?rest_route=%2Fwp%2Fv2%2Fproduct_cat&post=11841"},{"taxonomy":"product_tag","embeddable":true,"href":"https:\/\/kinkyshop.dk\/index.php?rest_route=%2Fwp%2Fv2%2Fproduct_tag&post=11841"}],"curies":[{"name":"wp","href":"https:\/\/api.w.org\/{rel}","templated":true}]}}