{"id":11851,"date":"2023-12-16T07:35:56","date_gmt":"2023-12-16T07:35:56","guid":{"rendered":"https:\/\/kinkyshop.dk\/?post_type=product&#038;p=11851"},"modified":"2023-12-16T07:35:57","modified_gmt":"2023-12-16T07:35:57","slug":"svakom-sam-neo-masturbator","status":"publish","type":"product","link":"https:\/\/kinkyshop.dk\/?product=svakom-sam-neo-masturbator","title":{"rendered":"Svakom Sam Neo Masturbator"},"content":{"rendered":"<p>Hvordan bruger jeg Sam Neo?<br \/>\nS\u00e6t noget vandbaseret glidecreme p\u00e5 din penis og i hylsteret. Inds\u00e6t din penis, og start vibrations- og sugemodi ved at trykke p\u00e5 en knap direkte p\u00e5 masturbatoren. Du kan ogs\u00e5 downloade FeelConnect 3-appen p\u00e5 din smartphone og styre funktionerne direkte fra din mobiltelefon.<\/p>\n<p>Hvad er specielt ved Sam Neo?<br \/>\nSam Neo giver dig f\u00f8lelser ligesom den bedste blowjob! Det silkeagtige bl\u00f8de hylster, der har en sp\u00e6ndende struktur p\u00e5 indersiden, omslutter din penis t\u00e6t og fugtig som en dyb mund. Lad dig fork\u00e6le af vibrations- og sugemodi i 5 forskellige modi, som kan styres variabelt via knappen p\u00e5 masturbatoren eller via smartphone-appen. Du kan ogs\u00e5 overlade vibrations- og sugekontrol til din k\u00e6reste &#8211; takket v\u00e6re Long Distance Control fungerer den n\u00e5r som helst og hvor som helst i verden. Med FeelConnect 3-appen kan du endda oprette forbindelse til interaktive 2D-videoer, s\u00e5 masturbatoren fork\u00e6ler dig med at matche indholdet i videoen. Eller du kan nyde perfekt kamera-sjov med din k\u00e6reste med webcam-funktionen.<\/p>\n<p>Hvordan reng\u00f8r jeg Sam Neo?<br \/>\nDu kan bare skrue masturbatoren af \u200b\u200b(twist &amp; lock) og fjerne hylsteret. Reng\u00f8r alt med varmt vand og mild s\u00e6be. Hvis du foretr\u00e6kker en s\u00e6rlig reng\u00f8ring, anbefaler vi en leget\u00f8jsrenser.<\/p>\n<p>Hvad skal jeg overveje med Sam Neo?<br \/>\nSam Neo b\u00f8r kun bruges sammen med vandbaserede glidecremer. Produkter der indeholder silikone, kan beskadige materialet!<\/p>\n<p>Total l\u00e6ngde 23,5 cm, inds\u00e6tningsdybde 15,5 cm, ydre \u00d8 8,2 cm, indre \u00d8 2 cm (fleksibel). V\u00e6gt 698 g. ABS, TPE.<\/p>\n","protected":false},"excerpt":{"rendered":"<p>Hvordan bruger jeg Sam Neo? S\u00e6t noget vandbaseret glidecreme p\u00e5 din penis og i hylsteret. Inds\u00e6t din penis, og start vibrations- og sugemodi ved at trykke p\u00e5 en knap direkte p\u00e5 masturbatoren. Du kan ogs\u00e5 downloade FeelConnect 3-appen p\u00e5 din smartphone og styre funktionerne direkte fra din mobiltelefon. Hvad er specielt ved Sam Neo? Sam [&hellip;]<\/p>\n","protected":false},"featured_media":11859,"template":"","meta":{"_acf_changed":false,"ocean_post_layout":"","ocean_both_sidebars_style":"","ocean_both_sidebars_content_width":0,"ocean_both_sidebars_sidebars_width":0,"ocean_sidebar":"0","ocean_second_sidebar":"0","ocean_disable_margins":"enable","ocean_add_body_class":"","ocean_shortcode_before_top_bar":"","ocean_shortcode_after_top_bar":"","ocean_shortcode_before_header":"","ocean_shortcode_after_header":"","ocean_has_shortcode":"","ocean_shortcode_after_title":"","ocean_shortcode_before_footer_widgets":"","ocean_shortcode_after_footer_widgets":"","ocean_shortcode_before_footer_bottom":"","ocean_shortcode_after_footer_bottom":"","ocean_display_top_bar":"default","ocean_display_header":"default","ocean_header_style":"","ocean_center_header_left_menu":"0","ocean_custom_header_template":"0","ocean_custom_logo":0,"ocean_custom_retina_logo":0,"ocean_custom_logo_max_width":0,"ocean_custom_logo_tablet_max_width":0,"ocean_custom_logo_mobile_max_width":0,"ocean_custom_logo_max_height":0,"ocean_custom_logo_tablet_max_height":0,"ocean_custom_logo_mobile_max_height":0,"ocean_header_custom_menu":"0","ocean_menu_typo_font_family":"0","ocean_menu_typo_font_subset":"","ocean_menu_typo_font_size":0,"ocean_menu_typo_font_size_tablet":0,"ocean_menu_typo_font_size_mobile":0,"ocean_menu_typo_font_size_unit":"px","ocean_menu_typo_font_weight":"","ocean_menu_typo_font_weight_tablet":"","ocean_menu_typo_font_weight_mobile":"","ocean_menu_typo_transform":"","ocean_menu_typo_transform_tablet":"","ocean_menu_typo_transform_mobile":"","ocean_menu_typo_line_height":0,"ocean_menu_typo_line_height_tablet":0,"ocean_menu_typo_line_height_mobile":0,"ocean_menu_typo_line_height_unit":"","ocean_menu_typo_spacing":0,"ocean_menu_typo_spacing_tablet":0,"ocean_menu_typo_spacing_mobile":0,"ocean_menu_typo_spacing_unit":"","ocean_menu_link_color":"","ocean_menu_link_color_hover":"","ocean_menu_link_color_active":"","ocean_menu_link_background":"","ocean_menu_link_hover_background":"","ocean_menu_link_active_background":"","ocean_menu_social_links_bg":"","ocean_menu_social_hover_links_bg":"","ocean_menu_social_links_color":"","ocean_menu_social_hover_links_color":"","ocean_disable_title":"default","ocean_disable_heading":"default","ocean_post_title":"","ocean_post_subheading":"","ocean_post_title_style":"","ocean_post_title_background_color":"","ocean_post_title_background":0,"ocean_post_title_bg_image_position":"","ocean_post_title_bg_image_attachment":"","ocean_post_title_bg_image_repeat":"","ocean_post_title_bg_image_size":"","ocean_post_title_height":0,"ocean_post_title_bg_overlay":0.5,"ocean_post_title_bg_overlay_color":"","ocean_disable_breadcrumbs":"default","ocean_breadcrumbs_color":"","ocean_breadcrumbs_separator_color":"","ocean_breadcrumbs_links_color":"","ocean_breadcrumbs_links_hover_color":"","ocean_display_footer_widgets":"default","ocean_display_footer_bottom":"default","ocean_custom_footer_template":"0","osh_disable_topbar_sticky":"default","osh_disable_header_sticky":"default","osh_sticky_header_style":"default","osh_sticky_header_effect":"","osh_custom_sticky_logo":0,"osh_custom_retina_sticky_logo":0,"osh_custom_sticky_logo_height":0,"osh_background_color":"","osh_links_color":"","osh_links_hover_color":"","osh_links_active_color":"","osh_links_bg_color":"","osh_links_hover_bg_color":"","osh_links_active_bg_color":"","osh_menu_social_links_color":"","osh_menu_social_hover_links_color":""},"product_brand":[],"product_cat":[36,21,35],"product_tag":[1036,1026,953,972,797,1035,1034,1037],"class_list":{"0":"post-11851","1":"product","2":"type-product","3":"status-publish","4":"has-post-thumbnail","6":"product_cat-masturbator","7":"product_cat-maend","8":"product_cat-onani-produkter","9":"product_tag-blowjob","10":"product_tag-gokke-pik","11":"product_tag-maend","12":"product_tag-masturbator","13":"product_tag-sexlege","14":"product_tag-spil-pik","15":"product_tag-svakom-sam-neo-masturbator","16":"product_tag-vandbaserede-glidecremer","18":"entry","19":"has-media","21":"first","22":"instock","23":"taxable","24":"shipping-taxable","25":"purchasable","26":"product-type-simple","27":"has-product-nav","28":"col","29":"span_1_of_3","30":"owp-content-center","31":"owp-thumbs-layout-horizontal","32":"owp-btn-normal","33":"owp-tabs-layout-horizontal","35":"circle-sale"},"supplier_id":null,"supplier_sku":"","barcode":null,"atum_controlled":true,"out_stock_date":null,"out_stock_threshold":null,"inheritable":false,"inbound_stock":null,"stock_on_hold":0,"sold_today":0,"sales_last_days":0,"reserved_stock":null,"customer_returns":null,"warehouse_damage":null,"lost_in_post":null,"other_logs":null,"out_stock_days":0,"lost_sales":0,"has_location":null,"update_date":"2025-12-15T00:09:11","atum_locations":[],"atum_stock_status":"instock","restock_status":false,"low_stock_amount":"","sales_update_date":"2025-12-15T00:09:11","calc_backorders":0,"acf":[],"_links":{"self":[{"href":"https:\/\/kinkyshop.dk\/index.php?rest_route=\/wp\/v2\/product\/11851","targetHints":{"allow":["GET"]}}],"collection":[{"href":"https:\/\/kinkyshop.dk\/index.php?rest_route=\/wp\/v2\/product"}],"about":[{"href":"https:\/\/kinkyshop.dk\/index.php?rest_route=\/wp\/v2\/types\/product"}],"version-history":[{"count":1,"href":"https:\/\/kinkyshop.dk\/index.php?rest_route=\/wp\/v2\/product\/11851\/revisions"}],"predecessor-version":[{"id":11860,"href":"https:\/\/kinkyshop.dk\/index.php?rest_route=\/wp\/v2\/product\/11851\/revisions\/11860"}],"wp:featuredmedia":[{"embeddable":true,"href":"https:\/\/kinkyshop.dk\/index.php?rest_route=\/wp\/v2\/media\/11859"}],"wp:attachment":[{"href":"https:\/\/kinkyshop.dk\/index.php?rest_route=%2Fwp%2Fv2%2Fmedia&parent=11851"}],"wp:term":[{"taxonomy":"product_brand","embeddable":true,"href":"https:\/\/kinkyshop.dk\/index.php?rest_route=%2Fwp%2Fv2%2Fproduct_brand&post=11851"},{"taxonomy":"product_cat","embeddable":true,"href":"https:\/\/kinkyshop.dk\/index.php?rest_route=%2Fwp%2Fv2%2Fproduct_cat&post=11851"},{"taxonomy":"product_tag","embeddable":true,"href":"https:\/\/kinkyshop.dk\/index.php?rest_route=%2Fwp%2Fv2%2Fproduct_tag&post=11851"}],"curies":[{"name":"wp","href":"https:\/\/api.w.org\/{rel}","templated":true}]}}