{"id":11907,"date":"2023-12-16T08:45:19","date_gmt":"2023-12-16T08:45:19","guid":{"rendered":"https:\/\/kinkyshop.dk\/?post_type=product&#038;p=11907"},"modified":"2024-01-17T00:04:58","modified_gmt":"2024-01-16T23:04:58","slug":"svakom-alex-neo-2-masturbator-med-app-styring","status":"publish","type":"product","link":"https:\/\/kinkyshop.dk\/?product=svakom-alex-neo-2-masturbator-med-app-styring","title":{"rendered":"Svakom Alex Neo 2 Masturbator med App Styring"},"content":{"rendered":"<p>Fuldautomatisk masturbator Alex Neo 2 fra SVAKOM med aftagelig stimuleringsstruktureret sleeve til intensiv penismassage. Nu er den endnu mindre, mere kompakt og lettere, s\u00e5 du kan f\u00e5 et meget behageligt h\u00e5ndjob. Den kraftige motor og batteriet er blevet opgraderet for at give endnu mere p\u00e5lidelig kontinuerlig effekt.<\/p>\n<p>Den sofistikerede push-funktion med 7 intensiteter kan styres direkte p\u00e5 leget\u00f8jet med et tryk p\u00e5 en knap (One Button Control) eller via smartphone med FeelConnect 3-appen. Ren forn\u00f8jelse med langdistancestyring (n\u00e5r som helst fra et hvilket som helst sted i verden), tilslutning til interaktive 2D-videoer og interaktiv webcam-funktion.<\/p>\n<p>Genopladeligt &#8211; USB-opladerkabel medf\u00f8lger.<\/p>\n<p>8,6 cm x 30 cm; indf\u00f8ringsdybde 12,5 cm; hylster \u00d8 3,5 cm.<br \/>\nV\u00e6gt 950 g.<br \/>\nABS, TPE.<\/p>\n","protected":false},"excerpt":{"rendered":"<p>Fuldautomatisk masturbator Alex Neo 2 fra SVAKOM med aftagelig stimuleringsstruktureret sleeve til intensiv penismassage. Nu er den endnu mindre, mere kompakt og lettere, s\u00e5 du kan f\u00e5 et meget behageligt h\u00e5ndjob. Den kraftige motor og batteriet er blevet opgraderet for at give endnu mere p\u00e5lidelig kontinuerlig effekt. Den sofistikerede push-funktion med 7 intensiteter kan styres [&hellip;]<\/p>\n","protected":false},"featured_media":11912,"template":"","meta":{"_acf_changed":false,"ocean_post_layout":"","ocean_both_sidebars_style":"","ocean_both_sidebars_content_width":0,"ocean_both_sidebars_sidebars_width":0,"ocean_sidebar":"0","ocean_second_sidebar":"0","ocean_disable_margins":"enable","ocean_add_body_class":"","ocean_shortcode_before_top_bar":"","ocean_shortcode_after_top_bar":"","ocean_shortcode_before_header":"","ocean_shortcode_after_header":"","ocean_has_shortcode":"","ocean_shortcode_after_title":"","ocean_shortcode_before_footer_widgets":"","ocean_shortcode_after_footer_widgets":"","ocean_shortcode_before_footer_bottom":"","ocean_shortcode_after_footer_bottom":"","ocean_display_top_bar":"default","ocean_display_header":"default","ocean_header_style":"","ocean_center_header_left_menu":"0","ocean_custom_header_template":"0","ocean_custom_logo":0,"ocean_custom_retina_logo":0,"ocean_custom_logo_max_width":0,"ocean_custom_logo_tablet_max_width":0,"ocean_custom_logo_mobile_max_width":0,"ocean_custom_logo_max_height":0,"ocean_custom_logo_tablet_max_height":0,"ocean_custom_logo_mobile_max_height":0,"ocean_header_custom_menu":"0","ocean_menu_typo_font_family":"0","ocean_menu_typo_font_subset":"","ocean_menu_typo_font_size":0,"ocean_menu_typo_font_size_tablet":0,"ocean_menu_typo_font_size_mobile":0,"ocean_menu_typo_font_size_unit":"px","ocean_menu_typo_font_weight":"","ocean_menu_typo_font_weight_tablet":"","ocean_menu_typo_font_weight_mobile":"","ocean_menu_typo_transform":"","ocean_menu_typo_transform_tablet":"","ocean_menu_typo_transform_mobile":"","ocean_menu_typo_line_height":0,"ocean_menu_typo_line_height_tablet":0,"ocean_menu_typo_line_height_mobile":0,"ocean_menu_typo_line_height_unit":"","ocean_menu_typo_spacing":0,"ocean_menu_typo_spacing_tablet":0,"ocean_menu_typo_spacing_mobile":0,"ocean_menu_typo_spacing_unit":"","ocean_menu_link_color":"","ocean_menu_link_color_hover":"","ocean_menu_link_color_active":"","ocean_menu_link_background":"","ocean_menu_link_hover_background":"","ocean_menu_link_active_background":"","ocean_menu_social_links_bg":"","ocean_menu_social_hover_links_bg":"","ocean_menu_social_links_color":"","ocean_menu_social_hover_links_color":"","ocean_disable_title":"default","ocean_disable_heading":"default","ocean_post_title":"","ocean_post_subheading":"","ocean_post_title_style":"","ocean_post_title_background_color":"","ocean_post_title_background":0,"ocean_post_title_bg_image_position":"","ocean_post_title_bg_image_attachment":"","ocean_post_title_bg_image_repeat":"","ocean_post_title_bg_image_size":"","ocean_post_title_height":0,"ocean_post_title_bg_overlay":0.5,"ocean_post_title_bg_overlay_color":"","ocean_disable_breadcrumbs":"default","ocean_breadcrumbs_color":"","ocean_breadcrumbs_separator_color":"","ocean_breadcrumbs_links_color":"","ocean_breadcrumbs_links_hover_color":"","ocean_display_footer_widgets":"default","ocean_display_footer_bottom":"default","ocean_custom_footer_template":"0","osh_disable_topbar_sticky":"default","osh_disable_header_sticky":"default","osh_sticky_header_style":"default","osh_sticky_header_effect":"","osh_custom_sticky_logo":0,"osh_custom_retina_sticky_logo":0,"osh_custom_sticky_logo_height":0,"osh_background_color":"","osh_links_color":"","osh_links_hover_color":"","osh_links_active_color":"","osh_links_bg_color":"","osh_links_hover_bg_color":"","osh_links_active_bg_color":"","osh_menu_social_links_color":"","osh_menu_social_hover_links_color":""},"product_brand":[],"product_cat":[36,21,35],"product_tag":[953,972,1049,785,797,1025,1035],"class_list":{"0":"post-11907","1":"product","2":"type-product","3":"status-publish","4":"has-post-thumbnail","6":"product_cat-masturbator","7":"product_cat-maend","8":"product_cat-onani-produkter","9":"product_tag-maend","10":"product_tag-masturbator","11":"product_tag-penismassage","12":"product_tag-sex","13":"product_tag-sexlege","14":"product_tag-spil-den-spilaf","15":"product_tag-spil-pik","17":"entry","18":"has-media","20":"first","21":"instock","22":"taxable","23":"shipping-taxable","24":"purchasable","25":"product-type-simple","26":"has-product-nav","27":"col","28":"span_1_of_3","29":"owp-content-center","30":"owp-thumbs-layout-horizontal","31":"owp-btn-normal","32":"owp-tabs-layout-horizontal","34":"circle-sale"},"supplier_id":null,"supplier_sku":"","barcode":null,"atum_controlled":true,"out_stock_date":null,"out_stock_threshold":null,"inheritable":false,"inbound_stock":null,"stock_on_hold":0,"sold_today":0,"sales_last_days":0,"reserved_stock":null,"customer_returns":null,"warehouse_damage":null,"lost_in_post":null,"other_logs":null,"out_stock_days":0,"lost_sales":0,"has_location":null,"update_date":"2025-12-15T00:09:11","atum_locations":[],"atum_stock_status":"instock","restock_status":false,"low_stock_amount":"","sales_update_date":"2025-12-15T00:09:11","calc_backorders":0,"acf":[],"_links":{"self":[{"href":"https:\/\/kinkyshop.dk\/index.php?rest_route=\/wp\/v2\/product\/11907","targetHints":{"allow":["GET"]}}],"collection":[{"href":"https:\/\/kinkyshop.dk\/index.php?rest_route=\/wp\/v2\/product"}],"about":[{"href":"https:\/\/kinkyshop.dk\/index.php?rest_route=\/wp\/v2\/types\/product"}],"version-history":[{"count":1,"href":"https:\/\/kinkyshop.dk\/index.php?rest_route=\/wp\/v2\/product\/11907\/revisions"}],"predecessor-version":[{"id":11914,"href":"https:\/\/kinkyshop.dk\/index.php?rest_route=\/wp\/v2\/product\/11907\/revisions\/11914"}],"wp:featuredmedia":[{"embeddable":true,"href":"https:\/\/kinkyshop.dk\/index.php?rest_route=\/wp\/v2\/media\/11912"}],"wp:attachment":[{"href":"https:\/\/kinkyshop.dk\/index.php?rest_route=%2Fwp%2Fv2%2Fmedia&parent=11907"}],"wp:term":[{"taxonomy":"product_brand","embeddable":true,"href":"https:\/\/kinkyshop.dk\/index.php?rest_route=%2Fwp%2Fv2%2Fproduct_brand&post=11907"},{"taxonomy":"product_cat","embeddable":true,"href":"https:\/\/kinkyshop.dk\/index.php?rest_route=%2Fwp%2Fv2%2Fproduct_cat&post=11907"},{"taxonomy":"product_tag","embeddable":true,"href":"https:\/\/kinkyshop.dk\/index.php?rest_route=%2Fwp%2Fv2%2Fproduct_tag&post=11907"}],"curies":[{"name":"wp","href":"https:\/\/api.w.org\/{rel}","templated":true}]}}