{"id":11925,"date":"2023-12-16T08:57:16","date_gmt":"2023-12-16T08:57:16","guid":{"rendered":"https:\/\/kinkyshop.dk\/?post_type=product&#038;p=11925"},"modified":"2024-01-01T01:03:07","modified_gmt":"2024-01-01T00:03:07","slug":"selvsiddende-stroemper-i-sort-med-6-cm-blondekant","status":"publish","type":"product","link":"https:\/\/kinkyshop.dk\/?product=selvsiddende-stroemper-i-sort-med-6-cm-blondekant","title":{"rendered":"Selvsiddende Str\u00f8mper i Sort med 6 cm Blondekant"},"content":{"rendered":"<p>Disse fine sorte str\u00f8mper fremtryller sensuel silkeagtig elegance p\u00e5 dine ben.<br \/>\nBlondeafslutningen tilf\u00f8jer et strejf af sexethed. Toppen er forst\u00e6rket med silikone p\u00e5 indersiden, s\u00e5 stay-up str\u00f8mperne sidder skridsikkert og holder perfekt.<br \/>\nMed hvert forf\u00f8rende skridt du tager!<\/p>\n<p>Snit og materiale: Sorte selvsiddende str\u00f8mper med 6 cm bred blondekant. Indvendigt med silikoneforst\u00e6rkning for skridsikker pasform og optimal st\u00f8tte. Tr\u00e5dtal 20 den. 80 % polyamid, 20 % elastan.<br \/>\n&#8211; Med elastan: Selvsiddende str\u00f8mperne giver ikke kun et uimodst\u00e5eligt udseende, men ogs\u00e5 en sikker pasform og maksimal komfort.<br \/>\n&#8211; Oeko-Tex certificeret: Str\u00f8mperne er fri for skadelige stoffer &#8211; for en ufarlig b\u00e6reoplevelse!<\/p>\n","protected":false},"excerpt":{"rendered":"<p>Disse fine sorte str\u00f8mper fremtryller sensuel silkeagtig elegance p\u00e5 dine ben. Blondeafslutningen tilf\u00f8jer et strejf af sexethed. Toppen er forst\u00e6rket med silikone p\u00e5 indersiden, s\u00e5 stay-up str\u00f8mperne sidder skridsikkert og holder perfekt. Med hvert forf\u00f8rende skridt du tager! Snit og materiale: Sorte selvsiddende str\u00f8mper med 6 cm bred blondekant. Indvendigt med silikoneforst\u00e6rkning for skridsikker pasform [&hellip;]<\/p>\n","protected":false},"featured_media":11926,"template":"","meta":{"_acf_changed":false,"ocean_post_layout":"","ocean_both_sidebars_style":"","ocean_both_sidebars_content_width":0,"ocean_both_sidebars_sidebars_width":0,"ocean_sidebar":"0","ocean_second_sidebar":"0","ocean_disable_margins":"enable","ocean_add_body_class":"","ocean_shortcode_before_top_bar":"","ocean_shortcode_after_top_bar":"","ocean_shortcode_before_header":"","ocean_shortcode_after_header":"","ocean_has_shortcode":"","ocean_shortcode_after_title":"","ocean_shortcode_before_footer_widgets":"","ocean_shortcode_after_footer_widgets":"","ocean_shortcode_before_footer_bottom":"","ocean_shortcode_after_footer_bottom":"","ocean_display_top_bar":"default","ocean_display_header":"default","ocean_header_style":"","ocean_center_header_left_menu":"0","ocean_custom_header_template":"0","ocean_custom_logo":0,"ocean_custom_retina_logo":0,"ocean_custom_logo_max_width":0,"ocean_custom_logo_tablet_max_width":0,"ocean_custom_logo_mobile_max_width":0,"ocean_custom_logo_max_height":0,"ocean_custom_logo_tablet_max_height":0,"ocean_custom_logo_mobile_max_height":0,"ocean_header_custom_menu":"0","ocean_menu_typo_font_family":"0","ocean_menu_typo_font_subset":"","ocean_menu_typo_font_size":0,"ocean_menu_typo_font_size_tablet":0,"ocean_menu_typo_font_size_mobile":0,"ocean_menu_typo_font_size_unit":"px","ocean_menu_typo_font_weight":"","ocean_menu_typo_font_weight_tablet":"","ocean_menu_typo_font_weight_mobile":"","ocean_menu_typo_transform":"","ocean_menu_typo_transform_tablet":"","ocean_menu_typo_transform_mobile":"","ocean_menu_typo_line_height":0,"ocean_menu_typo_line_height_tablet":0,"ocean_menu_typo_line_height_mobile":0,"ocean_menu_typo_line_height_unit":"","ocean_menu_typo_spacing":0,"ocean_menu_typo_spacing_tablet":0,"ocean_menu_typo_spacing_mobile":0,"ocean_menu_typo_spacing_unit":"","ocean_menu_link_color":"","ocean_menu_link_color_hover":"","ocean_menu_link_color_active":"","ocean_menu_link_background":"","ocean_menu_link_hover_background":"","ocean_menu_link_active_background":"","ocean_menu_social_links_bg":"","ocean_menu_social_hover_links_bg":"","ocean_menu_social_links_color":"","ocean_menu_social_hover_links_color":"","ocean_disable_title":"default","ocean_disable_heading":"default","ocean_post_title":"","ocean_post_subheading":"","ocean_post_title_style":"","ocean_post_title_background_color":"","ocean_post_title_background":0,"ocean_post_title_bg_image_position":"","ocean_post_title_bg_image_attachment":"","ocean_post_title_bg_image_repeat":"","ocean_post_title_bg_image_size":"","ocean_post_title_height":0,"ocean_post_title_bg_overlay":0.5,"ocean_post_title_bg_overlay_color":"","ocean_disable_breadcrumbs":"default","ocean_breadcrumbs_color":"","ocean_breadcrumbs_separator_color":"","ocean_breadcrumbs_links_color":"","ocean_breadcrumbs_links_hover_color":"","ocean_display_footer_widgets":"default","ocean_display_footer_bottom":"default","ocean_custom_footer_template":"0","osh_disable_topbar_sticky":"default","osh_disable_header_sticky":"default","osh_sticky_header_style":"default","osh_sticky_header_effect":"","osh_custom_sticky_logo":0,"osh_custom_retina_sticky_logo":0,"osh_custom_sticky_logo_height":0,"osh_background_color":"","osh_links_color":"","osh_links_hover_color":"","osh_links_active_color":"","osh_links_bg_color":"","osh_links_hover_bg_color":"","osh_links_active_bg_color":"","osh_menu_social_links_color":"","osh_menu_social_hover_links_color":""},"product_brand":[],"product_cat":[269,256,257],"product_tag":[1015,1010,1052,785,926,1053],"class_list":{"0":"post-11925","1":"product","2":"type-product","3":"status-publish","4":"has-post-thumbnail","6":"product_cat-stroemper-og-selvsiddende","7":"product_cat-kvinder","8":"product_cat-stroemper","9":"product_tag-fraekke-kvinder","10":"product_tag-selvsidden","11":"product_tag-selvsiddende-stroemper-i-sort-med-6-cm-blondekant","12":"product_tag-sex","13":"product_tag-sexy-undertjoej","14":"product_tag-stroemper","15":"pa_vaelg-l-4","16":"pa_vaelg-m-3","17":"pa_vaelg-s-2","18":"pa_vaelg-xl-5","20":"entry","21":"has-media","23":"first","24":"instock","25":"taxable","26":"shipping-taxable","27":"purchasable","28":"product-type-variable","29":"has-default-attributes","30":"has-product-nav","31":"col","32":"span_1_of_3","33":"owp-content-center","34":"owp-thumbs-layout-horizontal","35":"owp-btn-normal","36":"owp-tabs-layout-horizontal","38":"circle-sale"},"supplier_id":null,"supplier_sku":"","barcode":null,"atum_controlled":true,"out_stock_date":null,"out_stock_threshold":null,"inheritable":false,"inbound_stock":null,"stock_on_hold":0,"sold_today":0,"sales_last_days":0,"reserved_stock":null,"customer_returns":null,"warehouse_damage":null,"lost_in_post":null,"other_logs":null,"out_stock_days":0,"lost_sales":0,"has_location":null,"update_date":"2025-12-15T00:09:11","atum_locations":[],"atum_stock_status":"instock","restock_status":false,"low_stock_amount":"","sales_update_date":"2025-12-15T00:09:11","calc_backorders":0,"acf":[],"_links":{"self":[{"href":"https:\/\/kinkyshop.dk\/index.php?rest_route=\/wp\/v2\/product\/11925","targetHints":{"allow":["GET"]}}],"collection":[{"href":"https:\/\/kinkyshop.dk\/index.php?rest_route=\/wp\/v2\/product"}],"about":[{"href":"https:\/\/kinkyshop.dk\/index.php?rest_route=\/wp\/v2\/types\/product"}],"version-history":[{"count":3,"href":"https:\/\/kinkyshop.dk\/index.php?rest_route=\/wp\/v2\/product\/11925\/revisions"}],"predecessor-version":[{"id":11935,"href":"https:\/\/kinkyshop.dk\/index.php?rest_route=\/wp\/v2\/product\/11925\/revisions\/11935"}],"wp:featuredmedia":[{"embeddable":true,"href":"https:\/\/kinkyshop.dk\/index.php?rest_route=\/wp\/v2\/media\/11926"}],"wp:attachment":[{"href":"https:\/\/kinkyshop.dk\/index.php?rest_route=%2Fwp%2Fv2%2Fmedia&parent=11925"}],"wp:term":[{"taxonomy":"product_brand","embeddable":true,"href":"https:\/\/kinkyshop.dk\/index.php?rest_route=%2Fwp%2Fv2%2Fproduct_brand&post=11925"},{"taxonomy":"product_cat","embeddable":true,"href":"https:\/\/kinkyshop.dk\/index.php?rest_route=%2Fwp%2Fv2%2Fproduct_cat&post=11925"},{"taxonomy":"product_tag","embeddable":true,"href":"https:\/\/kinkyshop.dk\/index.php?rest_route=%2Fwp%2Fv2%2Fproduct_tag&post=11925"}],"curies":[{"name":"wp","href":"https:\/\/api.w.org\/{rel}","templated":true}]}}