{"id":12072,"date":"2023-12-17T05:03:22","date_gmt":"2023-12-17T05:03:22","guid":{"rendered":"https:\/\/kinkyshop.dk\/?post_type=product&#038;p=12072"},"modified":"2024-02-02T00:03:22","modified_gmt":"2024-02-01T23:03:22","slug":"we-vibe-sync-o-parvibrator-med-loop-design","status":"publish","type":"product","link":"https:\/\/kinkyshop.dk\/?product=we-vibe-sync-o-parvibrator-med-loop-design","title":{"rendered":"We-Vibe Sync O Parvibrator med Loop Design"},"content":{"rendered":"<p>Hvordan bruger jeg Sync O?<br \/>\nIndf\u00f8r f\u00f8rst den flade ovale ringformede stimuleringsarm vaginalt.<br \/>\nVibratoren vil v\u00e6re helt rigtig, n\u00e5r den anden stimulationsarm er mod din klitoris.<br \/>\nDu kan nemt starte vibrationerne med appen p\u00e5 din smartphone.<br \/>\nNu kan du enten have det sjovt alene med Sync O eller nyde parvibratoren under sex. Pr\u00f8v den!<\/p>\n<p>Hvad er s\u00e5 specielt ved Sync O?<br \/>\nMed Sync O kan du nyde samtidig stimulering af din G-zone og klitoris med sp\u00e6ndende alsidige vibrationer.<br \/>\nMed sit nye loop-design har par-vibratoren nu en unik stimuleringsarm i en flad oval ringform.<br \/>\nDet g\u00f8r Sync O endnu lettere at indf\u00f8re og sikrer en skridsikker pasform.<br \/>\nDen tilpasser sig bedre til din anatomi, er endnu mere behagelig at have p\u00e5 og stimulerer endnu mere intensivt og over et st\u00f8rre omr\u00e5de.<br \/>\nOg under sex nyder penis ogs\u00e5 den unikke nydelse af forf\u00f8rende stramhed med sensuelle vibrationer.<br \/>\nDen fleksible, silkebl\u00f8de silikonevibrator forbliver smukt fleksibel for at tilpasse sig perfekt til dine bev\u00e6gelser og leg.<\/p>\n<p>Forbind din Sync O via Bluetooth med We-Vibe-appen til IOS og Android.<br \/>\nAppen giver dig endnu flere muligheder og funktioner.<br \/>\nSkab dine egne vibrationstilstande, eller lad vibrationerne k\u00f8re synkront med rytmen i din yndlingsmusik.<br \/>\nDin partner kan ogs\u00e5 oprette forbindelse til Sync O, og I kan spille sammen &#8211; selv over lange afstande.<br \/>\nI kan ogs\u00e5 kommunikere med hinanden via appens diskrete chatfunktion.<br \/>\nYderligere tale- og videofunktioner er ogs\u00e5 integreret i appen.<br \/>\nDu kan ogs\u00e5 nyde alt det sjove i brusebadet eller badekarret, da Sync O er vandt\u00e6t.<br \/>\nPr\u00f8v den, og nyd jeres solo-leg og tosomhed fuldt ud!<\/p>\n<p>Hvordan g\u00f8r jeg Sync O ren?<br \/>\nVi anbefaler en leget\u00f8jsrenser til reng\u00f8ring og s\u00e6rlig pleje.<\/p>\n<p>Hvad skal jeg v\u00e6re opm\u00e6rksom p\u00e5 med Sync O?<br \/>\nSync O b\u00f8r kun bruges med vandbaserede glidecremer. Produkter, der indeholder silikone, kan beskadige materialet!<\/p>\n<p>8 cm x 4,4 cm x 4,5 cm.<br \/>\nSilikone.<\/p>\n","protected":false},"excerpt":{"rendered":"<p>Hvordan bruger jeg Sync O? Indf\u00f8r f\u00f8rst den flade ovale ringformede stimuleringsarm vaginalt. Vibratoren vil v\u00e6re helt rigtig, n\u00e5r den anden stimulationsarm er mod din klitoris. Du kan nemt starte vibrationerne med appen p\u00e5 din smartphone. Nu kan du enten have det sjovt alene med Sync O eller nyde parvibratoren under sex. Pr\u00f8v den! Hvad [&hellip;]<\/p>\n","protected":false},"featured_media":12090,"template":"","meta":{"_acf_changed":false,"ocean_post_layout":"","ocean_both_sidebars_style":"","ocean_both_sidebars_content_width":0,"ocean_both_sidebars_sidebars_width":0,"ocean_sidebar":"0","ocean_second_sidebar":"0","ocean_disable_margins":"enable","ocean_add_body_class":"","ocean_shortcode_before_top_bar":"","ocean_shortcode_after_top_bar":"","ocean_shortcode_before_header":"","ocean_shortcode_after_header":"","ocean_has_shortcode":"","ocean_shortcode_after_title":"","ocean_shortcode_before_footer_widgets":"","ocean_shortcode_after_footer_widgets":"","ocean_shortcode_before_footer_bottom":"","ocean_shortcode_after_footer_bottom":"","ocean_display_top_bar":"default","ocean_display_header":"default","ocean_header_style":"","ocean_center_header_left_menu":"0","ocean_custom_header_template":"0","ocean_custom_logo":0,"ocean_custom_retina_logo":0,"ocean_custom_logo_max_width":0,"ocean_custom_logo_tablet_max_width":0,"ocean_custom_logo_mobile_max_width":0,"ocean_custom_logo_max_height":0,"ocean_custom_logo_tablet_max_height":0,"ocean_custom_logo_mobile_max_height":0,"ocean_header_custom_menu":"0","ocean_menu_typo_font_family":"0","ocean_menu_typo_font_subset":"","ocean_menu_typo_font_size":0,"ocean_menu_typo_font_size_tablet":0,"ocean_menu_typo_font_size_mobile":0,"ocean_menu_typo_font_size_unit":"px","ocean_menu_typo_font_weight":"","ocean_menu_typo_font_weight_tablet":"","ocean_menu_typo_font_weight_mobile":"","ocean_menu_typo_transform":"","ocean_menu_typo_transform_tablet":"","ocean_menu_typo_transform_mobile":"","ocean_menu_typo_line_height":0,"ocean_menu_typo_line_height_tablet":0,"ocean_menu_typo_line_height_mobile":0,"ocean_menu_typo_line_height_unit":"","ocean_menu_typo_spacing":0,"ocean_menu_typo_spacing_tablet":0,"ocean_menu_typo_spacing_mobile":0,"ocean_menu_typo_spacing_unit":"","ocean_menu_link_color":"","ocean_menu_link_color_hover":"","ocean_menu_link_color_active":"","ocean_menu_link_background":"","ocean_menu_link_hover_background":"","ocean_menu_link_active_background":"","ocean_menu_social_links_bg":"","ocean_menu_social_hover_links_bg":"","ocean_menu_social_links_color":"","ocean_menu_social_hover_links_color":"","ocean_disable_title":"default","ocean_disable_heading":"default","ocean_post_title":"","ocean_post_subheading":"","ocean_post_title_style":"","ocean_post_title_background_color":"","ocean_post_title_background":0,"ocean_post_title_bg_image_position":"","ocean_post_title_bg_image_attachment":"","ocean_post_title_bg_image_repeat":"","ocean_post_title_bg_image_size":"","ocean_post_title_height":0,"ocean_post_title_bg_overlay":0.5,"ocean_post_title_bg_overlay_color":"","ocean_disable_breadcrumbs":"default","ocean_breadcrumbs_color":"","ocean_breadcrumbs_separator_color":"","ocean_breadcrumbs_links_color":"","ocean_breadcrumbs_links_hover_color":"","ocean_display_footer_widgets":"default","ocean_display_footer_bottom":"default","ocean_custom_footer_template":"0","osh_disable_topbar_sticky":"default","osh_disable_header_sticky":"default","osh_sticky_header_style":"default","osh_sticky_header_effect":"","osh_custom_sticky_logo":0,"osh_custom_retina_sticky_logo":0,"osh_custom_sticky_logo_height":0,"osh_background_color":"","osh_links_color":"","osh_links_hover_color":"","osh_links_active_color":"","osh_links_bg_color":"","osh_links_hover_bg_color":"","osh_links_active_bg_color":"","osh_menu_social_links_color":"","osh_menu_social_hover_links_color":""},"product_brand":[],"product_cat":[567,367,620],"product_tag":[960,736,937,739,812,771,953,1073,797,939,737,816,920,877,724,773,802],"class_list":{"0":"post-12072","1":"product","2":"type-product","3":"status-publish","4":"has-post-thumbnail","6":"product_cat-vibrator-til-par","7":"product_cat-par","8":"product_cat-sexlegetoej-til-par-sexlegetoej-til-par","9":"product_tag-butte-kvinder","10":"product_tag-dildo","11":"product_tag-dildo-vibrator","12":"product_tag-fraek","13":"product_tag-fraekt","14":"product_tag-kvinder","15":"product_tag-maend","16":"product_tag-par","17":"product_tag-sexlege","18":"product_tag-sexlege-piger","19":"product_tag-sexlegetoej","20":"product_tag-sexy","21":"product_tag-sexy-kvinde","22":"product_tag-store-kvinder","23":"product_tag-vibrator","24":"product_tag-vibratorer","25":"product_tag-we-vibe","26":"pa_vaelg-groen","27":"pa_vaelg-lilla","29":"entry","30":"has-media","32":"first","33":"instock","34":"sale","35":"taxable","36":"shipping-taxable","37":"purchasable","38":"product-type-variable","39":"has-default-attributes","40":"has-product-nav","41":"col","42":"span_1_of_3","43":"owp-content-center","44":"owp-thumbs-layout-horizontal","45":"owp-btn-normal","46":"owp-tabs-layout-horizontal","48":"circle-sale"},"supplier_id":null,"supplier_sku":"","barcode":null,"atum_controlled":true,"out_stock_date":null,"out_stock_threshold":null,"inheritable":false,"inbound_stock":null,"stock_on_hold":0,"sold_today":0,"sales_last_days":0,"reserved_stock":null,"customer_returns":null,"warehouse_damage":null,"lost_in_post":null,"other_logs":null,"out_stock_days":0,"lost_sales":0,"has_location":null,"update_date":"2026-05-13T00:00:21","atum_locations":[],"atum_stock_status":"instock","restock_status":false,"low_stock_amount":"","sales_update_date":"2026-05-13T00:00:21","calc_backorders":0,"acf":[],"_links":{"self":[{"href":"https:\/\/kinkyshop.dk\/index.php?rest_route=\/wp\/v2\/product\/12072","targetHints":{"allow":["GET"]}}],"collection":[{"href":"https:\/\/kinkyshop.dk\/index.php?rest_route=\/wp\/v2\/product"}],"about":[{"href":"https:\/\/kinkyshop.dk\/index.php?rest_route=\/wp\/v2\/types\/product"}],"version-history":[{"count":1,"href":"https:\/\/kinkyshop.dk\/index.php?rest_route=\/wp\/v2\/product\/12072\/revisions"}],"predecessor-version":[{"id":12092,"href":"https:\/\/kinkyshop.dk\/index.php?rest_route=\/wp\/v2\/product\/12072\/revisions\/12092"}],"wp:featuredmedia":[{"embeddable":true,"href":"https:\/\/kinkyshop.dk\/index.php?rest_route=\/wp\/v2\/media\/12090"}],"wp:attachment":[{"href":"https:\/\/kinkyshop.dk\/index.php?rest_route=%2Fwp%2Fv2%2Fmedia&parent=12072"}],"wp:term":[{"taxonomy":"product_brand","embeddable":true,"href":"https:\/\/kinkyshop.dk\/index.php?rest_route=%2Fwp%2Fv2%2Fproduct_brand&post=12072"},{"taxonomy":"product_cat","embeddable":true,"href":"https:\/\/kinkyshop.dk\/index.php?rest_route=%2Fwp%2Fv2%2Fproduct_cat&post=12072"},{"taxonomy":"product_tag","embeddable":true,"href":"https:\/\/kinkyshop.dk\/index.php?rest_route=%2Fwp%2Fv2%2Fproduct_tag&post=12072"}],"curies":[{"name":"wp","href":"https:\/\/api.w.org\/{rel}","templated":true}]}}