{"id":12095,"date":"2023-12-17T05:22:01","date_gmt":"2023-12-17T05:22:01","guid":{"rendered":"https:\/\/kinkyshop.dk\/?post_type=product&#038;p=12095"},"modified":"2024-02-02T00:04:22","modified_gmt":"2024-02-01T23:04:22","slug":"body-skolepige-kostume-i-pink-og-hvid-med-tern","status":"publish","type":"product","link":"https:\/\/kinkyshop.dk\/?product=body-skolepige-kostume-i-pink-og-hvid-med-tern","title":{"rendered":"Body Skolepige Kostume i Pink og Hvid med Tern"},"content":{"rendered":"<p>Skoleuniform kostume fra Cottelli COSTUMES best\u00e5ende af lang\u00e6rmet body og bindehals. Fin materialemix af uigennemsigtigt ternet stof og gennemsigtig hvidt powernet. Bl\u00f8d og elastisk over det hele for h\u00f8j b\u00e6rekomfort. Ekstra lavt udsk\u00e5ret bodysuit med p\u00e5satte str\u00e6kb\u00e5nd foran i seler-look, p\u00e5sat b\u00e6lte foran med smukt sp\u00e6nde. Halsb\u00e5nd med lille ternet bindeb\u00e5nd og sp\u00e6nde i nakken.<\/p>\n<p>90% polyester, 10% elastan; Powernet 90% polyamid, 10% elastan.<\/p>\n","protected":false},"excerpt":{"rendered":"<p>Skoleuniform kostume fra Cottelli COSTUMES best\u00e5ende af lang\u00e6rmet body og bindehals. Fin materialemix af uigennemsigtigt ternet stof og gennemsigtig hvidt powernet. Bl\u00f8d og elastisk over det hele for h\u00f8j b\u00e6rekomfort. Ekstra lavt udsk\u00e5ret bodysuit med p\u00e5satte str\u00e6kb\u00e5nd foran i seler-look, p\u00e5sat b\u00e6lte foran med smukt sp\u00e6nde. Halsb\u00e5nd med lille ternet bindeb\u00e5nd og sp\u00e6nde i nakken. [&hellip;]<\/p>\n","protected":false},"featured_media":12098,"template":"","meta":{"_acf_changed":false,"ocean_post_layout":"","ocean_both_sidebars_style":"","ocean_both_sidebars_content_width":0,"ocean_both_sidebars_sidebars_width":0,"ocean_sidebar":"0","ocean_second_sidebar":"0","ocean_disable_margins":"enable","ocean_add_body_class":"","ocean_shortcode_before_top_bar":"","ocean_shortcode_after_top_bar":"","ocean_shortcode_before_header":"","ocean_shortcode_after_header":"","ocean_has_shortcode":"","ocean_shortcode_after_title":"","ocean_shortcode_before_footer_widgets":"","ocean_shortcode_after_footer_widgets":"","ocean_shortcode_before_footer_bottom":"","ocean_shortcode_after_footer_bottom":"","ocean_display_top_bar":"default","ocean_display_header":"default","ocean_header_style":"","ocean_center_header_left_menu":"0","ocean_custom_header_template":"0","ocean_custom_logo":0,"ocean_custom_retina_logo":0,"ocean_custom_logo_max_width":0,"ocean_custom_logo_tablet_max_width":0,"ocean_custom_logo_mobile_max_width":0,"ocean_custom_logo_max_height":0,"ocean_custom_logo_tablet_max_height":0,"ocean_custom_logo_mobile_max_height":0,"ocean_header_custom_menu":"0","ocean_menu_typo_font_family":"0","ocean_menu_typo_font_subset":"","ocean_menu_typo_font_size":0,"ocean_menu_typo_font_size_tablet":0,"ocean_menu_typo_font_size_mobile":0,"ocean_menu_typo_font_size_unit":"px","ocean_menu_typo_font_weight":"","ocean_menu_typo_font_weight_tablet":"","ocean_menu_typo_font_weight_mobile":"","ocean_menu_typo_transform":"","ocean_menu_typo_transform_tablet":"","ocean_menu_typo_transform_mobile":"","ocean_menu_typo_line_height":0,"ocean_menu_typo_line_height_tablet":0,"ocean_menu_typo_line_height_mobile":0,"ocean_menu_typo_line_height_unit":"","ocean_menu_typo_spacing":0,"ocean_menu_typo_spacing_tablet":0,"ocean_menu_typo_spacing_mobile":0,"ocean_menu_typo_spacing_unit":"","ocean_menu_link_color":"","ocean_menu_link_color_hover":"","ocean_menu_link_color_active":"","ocean_menu_link_background":"","ocean_menu_link_hover_background":"","ocean_menu_link_active_background":"","ocean_menu_social_links_bg":"","ocean_menu_social_hover_links_bg":"","ocean_menu_social_links_color":"","ocean_menu_social_hover_links_color":"","ocean_disable_title":"default","ocean_disable_heading":"default","ocean_post_title":"","ocean_post_subheading":"","ocean_post_title_style":"","ocean_post_title_background_color":"","ocean_post_title_background":0,"ocean_post_title_bg_image_position":"","ocean_post_title_bg_image_attachment":"","ocean_post_title_bg_image_repeat":"","ocean_post_title_bg_image_size":"","ocean_post_title_height":0,"ocean_post_title_bg_overlay":0.5,"ocean_post_title_bg_overlay_color":"","ocean_disable_breadcrumbs":"default","ocean_breadcrumbs_color":"","ocean_breadcrumbs_separator_color":"","ocean_breadcrumbs_links_color":"","ocean_breadcrumbs_links_hover_color":"","ocean_display_footer_widgets":"default","ocean_display_footer_bottom":"default","ocean_custom_footer_template":"0","osh_disable_topbar_sticky":"default","osh_disable_header_sticky":"default","osh_sticky_header_style":"default","osh_sticky_header_effect":"","osh_custom_sticky_logo":0,"osh_custom_retina_sticky_logo":0,"osh_custom_sticky_logo_height":0,"osh_background_color":"","osh_links_color":"","osh_links_hover_color":"","osh_links_active_color":"","osh_links_bg_color":"","osh_links_hover_bg_color":"","osh_links_active_bg_color":"","osh_menu_social_links_color":"","osh_menu_social_hover_links_color":""},"product_brand":[],"product_cat":[271,270,256],"product_tag":[964,960,925,1074,766,812,906,996,771,785,797,939,816,1076,1075,876],"class_list":{"0":"post-12095","1":"product","2":"type-product","3":"status-publish","4":"has-post-thumbnail","6":"product_cat-fraekke-kostumer-til-hende","7":"product_cat-fraekke-kostumer","8":"product_cat-kvinder","9":"product_tag-beklaedning","10":"product_tag-butte-kvinder","11":"product_tag-cottelli","12":"product_tag-cottelli-costumes","13":"product_tag-fraek-kostume","14":"product_tag-fraekt","15":"product_tag-fraekt-undertoej","16":"product_tag-fraektundertoej","17":"product_tag-kvinder","18":"product_tag-sex","19":"product_tag-sexlege","20":"product_tag-sexlege-piger","21":"product_tag-sexy","22":"product_tag-skolepige","23":"product_tag-skolepige-kostume","24":"product_tag-store-piger","25":"pa_vaelg-l","26":"pa_vaelg-m","27":"pa_vaelg-s","28":"pa_vaelg-xl","30":"entry","31":"has-media","33":"first","34":"instock","35":"taxable","36":"shipping-taxable","37":"purchasable","38":"product-type-variable","39":"has-default-attributes","40":"has-product-nav","41":"col","42":"span_1_of_3","43":"owp-content-center","44":"owp-thumbs-layout-horizontal","45":"owp-btn-normal","46":"owp-tabs-layout-horizontal","48":"circle-sale"},"supplier_id":null,"supplier_sku":"","barcode":null,"atum_controlled":true,"out_stock_date":null,"out_stock_threshold":null,"inheritable":false,"inbound_stock":null,"stock_on_hold":0,"sold_today":0,"sales_last_days":0,"reserved_stock":null,"customer_returns":null,"warehouse_damage":null,"lost_in_post":null,"other_logs":null,"out_stock_days":0,"lost_sales":0,"has_location":null,"update_date":"2025-12-13T00:08:19","atum_locations":[],"atum_stock_status":"instock","restock_status":false,"low_stock_amount":"","sales_update_date":"2025-12-13T00:08:19","calc_backorders":0,"acf":[],"_links":{"self":[{"href":"https:\/\/kinkyshop.dk\/index.php?rest_route=\/wp\/v2\/product\/12095","targetHints":{"allow":["GET"]}}],"collection":[{"href":"https:\/\/kinkyshop.dk\/index.php?rest_route=\/wp\/v2\/product"}],"about":[{"href":"https:\/\/kinkyshop.dk\/index.php?rest_route=\/wp\/v2\/types\/product"}],"version-history":[{"count":1,"href":"https:\/\/kinkyshop.dk\/index.php?rest_route=\/wp\/v2\/product\/12095\/revisions"}],"predecessor-version":[{"id":12108,"href":"https:\/\/kinkyshop.dk\/index.php?rest_route=\/wp\/v2\/product\/12095\/revisions\/12108"}],"wp:featuredmedia":[{"embeddable":true,"href":"https:\/\/kinkyshop.dk\/index.php?rest_route=\/wp\/v2\/media\/12098"}],"wp:attachment":[{"href":"https:\/\/kinkyshop.dk\/index.php?rest_route=%2Fwp%2Fv2%2Fmedia&parent=12095"}],"wp:term":[{"taxonomy":"product_brand","embeddable":true,"href":"https:\/\/kinkyshop.dk\/index.php?rest_route=%2Fwp%2Fv2%2Fproduct_brand&post=12095"},{"taxonomy":"product_cat","embeddable":true,"href":"https:\/\/kinkyshop.dk\/index.php?rest_route=%2Fwp%2Fv2%2Fproduct_cat&post=12095"},{"taxonomy":"product_tag","embeddable":true,"href":"https:\/\/kinkyshop.dk\/index.php?rest_route=%2Fwp%2Fv2%2Fproduct_tag&post=12095"}],"curies":[{"name":"wp","href":"https:\/\/api.w.org\/{rel}","templated":true}]}}