{"id":12552,"date":"2023-12-30T08:09:48","date_gmt":"2023-12-30T07:09:48","guid":{"rendered":"https:\/\/kinkyshop.dk\/?post_type=product&#038;p=12552"},"modified":"2024-02-01T00:06:29","modified_gmt":"2024-01-31T23:06:29","slug":"obsessive-nesari-bh-saet-i-sort","status":"publish","type":"product","link":"https:\/\/kinkyshop.dk\/?product=obsessive-nesari-bh-saet-i-sort","title":{"rendered":"Obsessive Nesari BH s\u00e6t i sort"},"content":{"rendered":"<p>Obsessive Nesari bh og bundl\u00f8s g-streng i det sorte s\u00e6t der er let gennemsigtig og utrolig komfortabelt at have p\u00e5.<br \/>\nBl\u00f8dt stretchy mesh i en stilfuld blanding med uigennemsigtigt stretch materiale.<br \/>\nBH med smykkesten mellem sk\u00e5lene og justerbar h\u00e6gtelukning bagp\u00e5.<\/p>\n<p>S\u00e6ttet bliver endnu mere forf\u00f8rende og flot hvis det kombineres med et par selvsiddende str\u00f8mper. Her kan man selv v\u00e6lge om det skal v\u00e6re nylon eller net.<\/p>\n<ul>\n<li>BH og skridtl\u00f8s g-streng i s\u00e6t<\/li>\n<li>Delikat stretch mesh<\/li>\n<li>Justerbare krydsede dobbeltstropper<\/li>\n<li>Ring &amp; strop look over bunden<\/li>\n<li>Indbydende udsat skridt<\/li>\n<li>Bl\u00f8d og str\u00e6kbar for h\u00f8j komfort<\/li>\n<li>De smarte krydsede dobbeltstropper kan ogs\u00e5 justeres, s\u00e5 de passer.<\/li>\n<li>Mesh-strengen forf\u00f8rer med en ring og stroppelook over numsen og et forf\u00f8rende \u00e5bent skridt.<\/li>\n<\/ul>\n<p>85% polyamid, 15% spandex<\/p>\n","protected":false},"excerpt":{"rendered":"<p>Obsessive Nesari bh og bundl\u00f8s g-streng i det sorte s\u00e6t der er let gennemsigtig og utrolig komfortabelt at have p\u00e5. Bl\u00f8dt stretchy mesh i en stilfuld blanding med uigennemsigtigt stretch materiale. BH med smykkesten mellem sk\u00e5lene og justerbar h\u00e6gtelukning bagp\u00e5. S\u00e6ttet bliver endnu mere forf\u00f8rende og flot hvis det kombineres med et par selvsiddende str\u00f8mper. [&hellip;]<\/p>\n","protected":false},"featured_media":12556,"template":"","meta":{"_acf_changed":false,"ocean_post_layout":"","ocean_both_sidebars_style":"","ocean_both_sidebars_content_width":0,"ocean_both_sidebars_sidebars_width":0,"ocean_sidebar":"0","ocean_second_sidebar":"0","ocean_disable_margins":"enable","ocean_add_body_class":"","ocean_shortcode_before_top_bar":"","ocean_shortcode_after_top_bar":"","ocean_shortcode_before_header":"","ocean_shortcode_after_header":"","ocean_has_shortcode":"","ocean_shortcode_after_title":"","ocean_shortcode_before_footer_widgets":"","ocean_shortcode_after_footer_widgets":"","ocean_shortcode_before_footer_bottom":"","ocean_shortcode_after_footer_bottom":"","ocean_display_top_bar":"default","ocean_display_header":"default","ocean_header_style":"","ocean_center_header_left_menu":"0","ocean_custom_header_template":"0","ocean_custom_logo":0,"ocean_custom_retina_logo":0,"ocean_custom_logo_max_width":0,"ocean_custom_logo_tablet_max_width":0,"ocean_custom_logo_mobile_max_width":0,"ocean_custom_logo_max_height":0,"ocean_custom_logo_tablet_max_height":0,"ocean_custom_logo_mobile_max_height":0,"ocean_header_custom_menu":"0","ocean_menu_typo_font_family":"0","ocean_menu_typo_font_subset":"","ocean_menu_typo_font_size":0,"ocean_menu_typo_font_size_tablet":0,"ocean_menu_typo_font_size_mobile":0,"ocean_menu_typo_font_size_unit":"px","ocean_menu_typo_font_weight":"","ocean_menu_typo_font_weight_tablet":"","ocean_menu_typo_font_weight_mobile":"","ocean_menu_typo_transform":"","ocean_menu_typo_transform_tablet":"","ocean_menu_typo_transform_mobile":"","ocean_menu_typo_line_height":0,"ocean_menu_typo_line_height_tablet":0,"ocean_menu_typo_line_height_mobile":0,"ocean_menu_typo_line_height_unit":"","ocean_menu_typo_spacing":0,"ocean_menu_typo_spacing_tablet":0,"ocean_menu_typo_spacing_mobile":0,"ocean_menu_typo_spacing_unit":"","ocean_menu_link_color":"","ocean_menu_link_color_hover":"","ocean_menu_link_color_active":"","ocean_menu_link_background":"","ocean_menu_link_hover_background":"","ocean_menu_link_active_background":"","ocean_menu_social_links_bg":"","ocean_menu_social_hover_links_bg":"","ocean_menu_social_links_color":"","ocean_menu_social_hover_links_color":"","ocean_disable_title":"default","ocean_disable_heading":"default","ocean_post_title":"","ocean_post_subheading":"","ocean_post_title_style":"","ocean_post_title_background_color":"","ocean_post_title_background":0,"ocean_post_title_bg_image_position":"","ocean_post_title_bg_image_attachment":"","ocean_post_title_bg_image_repeat":"","ocean_post_title_bg_image_size":"","ocean_post_title_height":0,"ocean_post_title_bg_overlay":0.5,"ocean_post_title_bg_overlay_color":"","ocean_disable_breadcrumbs":"default","ocean_breadcrumbs_color":"","ocean_breadcrumbs_separator_color":"","ocean_breadcrumbs_links_color":"","ocean_breadcrumbs_links_hover_color":"","ocean_display_footer_widgets":"default","ocean_display_footer_bottom":"default","ocean_custom_footer_template":"0","osh_disable_topbar_sticky":"default","osh_disable_header_sticky":"default","osh_sticky_header_style":"default","osh_sticky_header_effect":"","osh_custom_sticky_logo":0,"osh_custom_retina_sticky_logo":0,"osh_custom_sticky_logo_height":0,"osh_background_color":"","osh_links_color":"","osh_links_hover_color":"","osh_links_active_color":"","osh_links_bg_color":"","osh_links_hover_bg_color":"","osh_links_active_bg_color":"","osh_menu_social_links_color":"","osh_menu_social_hover_links_color":""},"product_brand":[],"product_cat":[300,256,260],"product_tag":[964,759,825,743,960,879,739,766,812,906,996,815,771,781,1157,1145,1156,1154,1055,785,797,877,876],"class_list":{"0":"post-12552","1":"product","2":"type-product","3":"status-publish","4":"has-post-thumbnail","6":"product_cat-body-og-teddy","7":"product_cat-kvinder","8":"product_cat-lingeri-beklaedning","9":"product_tag-beklaedning","10":"product_tag-blonde-lingeri","11":"product_tag-body","12":"product_tag-bondage","13":"product_tag-butte-kvinder","14":"product_tag-butte-kviner","15":"product_tag-fraek","16":"product_tag-fraek-kostume","17":"product_tag-fraekt","18":"product_tag-fraekt-undertoej","19":"product_tag-fraektundertoej","20":"product_tag-g-streng","21":"product_tag-kvinder","22":"product_tag-lingeri","23":"product_tag-lingeri-body-i-sort","24":"product_tag-obsessive","25":"product_tag-obsessive-nesari-lingeri","26":"product_tag-obsessive-nesari-lingeri-body-i-sort","27":"product_tag-selvsiddende-stroemper","28":"product_tag-sex","29":"product_tag-sexlege","30":"product_tag-store-kvinder","31":"product_tag-store-piger","32":"pa_vaelg-m-l","33":"pa_vaelg-xl-2xl","34":"pa_vaelg-xs-s","36":"entry","37":"has-media","39":"first","40":"instock","41":"taxable","42":"shipping-taxable","43":"purchasable","44":"product-type-variable","45":"has-default-attributes","46":"has-product-nav","47":"col","48":"span_1_of_3","49":"owp-content-center","50":"owp-thumbs-layout-horizontal","51":"owp-btn-normal","52":"owp-tabs-layout-horizontal","54":"circle-sale"},"supplier_id":null,"supplier_sku":"","barcode":null,"atum_controlled":true,"out_stock_date":null,"out_stock_threshold":null,"inheritable":false,"inbound_stock":null,"stock_on_hold":0,"sold_today":0,"sales_last_days":0,"reserved_stock":null,"customer_returns":null,"warehouse_damage":null,"lost_in_post":null,"other_logs":null,"out_stock_days":0,"lost_sales":0,"has_location":null,"update_date":"2025-12-13T00:08:20","atum_locations":[],"atum_stock_status":"instock","restock_status":false,"low_stock_amount":"","sales_update_date":"2025-12-13T00:08:20","calc_backorders":0,"acf":[],"_links":{"self":[{"href":"https:\/\/kinkyshop.dk\/index.php?rest_route=\/wp\/v2\/product\/12552","targetHints":{"allow":["GET"]}}],"collection":[{"href":"https:\/\/kinkyshop.dk\/index.php?rest_route=\/wp\/v2\/product"}],"about":[{"href":"https:\/\/kinkyshop.dk\/index.php?rest_route=\/wp\/v2\/types\/product"}],"version-history":[{"count":2,"href":"https:\/\/kinkyshop.dk\/index.php?rest_route=\/wp\/v2\/product\/12552\/revisions"}],"predecessor-version":[{"id":12564,"href":"https:\/\/kinkyshop.dk\/index.php?rest_route=\/wp\/v2\/product\/12552\/revisions\/12564"}],"wp:featuredmedia":[{"embeddable":true,"href":"https:\/\/kinkyshop.dk\/index.php?rest_route=\/wp\/v2\/media\/12556"}],"wp:attachment":[{"href":"https:\/\/kinkyshop.dk\/index.php?rest_route=%2Fwp%2Fv2%2Fmedia&parent=12552"}],"wp:term":[{"taxonomy":"product_brand","embeddable":true,"href":"https:\/\/kinkyshop.dk\/index.php?rest_route=%2Fwp%2Fv2%2Fproduct_brand&post=12552"},{"taxonomy":"product_cat","embeddable":true,"href":"https:\/\/kinkyshop.dk\/index.php?rest_route=%2Fwp%2Fv2%2Fproduct_cat&post=12552"},{"taxonomy":"product_tag","embeddable":true,"href":"https:\/\/kinkyshop.dk\/index.php?rest_route=%2Fwp%2Fv2%2Fproduct_tag&post=12552"}],"curies":[{"name":"wp","href":"https:\/\/api.w.org\/{rel}","templated":true}]}}