{"id":12694,"date":"2024-01-04T13:49:39","date_gmt":"2024-01-04T12:49:39","guid":{"rendered":"https:\/\/kinkyshop.dk\/?post_type=product&#038;p=12694"},"modified":"2024-02-01T00:06:30","modified_gmt":"2024-01-31T23:06:30","slug":"noir-off-the-shoulder-jumpsuit-i-transparent-med-print","status":"publish","type":"product","link":"https:\/\/kinkyshop.dk\/?product=noir-off-the-shoulder-jumpsuit-i-transparent-med-print","title":{"rendered":"Noir Off-the-shoulder jumpsuit i Transparent med Print"},"content":{"rendered":"<p>Denne elegante off-the-shoulder jumpsuit omslutter dig fra hals til t\u00e5 i en\u00a0forf\u00f8rende transparens, der smyger sig bl\u00f8dt om dine kurver.<br \/>\nDe fine, fl\u00f8jlsagtige blomsterranker vil ikke distrahere fra dit sp\u00e6ndende udseende.<\/p>\n<p>Den omhyggeligt integrerede 3-vejs lynl\u00e5s, som l\u00f8ber fra kraven gennem skridtet til over balderne, er b\u00e5de praktisk og erotisk.<br \/>\nDen kan \u00e5bnes variabelt til forskellige aktiviteter og adgange.<\/p>\n<ul>\n<li>Snit og materiale: Off-the-shoulder jumpsuit med lange ben.<\/li>\n<li>Sort stretchnet med fl\u00f8jlsflokprint i blomsterranke-look.<\/li>\n<li>3-vejs lynl\u00e5s fra halsb\u00e5ndet gennem skridtet til over numsen.<\/li>\n<li>86% polyester, 14% elastan.<\/li>\n<li>Med elastan: Denne behagelige jumpsuit ser ikke kun uimodst\u00e5elig ud, men giver ogs\u00e5 maksimal komfort.<\/li>\n<li>OBS: Denne vare er mindre end normalt &#8211; se venligst den separate Noir-st\u00f8rrelsestabel!<\/li>\n<\/ul>\n","protected":false},"excerpt":{"rendered":"<p><br data-mce-bogus=\"1\"><\/p>\n","protected":false},"featured_media":12701,"template":"","meta":{"_acf_changed":false,"ocean_post_layout":"","ocean_both_sidebars_style":"","ocean_both_sidebars_content_width":0,"ocean_both_sidebars_sidebars_width":0,"ocean_sidebar":"0","ocean_second_sidebar":"0","ocean_disable_margins":"enable","ocean_add_body_class":"","ocean_shortcode_before_top_bar":"","ocean_shortcode_after_top_bar":"","ocean_shortcode_before_header":"","ocean_shortcode_after_header":"","ocean_has_shortcode":"","ocean_shortcode_after_title":"","ocean_shortcode_before_footer_widgets":"","ocean_shortcode_after_footer_widgets":"","ocean_shortcode_before_footer_bottom":"","ocean_shortcode_after_footer_bottom":"","ocean_display_top_bar":"default","ocean_display_header":"default","ocean_header_style":"","ocean_center_header_left_menu":"0","ocean_custom_header_template":"0","ocean_custom_logo":0,"ocean_custom_retina_logo":0,"ocean_custom_logo_max_width":0,"ocean_custom_logo_tablet_max_width":0,"ocean_custom_logo_mobile_max_width":0,"ocean_custom_logo_max_height":0,"ocean_custom_logo_tablet_max_height":0,"ocean_custom_logo_mobile_max_height":0,"ocean_header_custom_menu":"0","ocean_menu_typo_font_family":"0","ocean_menu_typo_font_subset":"","ocean_menu_typo_font_size":0,"ocean_menu_typo_font_size_tablet":0,"ocean_menu_typo_font_size_mobile":0,"ocean_menu_typo_font_size_unit":"px","ocean_menu_typo_font_weight":"","ocean_menu_typo_font_weight_tablet":"","ocean_menu_typo_font_weight_mobile":"","ocean_menu_typo_transform":"","ocean_menu_typo_transform_tablet":"","ocean_menu_typo_transform_mobile":"","ocean_menu_typo_line_height":0,"ocean_menu_typo_line_height_tablet":0,"ocean_menu_typo_line_height_mobile":0,"ocean_menu_typo_line_height_unit":"","ocean_menu_typo_spacing":0,"ocean_menu_typo_spacing_tablet":0,"ocean_menu_typo_spacing_mobile":0,"ocean_menu_typo_spacing_unit":"","ocean_menu_link_color":"","ocean_menu_link_color_hover":"","ocean_menu_link_color_active":"","ocean_menu_link_background":"","ocean_menu_link_hover_background":"","ocean_menu_link_active_background":"","ocean_menu_social_links_bg":"","ocean_menu_social_hover_links_bg":"","ocean_menu_social_links_color":"","ocean_menu_social_hover_links_color":"","ocean_disable_title":"default","ocean_disable_heading":"default","ocean_post_title":"","ocean_post_subheading":"","ocean_post_title_style":"","ocean_post_title_background_color":"","ocean_post_title_background":0,"ocean_post_title_bg_image_position":"","ocean_post_title_bg_image_attachment":"","ocean_post_title_bg_image_repeat":"","ocean_post_title_bg_image_size":"","ocean_post_title_height":0,"ocean_post_title_bg_overlay":0.5,"ocean_post_title_bg_overlay_color":"","ocean_disable_breadcrumbs":"default","ocean_breadcrumbs_color":"","ocean_breadcrumbs_separator_color":"","ocean_breadcrumbs_links_color":"","ocean_breadcrumbs_links_hover_color":"","ocean_display_footer_widgets":"default","ocean_display_footer_bottom":"default","ocean_custom_footer_template":"0","osh_disable_topbar_sticky":"default","osh_disable_header_sticky":"default","osh_sticky_header_style":"default","osh_sticky_header_effect":"","osh_custom_sticky_logo":0,"osh_custom_retina_sticky_logo":0,"osh_custom_sticky_logo_height":0,"osh_background_color":"","osh_links_color":"","osh_links_hover_color":"","osh_links_active_color":"","osh_links_bg_color":"","osh_links_hover_bg_color":"","osh_links_active_bg_color":"","osh_menu_social_links_color":"","osh_menu_social_hover_links_color":""},"product_brand":[],"product_cat":[261,256,260],"product_tag":[964,759,960,879,739,766,906,996,815,1184,781,1181,1055,920,877,755],"class_list":{"0":"post-12694","1":"product","2":"type-product","3":"status-publish","4":"has-post-thumbnail","6":"product_cat-catsuits-og-bodystocking","7":"product_cat-kvinder","8":"product_cat-lingeri-beklaedning","9":"product_tag-beklaedning","10":"product_tag-blonde-lingeri","11":"product_tag-butte-kvinder","12":"product_tag-butte-kviner","13":"product_tag-fraek","14":"product_tag-fraek-kostume","15":"product_tag-fraekt-undertoej","16":"product_tag-fraektundertoej","17":"product_tag-g-streng","18":"product_tag-jumpsuit","19":"product_tag-lingeri","20":"product_tag-noir","21":"product_tag-selvsiddende-stroemper","22":"product_tag-sexy-kvinde","23":"product_tag-store-kvinder","24":"product_tag-wetlook","25":"pa_vaelg-l","26":"pa_vaelg-m","27":"pa_vaelg-s","28":"pa_vaelg-xl","30":"entry","31":"has-media","33":"first","34":"instock","35":"taxable","36":"shipping-taxable","37":"purchasable","38":"product-type-variable","39":"has-default-attributes","40":"has-product-nav","41":"col","42":"span_1_of_3","43":"owp-content-center","44":"owp-thumbs-layout-horizontal","45":"owp-btn-normal","46":"owp-tabs-layout-horizontal","48":"circle-sale"},"supplier_id":null,"supplier_sku":"","barcode":null,"atum_controlled":true,"out_stock_date":null,"out_stock_threshold":null,"inheritable":false,"inbound_stock":null,"stock_on_hold":0,"sold_today":0,"sales_last_days":0,"reserved_stock":null,"customer_returns":null,"warehouse_damage":null,"lost_in_post":null,"other_logs":null,"out_stock_days":0,"lost_sales":0,"has_location":null,"update_date":"2025-12-13T00:08:21","atum_locations":[],"atum_stock_status":"instock","restock_status":false,"low_stock_amount":"","sales_update_date":"2025-12-13T00:08:21","calc_backorders":0,"acf":[],"_links":{"self":[{"href":"https:\/\/kinkyshop.dk\/index.php?rest_route=\/wp\/v2\/product\/12694","targetHints":{"allow":["GET"]}}],"collection":[{"href":"https:\/\/kinkyshop.dk\/index.php?rest_route=\/wp\/v2\/product"}],"about":[{"href":"https:\/\/kinkyshop.dk\/index.php?rest_route=\/wp\/v2\/types\/product"}],"version-history":[{"count":2,"href":"https:\/\/kinkyshop.dk\/index.php?rest_route=\/wp\/v2\/product\/12694\/revisions"}],"predecessor-version":[{"id":12707,"href":"https:\/\/kinkyshop.dk\/index.php?rest_route=\/wp\/v2\/product\/12694\/revisions\/12707"}],"wp:featuredmedia":[{"embeddable":true,"href":"https:\/\/kinkyshop.dk\/index.php?rest_route=\/wp\/v2\/media\/12701"}],"wp:attachment":[{"href":"https:\/\/kinkyshop.dk\/index.php?rest_route=%2Fwp%2Fv2%2Fmedia&parent=12694"}],"wp:term":[{"taxonomy":"product_brand","embeddable":true,"href":"https:\/\/kinkyshop.dk\/index.php?rest_route=%2Fwp%2Fv2%2Fproduct_brand&post=12694"},{"taxonomy":"product_cat","embeddable":true,"href":"https:\/\/kinkyshop.dk\/index.php?rest_route=%2Fwp%2Fv2%2Fproduct_cat&post=12694"},{"taxonomy":"product_tag","embeddable":true,"href":"https:\/\/kinkyshop.dk\/index.php?rest_route=%2Fwp%2Fv2%2Fproduct_tag&post=12694"}],"curies":[{"name":"wp","href":"https:\/\/api.w.org\/{rel}","templated":true}]}}