{"id":12769,"date":"2024-01-16T18:16:08","date_gmt":"2024-01-16T17:16:08","guid":{"rendered":"https:\/\/kinkyshop.dk\/?post_type=product&#038;p=12769"},"modified":"2024-02-01T00:06:30","modified_gmt":"2024-01-31T23:06:30","slug":"noir-wetlook-kjole-med-talje-korset","status":"publish","type":"product","link":"https:\/\/kinkyshop.dk\/?product=noir-wetlook-kjole-med-talje-korset","title":{"rendered":"Noir Wetlook Kjole med Talje Korset"},"content":{"rendered":"<p>Denne sp\u00e6ndende lille wetlook kjole viser dine kurver perfekt i en figursyet korset stil med s\u00f8de og elegante plissering samt \u00e5ben front!<\/p>\n<p>Den er helt \u00e5ben foran og lukkes kun med h\u00e6gtelukningen p\u00e5 den integrerede corsage i taljen. Du kan bare tage den p\u00e5 som en fin frakke. Toppen er elastisk og bl\u00f8d mod huden. Nederst svinger det\u00a0udst\u00e5ende sk\u00f8rt sensuelt omkring din bagdel og dine hofter. Sikke et syn &#8211; og sikke en vidunderlig f\u00f8lelse at have p\u00e5!<\/p>\n<p>Det er en kjole du som sagt kan bruge som frakke oven p\u00e5 dit outfit. Du kan ogs\u00e5 bruge den som lingeri kjole med et par trusser og et par selvsiddende str\u00f8mper.<\/p>\n<ul>\n<li>Snit &amp; materiale: Kort, lang\u00e6rmet kjole i korsetstil med udsv\u00e6vende sk\u00f8rt.<\/li>\n<li>Helt \u00e5ben foran, med h\u00e6gtelukning i den integrerede talje korset.<\/li>\n<li>Elegant sort wetlook.<\/li>\n<li>76% polyester, 24% elastan, polymerbel\u00e6gning.<\/li>\n<li>Med elastan: Denne minikjole ser ikke kun uimodst\u00e5elig ud, men giver ogs\u00e5 en sikker pasform og maksimal komfort.<\/li>\n<li>OBS: Denne vare er mindre end normalt &#8211; se venligst det separate Noir-st\u00f8rrelsesskema!<\/li>\n<\/ul>\n","protected":false},"excerpt":{"rendered":"<p>Denne sp\u00e6ndende lille wetlook kjole viser dine kurver perfekt i en figursyet korset stil med s\u00f8de og elegante plissering samt \u00e5ben front! Den er helt \u00e5ben foran og lukkes kun med h\u00e6gtelukningen p\u00e5 den integrerede corsage i taljen. Du kan bare tage den p\u00e5 som en fin frakke. Toppen er elastisk og bl\u00f8d mod huden. [&hellip;]<\/p>\n","protected":false},"featured_media":12773,"template":"","meta":{"_acf_changed":false,"ocean_post_layout":"","ocean_both_sidebars_style":"","ocean_both_sidebars_content_width":0,"ocean_both_sidebars_sidebars_width":0,"ocean_sidebar":"0","ocean_second_sidebar":"0","ocean_disable_margins":"enable","ocean_add_body_class":"","ocean_shortcode_before_top_bar":"","ocean_shortcode_after_top_bar":"","ocean_shortcode_before_header":"","ocean_shortcode_after_header":"","ocean_has_shortcode":"","ocean_shortcode_after_title":"","ocean_shortcode_before_footer_widgets":"","ocean_shortcode_after_footer_widgets":"","ocean_shortcode_before_footer_bottom":"","ocean_shortcode_after_footer_bottom":"","ocean_display_top_bar":"default","ocean_display_header":"default","ocean_header_style":"","ocean_center_header_left_menu":"0","ocean_custom_header_template":"0","ocean_custom_logo":0,"ocean_custom_retina_logo":0,"ocean_custom_logo_max_width":0,"ocean_custom_logo_tablet_max_width":0,"ocean_custom_logo_mobile_max_width":0,"ocean_custom_logo_max_height":0,"ocean_custom_logo_tablet_max_height":0,"ocean_custom_logo_mobile_max_height":0,"ocean_header_custom_menu":"0","ocean_menu_typo_font_family":"0","ocean_menu_typo_font_subset":"","ocean_menu_typo_font_size":0,"ocean_menu_typo_font_size_tablet":0,"ocean_menu_typo_font_size_mobile":0,"ocean_menu_typo_font_size_unit":"px","ocean_menu_typo_font_weight":"","ocean_menu_typo_font_weight_tablet":"","ocean_menu_typo_font_weight_mobile":"","ocean_menu_typo_transform":"","ocean_menu_typo_transform_tablet":"","ocean_menu_typo_transform_mobile":"","ocean_menu_typo_line_height":0,"ocean_menu_typo_line_height_tablet":0,"ocean_menu_typo_line_height_mobile":0,"ocean_menu_typo_line_height_unit":"","ocean_menu_typo_spacing":0,"ocean_menu_typo_spacing_tablet":0,"ocean_menu_typo_spacing_mobile":0,"ocean_menu_typo_spacing_unit":"","ocean_menu_link_color":"","ocean_menu_link_color_hover":"","ocean_menu_link_color_active":"","ocean_menu_link_background":"","ocean_menu_link_hover_background":"","ocean_menu_link_active_background":"","ocean_menu_social_links_bg":"","ocean_menu_social_hover_links_bg":"","ocean_menu_social_links_color":"","ocean_menu_social_hover_links_color":"","ocean_disable_title":"default","ocean_disable_heading":"default","ocean_post_title":"","ocean_post_subheading":"","ocean_post_title_style":"","ocean_post_title_background_color":"","ocean_post_title_background":0,"ocean_post_title_bg_image_position":"","ocean_post_title_bg_image_attachment":"","ocean_post_title_bg_image_repeat":"","ocean_post_title_bg_image_size":"","ocean_post_title_height":0,"ocean_post_title_bg_overlay":0.5,"ocean_post_title_bg_overlay_color":"","ocean_disable_breadcrumbs":"default","ocean_breadcrumbs_color":"","ocean_breadcrumbs_separator_color":"","ocean_breadcrumbs_links_color":"","ocean_breadcrumbs_links_hover_color":"","ocean_display_footer_widgets":"default","ocean_display_footer_bottom":"default","ocean_custom_footer_template":"0","osh_disable_topbar_sticky":"default","osh_disable_header_sticky":"default","osh_sticky_header_style":"default","osh_sticky_header_effect":"","osh_custom_sticky_logo":0,"osh_custom_retina_sticky_logo":0,"osh_custom_sticky_logo_height":0,"osh_background_color":"","osh_links_color":"","osh_links_hover_color":"","osh_links_active_color":"","osh_links_bg_color":"","osh_links_hover_bg_color":"","osh_links_active_bg_color":"","osh_menu_social_links_color":"","osh_menu_social_hover_links_color":""},"product_brand":[],"product_cat":[279,278,256],"product_tag":[964,759,960,766,771,1181,1191,816,920,876,755,1192],"class_list":{"0":"post-12769","1":"product","2":"type-product","3":"status-publish","4":"has-post-thumbnail","6":"product_cat-kjoler","7":"product_cat-kjoler-og-nederdele","8":"product_cat-kvinder","9":"product_tag-beklaedning","10":"product_tag-blonde-lingeri","11":"product_tag-butte-kvinder","12":"product_tag-fraek-kostume","13":"product_tag-kvinder","14":"product_tag-noir","15":"product_tag-noir-wetlook-kjole-med-talje-korset","16":"product_tag-sexy","17":"product_tag-sexy-kvinde","18":"product_tag-store-piger","19":"product_tag-wetlook","20":"product_tag-wetlook-kjole-med-talje-korset","21":"pa_vaelg-l","22":"pa_vaelg-m","23":"pa_vaelg-s","24":"pa_vaelg-xl","25":"pa_vaelg-xs","27":"entry","28":"has-media","30":"first","31":"instock","32":"sale","33":"taxable","34":"shipping-taxable","35":"purchasable","36":"product-type-variable","37":"has-default-attributes","38":"has-product-nav","39":"col","40":"span_1_of_3","41":"owp-content-center","42":"owp-thumbs-layout-horizontal","43":"owp-btn-normal","44":"owp-tabs-layout-horizontal","46":"circle-sale"},"supplier_id":null,"supplier_sku":"","barcode":null,"atum_controlled":true,"out_stock_date":null,"out_stock_threshold":null,"inheritable":false,"inbound_stock":null,"stock_on_hold":0,"sold_today":0,"sales_last_days":0,"reserved_stock":null,"customer_returns":null,"warehouse_damage":null,"lost_in_post":null,"other_logs":null,"out_stock_days":0,"lost_sales":0,"has_location":null,"update_date":"2025-12-13T00:08:23","atum_locations":[],"atum_stock_status":"instock","restock_status":false,"low_stock_amount":"","sales_update_date":"2025-12-13T00:08:23","calc_backorders":0,"acf":[],"_links":{"self":[{"href":"https:\/\/kinkyshop.dk\/index.php?rest_route=\/wp\/v2\/product\/12769","targetHints":{"allow":["GET"]}}],"collection":[{"href":"https:\/\/kinkyshop.dk\/index.php?rest_route=\/wp\/v2\/product"}],"about":[{"href":"https:\/\/kinkyshop.dk\/index.php?rest_route=\/wp\/v2\/types\/product"}],"version-history":[{"count":1,"href":"https:\/\/kinkyshop.dk\/index.php?rest_route=\/wp\/v2\/product\/12769\/revisions"}],"predecessor-version":[{"id":12779,"href":"https:\/\/kinkyshop.dk\/index.php?rest_route=\/wp\/v2\/product\/12769\/revisions\/12779"}],"wp:featuredmedia":[{"embeddable":true,"href":"https:\/\/kinkyshop.dk\/index.php?rest_route=\/wp\/v2\/media\/12773"}],"wp:attachment":[{"href":"https:\/\/kinkyshop.dk\/index.php?rest_route=%2Fwp%2Fv2%2Fmedia&parent=12769"}],"wp:term":[{"taxonomy":"product_brand","embeddable":true,"href":"https:\/\/kinkyshop.dk\/index.php?rest_route=%2Fwp%2Fv2%2Fproduct_brand&post=12769"},{"taxonomy":"product_cat","embeddable":true,"href":"https:\/\/kinkyshop.dk\/index.php?rest_route=%2Fwp%2Fv2%2Fproduct_cat&post=12769"},{"taxonomy":"product_tag","embeddable":true,"href":"https:\/\/kinkyshop.dk\/index.php?rest_route=%2Fwp%2Fv2%2Fproduct_tag&post=12769"}],"curies":[{"name":"wp","href":"https:\/\/api.w.org\/{rel}","templated":true}]}}