{"id":12780,"date":"2024-01-16T18:33:12","date_gmt":"2024-01-16T17:33:12","guid":{"rendered":"https:\/\/kinkyshop.dk\/?post_type=product&#038;p=12780"},"modified":"2024-02-01T00:06:30","modified_gmt":"2024-01-31T23:06:30","slug":"noir-wetlook-kjole-med-slaa-om-halterneck","status":"publish","type":"product","link":"https:\/\/kinkyshop.dk\/?product=noir-wetlook-kjole-med-slaa-om-halterneck","title":{"rendered":"Noir Wetlook Kjole med Sl\u00e5-Om Halterneck"},"content":{"rendered":"<p>Denne smukke wetlook kjole fremh\u00e6ver perfekt feminine kurver!\u00a0Det stramme nederdel viser din bagdel perfekt med en flot skinnende overflade.<\/p>\n<p>Den smart indpakkede halterneck-top vil tiltr\u00e6kke alles opm\u00e6rksomhed. Din bare ryg vil ogs\u00e5 v\u00e6re en sand forn\u00f8jelse. En minikjole med maksimal effekt! Og takket v\u00e6re stretch er den meget behagelig at have p\u00e5! Kombinerer du kjolen med et par selvsiddende str\u00f8mper bliver det en utrolig forf\u00f8rende kjole, der n\u00e6rmest kan fungere som erstatning til et lingeri s\u00e6t.<\/p>\n<ul>\n<li>Snit og materiale: Ekstra kort kjole i wetlook.<\/li>\n<li>Med halterneck-top i sl\u00e5-om-look og stram nederdel.<\/li>\n<li>Rygl\u00f8s!<\/li>\n<li>76% polyester, 24% elastan, polymerbel\u00e6gning.<\/li>\n<li>Bl\u00f8d og elastisk: Denne behagelige minikjole ser ikke kun uimodst\u00e5elig ud, men giver ogs\u00e5 maksimal komfort og bev\u00e6gelsesfrihed.<\/li>\n<li>OBS: Denne vare er mindre end normalt &#8211; se venligst den separate Noir-st\u00f8rrelsestabel!<\/li>\n<\/ul>\n","protected":false},"excerpt":{"rendered":"<p>Denne smukke wetlook kjole fremh\u00e6ver perfekt feminine kurver!\u00a0Det stramme nederdel viser din bagdel perfekt med en flot skinnende overflade. Den smart indpakkede halterneck-top vil tiltr\u00e6kke alles opm\u00e6rksomhed. Din bare ryg vil ogs\u00e5 v\u00e6re en sand forn\u00f8jelse. En minikjole med maksimal effekt! Og takket v\u00e6re stretch er den meget behagelig at have p\u00e5! Kombinerer du kjolen [&hellip;]<\/p>\n","protected":false},"featured_media":12786,"template":"","meta":{"_acf_changed":false,"ocean_post_layout":"","ocean_both_sidebars_style":"","ocean_both_sidebars_content_width":0,"ocean_both_sidebars_sidebars_width":0,"ocean_sidebar":"0","ocean_second_sidebar":"0","ocean_disable_margins":"enable","ocean_add_body_class":"","ocean_shortcode_before_top_bar":"","ocean_shortcode_after_top_bar":"","ocean_shortcode_before_header":"","ocean_shortcode_after_header":"","ocean_has_shortcode":"","ocean_shortcode_after_title":"","ocean_shortcode_before_footer_widgets":"","ocean_shortcode_after_footer_widgets":"","ocean_shortcode_before_footer_bottom":"","ocean_shortcode_after_footer_bottom":"","ocean_display_top_bar":"default","ocean_display_header":"default","ocean_header_style":"","ocean_center_header_left_menu":"0","ocean_custom_header_template":"0","ocean_custom_logo":0,"ocean_custom_retina_logo":0,"ocean_custom_logo_max_width":0,"ocean_custom_logo_tablet_max_width":0,"ocean_custom_logo_mobile_max_width":0,"ocean_custom_logo_max_height":0,"ocean_custom_logo_tablet_max_height":0,"ocean_custom_logo_mobile_max_height":0,"ocean_header_custom_menu":"0","ocean_menu_typo_font_family":"0","ocean_menu_typo_font_subset":"","ocean_menu_typo_font_size":0,"ocean_menu_typo_font_size_tablet":0,"ocean_menu_typo_font_size_mobile":0,"ocean_menu_typo_font_size_unit":"px","ocean_menu_typo_font_weight":"","ocean_menu_typo_font_weight_tablet":"","ocean_menu_typo_font_weight_mobile":"","ocean_menu_typo_transform":"","ocean_menu_typo_transform_tablet":"","ocean_menu_typo_transform_mobile":"","ocean_menu_typo_line_height":0,"ocean_menu_typo_line_height_tablet":0,"ocean_menu_typo_line_height_mobile":0,"ocean_menu_typo_line_height_unit":"","ocean_menu_typo_spacing":0,"ocean_menu_typo_spacing_tablet":0,"ocean_menu_typo_spacing_mobile":0,"ocean_menu_typo_spacing_unit":"","ocean_menu_link_color":"","ocean_menu_link_color_hover":"","ocean_menu_link_color_active":"","ocean_menu_link_background":"","ocean_menu_link_hover_background":"","ocean_menu_link_active_background":"","ocean_menu_social_links_bg":"","ocean_menu_social_hover_links_bg":"","ocean_menu_social_links_color":"","ocean_menu_social_hover_links_color":"","ocean_disable_title":"default","ocean_disable_heading":"default","ocean_post_title":"","ocean_post_subheading":"","ocean_post_title_style":"","ocean_post_title_background_color":"","ocean_post_title_background":0,"ocean_post_title_bg_image_position":"","ocean_post_title_bg_image_attachment":"","ocean_post_title_bg_image_repeat":"","ocean_post_title_bg_image_size":"","ocean_post_title_height":0,"ocean_post_title_bg_overlay":0.5,"ocean_post_title_bg_overlay_color":"","ocean_disable_breadcrumbs":"default","ocean_breadcrumbs_color":"","ocean_breadcrumbs_separator_color":"","ocean_breadcrumbs_links_color":"","ocean_breadcrumbs_links_hover_color":"","ocean_display_footer_widgets":"default","ocean_display_footer_bottom":"default","ocean_custom_footer_template":"0","osh_disable_topbar_sticky":"default","osh_disable_header_sticky":"default","osh_sticky_header_style":"default","osh_sticky_header_effect":"","osh_custom_sticky_logo":0,"osh_custom_retina_sticky_logo":0,"osh_custom_sticky_logo_height":0,"osh_background_color":"","osh_links_color":"","osh_links_hover_color":"","osh_links_active_color":"","osh_links_bg_color":"","osh_links_hover_bg_color":"","osh_links_active_bg_color":"","osh_menu_social_links_color":"","osh_menu_social_hover_links_color":""},"product_brand":[],"product_cat":[279,278,256],"product_tag":[964,825,960,739,812,906,746,1194,1181,1193,816,877,876,755],"class_list":{"0":"post-12780","1":"product","2":"type-product","3":"status-publish","4":"has-post-thumbnail","6":"product_cat-kjoler","7":"product_cat-kjoler-og-nederdele","8":"product_cat-kvinder","9":"product_tag-beklaedning","10":"product_tag-body","11":"product_tag-butte-kvinder","12":"product_tag-fraek","13":"product_tag-fraekt","14":"product_tag-fraekt-undertoej","15":"product_tag-kjole","16":"product_tag-kjole-med-slaa-om-halterneck","17":"product_tag-noir","18":"product_tag-noir-wetlook-kjole-med-slaa-om-halterneck","19":"product_tag-sexy","20":"product_tag-store-kvinder","21":"product_tag-store-piger","22":"product_tag-wetlook","23":"pa_vaelg-l","24":"pa_vaelg-m","25":"pa_vaelg-s","26":"pa_vaelg-xl","28":"entry","29":"has-media","31":"first","32":"instock","33":"sale","34":"taxable","35":"shipping-taxable","36":"purchasable","37":"product-type-variable","38":"has-default-attributes","39":"has-product-nav","40":"col","41":"span_1_of_3","42":"owp-content-center","43":"owp-thumbs-layout-horizontal","44":"owp-btn-normal","45":"owp-tabs-layout-horizontal","47":"circle-sale"},"supplier_id":null,"supplier_sku":"","barcode":null,"atum_controlled":true,"out_stock_date":null,"out_stock_threshold":null,"inheritable":false,"inbound_stock":null,"stock_on_hold":0,"sold_today":0,"sales_last_days":0,"reserved_stock":null,"customer_returns":null,"warehouse_damage":null,"lost_in_post":null,"other_logs":null,"out_stock_days":0,"lost_sales":0,"has_location":null,"update_date":"2026-05-13T00:00:25","atum_locations":[],"atum_stock_status":"instock","restock_status":false,"low_stock_amount":"","sales_update_date":"2026-05-13T00:00:25","calc_backorders":0,"acf":[],"_links":{"self":[{"href":"https:\/\/kinkyshop.dk\/index.php?rest_route=\/wp\/v2\/product\/12780","targetHints":{"allow":["GET"]}}],"collection":[{"href":"https:\/\/kinkyshop.dk\/index.php?rest_route=\/wp\/v2\/product"}],"about":[{"href":"https:\/\/kinkyshop.dk\/index.php?rest_route=\/wp\/v2\/types\/product"}],"version-history":[{"count":1,"href":"https:\/\/kinkyshop.dk\/index.php?rest_route=\/wp\/v2\/product\/12780\/revisions"}],"predecessor-version":[{"id":12791,"href":"https:\/\/kinkyshop.dk\/index.php?rest_route=\/wp\/v2\/product\/12780\/revisions\/12791"}],"wp:featuredmedia":[{"embeddable":true,"href":"https:\/\/kinkyshop.dk\/index.php?rest_route=\/wp\/v2\/media\/12786"}],"wp:attachment":[{"href":"https:\/\/kinkyshop.dk\/index.php?rest_route=%2Fwp%2Fv2%2Fmedia&parent=12780"}],"wp:term":[{"taxonomy":"product_brand","embeddable":true,"href":"https:\/\/kinkyshop.dk\/index.php?rest_route=%2Fwp%2Fv2%2Fproduct_brand&post=12780"},{"taxonomy":"product_cat","embeddable":true,"href":"https:\/\/kinkyshop.dk\/index.php?rest_route=%2Fwp%2Fv2%2Fproduct_cat&post=12780"},{"taxonomy":"product_tag","embeddable":true,"href":"https:\/\/kinkyshop.dk\/index.php?rest_route=%2Fwp%2Fv2%2Fproduct_tag&post=12780"}],"curies":[{"name":"wp","href":"https:\/\/api.w.org\/{rel}","templated":true}]}}