{"id":12898,"date":"2024-02-13T06:05:51","date_gmt":"2024-02-13T05:05:51","guid":{"rendered":"https:\/\/kinkyshop.dk\/?post_type=product&#038;p=12898"},"modified":"2024-02-13T06:06:45","modified_gmt":"2024-02-13T05:06:45","slug":"vibepad-3-klitoris-stimulator-med-vibrator-og-fjernbetjening","status":"publish","type":"product","link":"https:\/\/kinkyshop.dk\/?product=vibepad-3-klitoris-stimulator-med-vibrator-og-fjernbetjening","title":{"rendered":"Vibepad 3 klitoris stimulator med Vibrator og Fjernbetjening"},"content":{"rendered":"<p>Placer vibepad 3 p\u00e5 en behagelig stol eller et andet fast underlag. Inds\u00e6t derefter vibratoren i din vagina med det buede hoved vippet v\u00e6k fra din krop.<br \/>\nS\u00e6t dig derefter p\u00e5 ridepad&#8217;en, s\u00e5 det ene vibrobeat stimulerer din klitoris og det andet dit mellemk\u00f8d og anus.<br \/>\nP\u00e5f\u00f8r en smule vandbaseret glidecreme for ekstra glathed og forbedret vibrationstransmission.<br \/>\nDerefter kan du nemt starte vibrationerne med fjernbetjeningen.<br \/>\nOg s\u00e5 er du klar til en hed h\u00e5ndfri tur p\u00e5 vibepad 3!<\/p>\n<p>Hvad er s\u00e5 specielt ved vibepad 3?<br \/>\nMed den silkebl\u00f8de vibepad 3 kan du fork\u00e6le dig selv p\u00e5 tre m\u00e5der, b\u00e5de indvendigt og udvendigt! Mens den man\u00f8vrerbare vibrator stimulerer din vagina og G-zone intensivt, bliver din klitoris og anus ogs\u00e5 fork\u00e6let af vibro-kuglerne.<br \/>\nDine h\u00e6nder (til k\u00e6leri osv.) forbliver frie. Tre kraftige motorer giver 3 x 7 vibrationstilstande og kan nemt styres med fjernbetjeningen, som du \u00f8nsker det.<br \/>\nDa vibepad 3 er vandt\u00e6t, kan du endda tage den med i badet eller brusebadet.<br \/>\nMen du beh\u00f8ver ikke kun at have det sjovt med dette superleget\u00f8j alene, du kan ogs\u00e5 invitere din partner med p\u00e5 en rask tur.<br \/>\nEt innovativt k\u00e6rlighedsleget\u00f8j til f\u00e6nomenale orgasmer og masser af sjov!<\/p>\n<p>Hvordan reng\u00f8r jeg vibepad 3?<br \/>\nVi anbefaler, at du bruger en leget\u00f8jsrens til reng\u00f8ring og s\u00e6rlig pleje.<\/p>\n<p>Hvad skal jeg v\u00e6re opm\u00e6rksom p\u00e5 med vibepad 3?<br \/>\nBrug kun vibepad 3 med vandbaseret glidecreme. Produkter, der indeholder silikone, kan beskadige materialerne af h\u00f8j kvalitet.<\/p>\n<p>29 cm lang, maks. 16,1 cm bred, 12 cm h\u00f8j.<br \/>\nVibrator: indf\u00f8ringsl\u00e6ngde 10,6 cm, \u00d8 2 cm &#8211; 2,9 cm.<br \/>\nV\u00e6gt 446 g.<br \/>\nSilikone, PU, ABS.<\/p>\n","protected":false},"excerpt":{"rendered":"<p>Placer vibepad 3 p\u00e5 en behagelig stol eller et andet fast underlag. Inds\u00e6t derefter vibratoren i din vagina med det buede hoved vippet v\u00e6k fra din krop. S\u00e6t dig derefter p\u00e5 ridepad&#8217;en, s\u00e5 det ene vibrobeat stimulerer din klitoris og det andet dit mellemk\u00f8d og anus. P\u00e5f\u00f8r en smule vandbaseret glidecreme for ekstra glathed og [&hellip;]<\/p>\n","protected":false},"featured_media":12911,"template":"","meta":{"_acf_changed":false,"ocean_post_layout":"","ocean_both_sidebars_style":"","ocean_both_sidebars_content_width":0,"ocean_both_sidebars_sidebars_width":0,"ocean_sidebar":"0","ocean_second_sidebar":"0","ocean_disable_margins":"enable","ocean_add_body_class":"","ocean_shortcode_before_top_bar":"","ocean_shortcode_after_top_bar":"","ocean_shortcode_before_header":"","ocean_shortcode_after_header":"","ocean_has_shortcode":"","ocean_shortcode_after_title":"","ocean_shortcode_before_footer_widgets":"","ocean_shortcode_after_footer_widgets":"","ocean_shortcode_before_footer_bottom":"","ocean_shortcode_after_footer_bottom":"","ocean_display_top_bar":"default","ocean_display_header":"default","ocean_header_style":"","ocean_center_header_left_menu":"0","ocean_custom_header_template":"0","ocean_custom_logo":0,"ocean_custom_retina_logo":0,"ocean_custom_logo_max_width":0,"ocean_custom_logo_tablet_max_width":0,"ocean_custom_logo_mobile_max_width":0,"ocean_custom_logo_max_height":0,"ocean_custom_logo_tablet_max_height":0,"ocean_custom_logo_mobile_max_height":0,"ocean_header_custom_menu":"0","ocean_menu_typo_font_family":"0","ocean_menu_typo_font_subset":"","ocean_menu_typo_font_size":0,"ocean_menu_typo_font_size_tablet":0,"ocean_menu_typo_font_size_mobile":0,"ocean_menu_typo_font_size_unit":"px","ocean_menu_typo_font_weight":"","ocean_menu_typo_font_weight_tablet":"","ocean_menu_typo_font_weight_mobile":"","ocean_menu_typo_transform":"","ocean_menu_typo_transform_tablet":"","ocean_menu_typo_transform_mobile":"","ocean_menu_typo_line_height":0,"ocean_menu_typo_line_height_tablet":0,"ocean_menu_typo_line_height_mobile":0,"ocean_menu_typo_line_height_unit":"","ocean_menu_typo_spacing":0,"ocean_menu_typo_spacing_tablet":0,"ocean_menu_typo_spacing_mobile":0,"ocean_menu_typo_spacing_unit":"","ocean_menu_link_color":"","ocean_menu_link_color_hover":"","ocean_menu_link_color_active":"","ocean_menu_link_background":"","ocean_menu_link_hover_background":"","ocean_menu_link_active_background":"","ocean_menu_social_links_bg":"","ocean_menu_social_hover_links_bg":"","ocean_menu_social_links_color":"","ocean_menu_social_hover_links_color":"","ocean_disable_title":"default","ocean_disable_heading":"default","ocean_post_title":"","ocean_post_subheading":"","ocean_post_title_style":"","ocean_post_title_background_color":"","ocean_post_title_background":0,"ocean_post_title_bg_image_position":"","ocean_post_title_bg_image_attachment":"","ocean_post_title_bg_image_repeat":"","ocean_post_title_bg_image_size":"","ocean_post_title_height":0,"ocean_post_title_bg_overlay":0.5,"ocean_post_title_bg_overlay_color":"","ocean_disable_breadcrumbs":"default","ocean_breadcrumbs_color":"","ocean_breadcrumbs_separator_color":"","ocean_breadcrumbs_links_color":"","ocean_breadcrumbs_links_hover_color":"","ocean_display_footer_widgets":"default","ocean_display_footer_bottom":"default","ocean_custom_footer_template":"0","osh_disable_topbar_sticky":"default","osh_disable_header_sticky":"default","osh_sticky_header_style":"default","osh_sticky_header_effect":"","osh_custom_sticky_logo":0,"osh_custom_retina_sticky_logo":0,"osh_custom_sticky_logo_height":0,"osh_background_color":"","osh_links_color":"","osh_links_hover_color":"","osh_links_active_color":"","osh_links_bg_color":"","osh_links_hover_bg_color":"","osh_links_active_bg_color":"","osh_menu_social_links_color":"","osh_menu_social_hover_links_color":""},"product_brand":[],"product_cat":[395,256,262],"product_tag":[748,761,999,1219,771,785,797,939,877,1218],"class_list":{"0":"post-12898","1":"product","2":"type-product","3":"status-publish","4":"has-post-thumbnail","6":"product_cat-g-punkt-vibrator","7":"product_cat-kvinder","8":"product_cat-vibratorer","9":"product_tag-anal","10":"product_tag-analsex","11":"product_tag-diverse-sexlegetoej","12":"product_tag-kin","13":"product_tag-kvinder","14":"product_tag-sex","15":"product_tag-sexlege","16":"product_tag-sexlege-piger","17":"product_tag-store-kvinder","18":"product_tag-vibepad-3-klitoris-stimulator-med-vibrator-og-fjernbetjening","20":"entry","21":"has-media","23":"first","24":"instock","25":"taxable","26":"shipping-taxable","27":"purchasable","28":"product-type-simple","29":"has-product-nav","30":"col","31":"span_1_of_3","32":"owp-content-center","33":"owp-thumbs-layout-horizontal","34":"owp-btn-normal","35":"owp-tabs-layout-horizontal","37":"circle-sale"},"supplier_id":null,"supplier_sku":"","barcode":null,"atum_controlled":true,"out_stock_date":null,"out_stock_threshold":null,"inheritable":false,"inbound_stock":null,"stock_on_hold":0,"sold_today":0,"sales_last_days":0,"reserved_stock":null,"customer_returns":null,"warehouse_damage":null,"lost_in_post":null,"other_logs":null,"out_stock_days":0,"lost_sales":0,"has_location":null,"update_date":"2025-12-13T00:08:26","atum_locations":[],"atum_stock_status":"instock","restock_status":false,"low_stock_amount":"","sales_update_date":"2025-12-13T00:08:26","calc_backorders":0,"acf":[],"_links":{"self":[{"href":"https:\/\/kinkyshop.dk\/index.php?rest_route=\/wp\/v2\/product\/12898","targetHints":{"allow":["GET"]}}],"collection":[{"href":"https:\/\/kinkyshop.dk\/index.php?rest_route=\/wp\/v2\/product"}],"about":[{"href":"https:\/\/kinkyshop.dk\/index.php?rest_route=\/wp\/v2\/types\/product"}],"version-history":[{"count":1,"href":"https:\/\/kinkyshop.dk\/index.php?rest_route=\/wp\/v2\/product\/12898\/revisions"}],"predecessor-version":[{"id":12913,"href":"https:\/\/kinkyshop.dk\/index.php?rest_route=\/wp\/v2\/product\/12898\/revisions\/12913"}],"wp:featuredmedia":[{"embeddable":true,"href":"https:\/\/kinkyshop.dk\/index.php?rest_route=\/wp\/v2\/media\/12911"}],"wp:attachment":[{"href":"https:\/\/kinkyshop.dk\/index.php?rest_route=%2Fwp%2Fv2%2Fmedia&parent=12898"}],"wp:term":[{"taxonomy":"product_brand","embeddable":true,"href":"https:\/\/kinkyshop.dk\/index.php?rest_route=%2Fwp%2Fv2%2Fproduct_brand&post=12898"},{"taxonomy":"product_cat","embeddable":true,"href":"https:\/\/kinkyshop.dk\/index.php?rest_route=%2Fwp%2Fv2%2Fproduct_cat&post=12898"},{"taxonomy":"product_tag","embeddable":true,"href":"https:\/\/kinkyshop.dk\/index.php?rest_route=%2Fwp%2Fv2%2Fproduct_tag&post=12898"}],"curies":[{"name":"wp","href":"https:\/\/api.w.org\/{rel}","templated":true}]}}