{"id":13034,"date":"2024-02-14T06:26:10","date_gmt":"2024-02-14T05:26:10","guid":{"rendered":"https:\/\/kinkyshop.dk\/?post_type=product&#038;p=13034"},"modified":"2024-02-14T06:26:13","modified_gmt":"2024-02-14T05:26:13","slug":"womanizer-next-klitoris-stimulator","status":"publish","type":"product","link":"https:\/\/kinkyshop.dk\/?product=womanizer-next-klitoris-stimulator","title":{"rendered":"Womanizer NEXT Klitoris Stimulator"},"content":{"rendered":"<p>Hvordan bruger jeg Womanizer NEXT?<br \/>\nDu skal blot placere Womanizer NEXT p\u00e5 din klitoris eller brystvorter og lade de pulserende trykb\u00f8lger fork\u00e6le dig uden at r\u00f8re ved dem.<br \/>\nDu kan nemt styre de 14 intensiteter og dybden (Climax Control) af pulseringen ved hj\u00e6lp af knapperne direkte p\u00e5 leget\u00f8jet.<br \/>\nNEXT t\u00e6ndes f\u00f8rst, n\u00e5r den n\u00e6sten r\u00f8rer ved din hud.<br \/>\nIndtil da k\u00f8rer den diskret i standbytilstand.<br \/>\nHvis du vil overraskes af de forskellige pulseringer, skal du blot trykke p\u00e5 autopilot-knappen.<br \/>\nHvis du vil lade din orgasme forsvinde, skal du blot trykke p\u00e5 minusknappen (-) i 1 sekund.<br \/>\nPr\u00f8v alle mulighederne!<\/p>\n<p>Hvad er det s\u00e6rlige ved NEXT?<br \/>\nDen nye Womanizer NEXT er endnu mere st\u00f8jsvag og sofistikeret end de andre Womanizere: Next Generation nu med 3D Pleasure Air-teknologi! Fork\u00e6l dig selv med kontaktl\u00f8s og pr\u00e6cis klitorisstimulation med pulserende trykb\u00f8lger. Oplev de mest vidunderlige orgasmer &#8211; igen og igen &#8211; uden overstimulering eller tilv\u00e6nning. Enkelt og praktisk! Den praktiske pamper kommer med en hel armada af praktiske funktioner, som du bare skal trykke p\u00e5 knapperne for at f\u00e5. Skab dine egne personlige pulseringer &#8211; fra bl\u00f8de og blide til intense og gennemtr\u00e6ngende. Eller lad autopiloten overraske dig. Bring dig selv langsomt til orgasme, eller bring dig selv til en voldsom orgasme. Skab dine klimaks, lige som du har det. Fork\u00e6l dig selv med sjov i badet og brusebadet, for NEXT er selvf\u00f8lgelig vandt\u00e6t. Og n\u00e5r du lykkeligt rider p\u00e5 dine orgasmiske b\u00f8lger, skifter NEXT straks til standby. S\u00e5 er den klar igen, n\u00e5r du vil have endnu mere. Oplev sp\u00e6ndende nye m\u00e5der at opleve intense og multiple orgasmer p\u00e5 med Womanizer NEXT!<\/p>\n<p>Hvad skal jeg v\u00e6re opm\u00e6rksom p\u00e5 med Womanizer NEXT?<br \/>\nWomanizer NEXT b\u00f8r kun bruges med vandbaserede glidecremer. Produkter, der indeholder silikone, kan beskadige materialet!<\/p>\n<p>Hvordan g\u00f8r jeg Womanizer NEXT ren?<br \/>\nFjern stimulationsforsatsen fra enheden, og reng\u00f8r begge dele separat. Vi anbefaler at bruge en leget\u00f8jsrenser til reng\u00f8ring og s\u00e6rlig pleje.<\/p>\n<p>193 x 112 x 68 mm.<br \/>\nV\u00e6gt 415 g.<br \/>\nABS, PU, silikone.<\/p>\n","protected":false},"excerpt":{"rendered":"<p>Hvordan bruger jeg Womanizer NEXT? Du skal blot placere Womanizer NEXT p\u00e5 din klitoris eller brystvorter og lade de pulserende trykb\u00f8lger fork\u00e6le dig uden at r\u00f8re ved dem. Du kan nemt styre de 14 intensiteter og dybden (Climax Control) af pulseringen ved hj\u00e6lp af knapperne direkte p\u00e5 leget\u00f8jet. NEXT t\u00e6ndes f\u00f8rst, n\u00e5r den n\u00e6sten r\u00f8rer [&hellip;]<\/p>\n","protected":false},"featured_media":13056,"template":"","meta":{"_acf_changed":false,"ocean_post_layout":"","ocean_both_sidebars_style":"","ocean_both_sidebars_content_width":0,"ocean_both_sidebars_sidebars_width":0,"ocean_sidebar":"0","ocean_second_sidebar":"0","ocean_disable_margins":"enable","ocean_add_body_class":"","ocean_shortcode_before_top_bar":"","ocean_shortcode_after_top_bar":"","ocean_shortcode_before_header":"","ocean_shortcode_after_header":"","ocean_has_shortcode":"","ocean_shortcode_after_title":"","ocean_shortcode_before_footer_widgets":"","ocean_shortcode_after_footer_widgets":"","ocean_shortcode_before_footer_bottom":"","ocean_shortcode_after_footer_bottom":"","ocean_display_top_bar":"default","ocean_display_header":"default","ocean_header_style":"","ocean_center_header_left_menu":"0","ocean_custom_header_template":"0","ocean_custom_logo":0,"ocean_custom_retina_logo":0,"ocean_custom_logo_max_width":0,"ocean_custom_logo_tablet_max_width":0,"ocean_custom_logo_mobile_max_width":0,"ocean_custom_logo_max_height":0,"ocean_custom_logo_tablet_max_height":0,"ocean_custom_logo_mobile_max_height":0,"ocean_header_custom_menu":"0","ocean_menu_typo_font_family":"0","ocean_menu_typo_font_subset":"","ocean_menu_typo_font_size":0,"ocean_menu_typo_font_size_tablet":0,"ocean_menu_typo_font_size_mobile":0,"ocean_menu_typo_font_size_unit":"px","ocean_menu_typo_font_weight":"","ocean_menu_typo_font_weight_tablet":"","ocean_menu_typo_font_weight_mobile":"","ocean_menu_typo_transform":"","ocean_menu_typo_transform_tablet":"","ocean_menu_typo_transform_mobile":"","ocean_menu_typo_line_height":0,"ocean_menu_typo_line_height_tablet":0,"ocean_menu_typo_line_height_mobile":0,"ocean_menu_typo_line_height_unit":"","ocean_menu_typo_spacing":0,"ocean_menu_typo_spacing_tablet":0,"ocean_menu_typo_spacing_mobile":0,"ocean_menu_typo_spacing_unit":"","ocean_menu_link_color":"","ocean_menu_link_color_hover":"","ocean_menu_link_color_active":"","ocean_menu_link_background":"","ocean_menu_link_hover_background":"","ocean_menu_link_active_background":"","ocean_menu_social_links_bg":"","ocean_menu_social_hover_links_bg":"","ocean_menu_social_links_color":"","ocean_menu_social_hover_links_color":"","ocean_disable_title":"default","ocean_disable_heading":"default","ocean_post_title":"","ocean_post_subheading":"","ocean_post_title_style":"","ocean_post_title_background_color":"","ocean_post_title_background":0,"ocean_post_title_bg_image_position":"","ocean_post_title_bg_image_attachment":"","ocean_post_title_bg_image_repeat":"","ocean_post_title_bg_image_size":"","ocean_post_title_height":0,"ocean_post_title_bg_overlay":0.5,"ocean_post_title_bg_overlay_color":"","ocean_disable_breadcrumbs":"default","ocean_breadcrumbs_color":"","ocean_breadcrumbs_separator_color":"","ocean_breadcrumbs_links_color":"","ocean_breadcrumbs_links_hover_color":"","ocean_display_footer_widgets":"default","ocean_display_footer_bottom":"default","ocean_custom_footer_template":"0","osh_disable_topbar_sticky":"default","osh_disable_header_sticky":"default","osh_sticky_header_style":"default","osh_sticky_header_effect":"","osh_custom_sticky_logo":0,"osh_custom_retina_sticky_logo":0,"osh_custom_sticky_logo_height":0,"osh_background_color":"","osh_links_color":"","osh_links_hover_color":"","osh_links_active_color":"","osh_links_bg_color":"","osh_links_hover_bg_color":"","osh_links_active_bg_color":"","osh_menu_social_links_color":"","osh_menu_social_hover_links_color":""},"product_brand":[],"product_cat":[400,256,262],"product_tag":[960,937,999,739,812,770,769,771,1238,797,737,816,920,1096,724,897,1237,1236],"class_list":{"0":"post-13034","1":"product","2":"type-product","3":"status-publish","4":"has-post-thumbnail","6":"product_cat-klitoris-vibrator","7":"product_cat-kvinder","8":"product_cat-vibratorer","9":"product_tag-butte-kvinder","10":"product_tag-dildo-vibrator","11":"product_tag-diverse-sexlegetoej","12":"product_tag-fraek","13":"product_tag-fraekt","14":"product_tag-klitoris","15":"product_tag-klitoris-stimulator","16":"product_tag-kvinder","17":"product_tag-next","18":"product_tag-sexlege","19":"product_tag-sexlegetoej","20":"product_tag-sexy","21":"product_tag-sexy-kvinde","22":"product_tag-stimulator","23":"product_tag-vibrator","24":"product_tag-womanizer","25":"product_tag-womanizer-next","26":"product_tag-womanizer-next-klitoris-stimulator","27":"pa_vaelg-lilla","28":"pa_vaelg-sort","29":"pa_vaelg-turkis","31":"entry","32":"has-media","34":"first","35":"instock","36":"taxable","37":"shipping-taxable","38":"purchasable","39":"product-type-variable","40":"has-default-attributes","41":"has-product-nav","42":"col","43":"span_1_of_3","44":"owp-content-center","45":"owp-thumbs-layout-horizontal","46":"owp-btn-normal","47":"owp-tabs-layout-horizontal","49":"circle-sale"},"supplier_id":null,"supplier_sku":"","barcode":null,"atum_controlled":true,"out_stock_date":null,"out_stock_threshold":null,"inheritable":false,"inbound_stock":null,"stock_on_hold":0,"sold_today":0,"sales_last_days":0,"reserved_stock":null,"customer_returns":null,"warehouse_damage":null,"lost_in_post":null,"other_logs":null,"out_stock_days":0,"lost_sales":0,"has_location":null,"update_date":"2025-12-13T00:08:27","atum_locations":[],"atum_stock_status":"instock","restock_status":false,"low_stock_amount":"","sales_update_date":"2025-12-13T00:08:27","calc_backorders":0,"acf":[],"_links":{"self":[{"href":"https:\/\/kinkyshop.dk\/index.php?rest_route=\/wp\/v2\/product\/13034","targetHints":{"allow":["GET"]}}],"collection":[{"href":"https:\/\/kinkyshop.dk\/index.php?rest_route=\/wp\/v2\/product"}],"about":[{"href":"https:\/\/kinkyshop.dk\/index.php?rest_route=\/wp\/v2\/types\/product"}],"version-history":[{"count":1,"href":"https:\/\/kinkyshop.dk\/index.php?rest_route=\/wp\/v2\/product\/13034\/revisions"}],"predecessor-version":[{"id":13060,"href":"https:\/\/kinkyshop.dk\/index.php?rest_route=\/wp\/v2\/product\/13034\/revisions\/13060"}],"wp:featuredmedia":[{"embeddable":true,"href":"https:\/\/kinkyshop.dk\/index.php?rest_route=\/wp\/v2\/media\/13056"}],"wp:attachment":[{"href":"https:\/\/kinkyshop.dk\/index.php?rest_route=%2Fwp%2Fv2%2Fmedia&parent=13034"}],"wp:term":[{"taxonomy":"product_brand","embeddable":true,"href":"https:\/\/kinkyshop.dk\/index.php?rest_route=%2Fwp%2Fv2%2Fproduct_brand&post=13034"},{"taxonomy":"product_cat","embeddable":true,"href":"https:\/\/kinkyshop.dk\/index.php?rest_route=%2Fwp%2Fv2%2Fproduct_cat&post=13034"},{"taxonomy":"product_tag","embeddable":true,"href":"https:\/\/kinkyshop.dk\/index.php?rest_route=%2Fwp%2Fv2%2Fproduct_tag&post=13034"}],"curies":[{"name":"wp","href":"https:\/\/api.w.org\/{rel}","templated":true}]}}