{"id":13245,"date":"2024-03-19T03:12:10","date_gmt":"2024-03-19T02:12:10","guid":{"rendered":"https:\/\/kinkyshop.dk\/?post_type=product&#038;p=13245"},"modified":"2024-04-15T01:01:43","modified_gmt":"2024-04-14T23:01:43","slug":"silikone-rabbit-vibrator-med-varme-funktion","status":"publish","type":"product","link":"https:\/\/kinkyshop.dk\/?product=silikone-rabbit-vibrator-med-varme-funktion","title":{"rendered":"Silikone Rabbit Vibrator med Varme Funktion"},"content":{"rendered":"<p>Denne rabbitvibrator er meget nem at bruge: Inds\u00e6t skaften forsigtigt i din vagina.<br \/>\nDen er lige rigtigt, n\u00e5r stimulusarmen er over din klitoris.<br \/>\nLidt vandbaseret glidecreme giver en ekstra dosis smidighed.<br \/>\nMed et tryk p\u00e5 en knap kan du sammens\u00e6tte dit personlige yndlingsprogram: De 10 vibrationsmodi kan styres separat fra de 3 st\u00f8d- og rotationsmodi.<br \/>\nDerudover giver varmefunktionen dig et sensuelt h\u00f8jdepunkt helt op til maksimalt 42 \u00b0 C. Pr\u00f8v det!<\/p>\n<p>Hvad er specielt ved rabbitvibratoren?<br \/>\nRabbitvibratoren ser ikke kun s\u00e6rlig elegant ud, men f\u00f8les ogs\u00e5 liges\u00e5 livlig og kropsvarm som n\u00e6ppe et andet k\u00e6rlighedsleget\u00f8j.<br \/>\nDen sensuelle all-round fork\u00e6lelse s\u00e6tter vagina, G-punkt og klitoris i bev\u00e6gelse p\u00e5 samme tid &#8211; og det med en bred vifte af forskellige funktioner, som du kan kontrollere ligesom du vil.<br \/>\nMed sine stimulerende riller tilbyder skaften en stimuleringsintensiv overfladestruktur.<br \/>\nGl\u00e6den afrundes af de bev\u00e6gelige kanin\u00f8rer p\u00e5 klitorisstimulatoren. For mere sjov under sex &#8211; ogs\u00e5 i badekarret eller i brusebadet.<\/p>\n<p>Hvad skal jeg overveje med rabbitvibratoren?<br \/>\nDer kan ikke anvendes silikoneholdige sm\u00f8remidler til kaninvibratoren. De kan skade materialet.<\/p>\n<p>Hvordan reng\u00f8res rabbitvibratoren?<br \/>\nDu kan reng\u00f8re rabbitvibratoren med vand og mild s\u00e6be. Vi anbefaler en leget\u00f8jsrenser til s\u00e6rlig pleje.<\/p>\n<p>Komplet l\u00e6ngde 26,5 cm, inds\u00e6tningsdybde 13 cm, \u00d8 2-4,1 cm. Silikone med PU, ABS.<\/p>\n","protected":false},"excerpt":{"rendered":"<p>Denne rabbitvibrator er meget nem at bruge: Inds\u00e6t skaften forsigtigt i din vagina. Den er lige rigtigt, n\u00e5r stimulusarmen er over din klitoris. Lidt vandbaseret glidecreme giver en ekstra dosis smidighed. Med et tryk p\u00e5 en knap kan du sammens\u00e6tte dit personlige yndlingsprogram: De 10 vibrationsmodi kan styres separat fra de 3 st\u00f8d- og rotationsmodi. [&hellip;]<\/p>\n","protected":false},"featured_media":13255,"template":"","meta":{"_acf_changed":false,"ocean_post_layout":"","ocean_both_sidebars_style":"","ocean_both_sidebars_content_width":0,"ocean_both_sidebars_sidebars_width":0,"ocean_sidebar":"0","ocean_second_sidebar":"0","ocean_disable_margins":"enable","ocean_add_body_class":"","ocean_shortcode_before_top_bar":"","ocean_shortcode_after_top_bar":"","ocean_shortcode_before_header":"","ocean_shortcode_after_header":"","ocean_has_shortcode":"","ocean_shortcode_after_title":"","ocean_shortcode_before_footer_widgets":"","ocean_shortcode_after_footer_widgets":"","ocean_shortcode_before_footer_bottom":"","ocean_shortcode_after_footer_bottom":"","ocean_display_top_bar":"default","ocean_display_header":"default","ocean_header_style":"","ocean_center_header_left_menu":"0","ocean_custom_header_template":"0","ocean_custom_logo":0,"ocean_custom_retina_logo":0,"ocean_custom_logo_max_width":0,"ocean_custom_logo_tablet_max_width":0,"ocean_custom_logo_mobile_max_width":0,"ocean_custom_logo_max_height":0,"ocean_custom_logo_tablet_max_height":0,"ocean_custom_logo_mobile_max_height":0,"ocean_header_custom_menu":"0","ocean_menu_typo_font_family":"0","ocean_menu_typo_font_subset":"","ocean_menu_typo_font_size":0,"ocean_menu_typo_font_size_tablet":0,"ocean_menu_typo_font_size_mobile":0,"ocean_menu_typo_font_size_unit":"px","ocean_menu_typo_font_weight":"","ocean_menu_typo_font_weight_tablet":"","ocean_menu_typo_font_weight_mobile":"","ocean_menu_typo_transform":"","ocean_menu_typo_transform_tablet":"","ocean_menu_typo_transform_mobile":"","ocean_menu_typo_line_height":0,"ocean_menu_typo_line_height_tablet":0,"ocean_menu_typo_line_height_mobile":0,"ocean_menu_typo_line_height_unit":"","ocean_menu_typo_spacing":0,"ocean_menu_typo_spacing_tablet":0,"ocean_menu_typo_spacing_mobile":0,"ocean_menu_typo_spacing_unit":"","ocean_menu_link_color":"","ocean_menu_link_color_hover":"","ocean_menu_link_color_active":"","ocean_menu_link_background":"","ocean_menu_link_hover_background":"","ocean_menu_link_active_background":"","ocean_menu_social_links_bg":"","ocean_menu_social_hover_links_bg":"","ocean_menu_social_links_color":"","ocean_menu_social_hover_links_color":"","ocean_disable_title":"default","ocean_disable_heading":"default","ocean_post_title":"","ocean_post_subheading":"","ocean_post_title_style":"","ocean_post_title_background_color":"","ocean_post_title_background":0,"ocean_post_title_bg_image_position":"","ocean_post_title_bg_image_attachment":"","ocean_post_title_bg_image_repeat":"","ocean_post_title_bg_image_size":"","ocean_post_title_height":0,"ocean_post_title_bg_overlay":0.5,"ocean_post_title_bg_overlay_color":"","ocean_disable_breadcrumbs":"default","ocean_breadcrumbs_color":"","ocean_breadcrumbs_separator_color":"","ocean_breadcrumbs_links_color":"","ocean_breadcrumbs_links_hover_color":"","ocean_display_footer_widgets":"default","ocean_display_footer_bottom":"default","ocean_custom_footer_template":"0","osh_disable_topbar_sticky":"default","osh_disable_header_sticky":"default","osh_sticky_header_style":"default","osh_sticky_header_effect":"","osh_custom_sticky_logo":0,"osh_custom_retina_sticky_logo":0,"osh_custom_sticky_logo_height":0,"osh_background_color":"","osh_links_color":"","osh_links_hover_color":"","osh_links_active_color":"","osh_links_bg_color":"","osh_links_hover_bg_color":"","osh_links_active_bg_color":"","osh_menu_social_links_color":"","osh_menu_social_hover_links_color":""},"product_brand":[],"product_cat":[256,324,262],"product_tag":[960,736,937,999,739,812,770,771,1266,785,797,939,737,920,763,1267,1265,877,876],"class_list":{"0":"post-13245","1":"product","2":"type-product","3":"status-publish","4":"has-post-thumbnail","6":"product_cat-kvinder","7":"product_cat-rabbit-vibrator","8":"product_cat-vibratorer","9":"product_tag-butte-kvinder","10":"product_tag-dildo","11":"product_tag-dildo-vibrator","12":"product_tag-diverse-sexlegetoej","13":"product_tag-fraek","14":"product_tag-fraekt","15":"product_tag-klitoris","16":"product_tag-kvinder","17":"product_tag-rabbit-vibrator","18":"product_tag-sex","19":"product_tag-sexlege","20":"product_tag-sexlege-piger","21":"product_tag-sexlegetoej","22":"product_tag-sexy-kvinde","23":"product_tag-sikkersex","24":"product_tag-silikone","25":"product_tag-silikone-rabbit-vibrator-med-varme-funktion","26":"product_tag-store-kvinder","27":"product_tag-store-piger","29":"entry","30":"has-media","32":"first","33":"instock","34":"taxable","35":"shipping-taxable","36":"purchasable","37":"product-type-simple","38":"has-product-nav","39":"col","40":"span_1_of_3","41":"owp-content-center","42":"owp-thumbs-layout-horizontal","43":"owp-btn-normal","44":"owp-tabs-layout-horizontal","46":"circle-sale"},"supplier_id":null,"supplier_sku":"","barcode":null,"atum_controlled":true,"out_stock_date":null,"out_stock_threshold":null,"inheritable":false,"inbound_stock":null,"stock_on_hold":0,"sold_today":0,"sales_last_days":0,"reserved_stock":null,"customer_returns":null,"warehouse_damage":null,"lost_in_post":null,"other_logs":null,"out_stock_days":0,"lost_sales":0,"has_location":null,"update_date":"2026-05-07T21:13:00","atum_locations":[],"atum_stock_status":"instock","restock_status":false,"low_stock_amount":"","sales_update_date":"2026-05-07T21:13:00","calc_backorders":0,"acf":[],"_links":{"self":[{"href":"https:\/\/kinkyshop.dk\/index.php?rest_route=\/wp\/v2\/product\/13245","targetHints":{"allow":["GET"]}}],"collection":[{"href":"https:\/\/kinkyshop.dk\/index.php?rest_route=\/wp\/v2\/product"}],"about":[{"href":"https:\/\/kinkyshop.dk\/index.php?rest_route=\/wp\/v2\/types\/product"}],"version-history":[{"count":1,"href":"https:\/\/kinkyshop.dk\/index.php?rest_route=\/wp\/v2\/product\/13245\/revisions"}],"predecessor-version":[{"id":13256,"href":"https:\/\/kinkyshop.dk\/index.php?rest_route=\/wp\/v2\/product\/13245\/revisions\/13256"}],"wp:featuredmedia":[{"embeddable":true,"href":"https:\/\/kinkyshop.dk\/index.php?rest_route=\/wp\/v2\/media\/13255"}],"wp:attachment":[{"href":"https:\/\/kinkyshop.dk\/index.php?rest_route=%2Fwp%2Fv2%2Fmedia&parent=13245"}],"wp:term":[{"taxonomy":"product_brand","embeddable":true,"href":"https:\/\/kinkyshop.dk\/index.php?rest_route=%2Fwp%2Fv2%2Fproduct_brand&post=13245"},{"taxonomy":"product_cat","embeddable":true,"href":"https:\/\/kinkyshop.dk\/index.php?rest_route=%2Fwp%2Fv2%2Fproduct_cat&post=13245"},{"taxonomy":"product_tag","embeddable":true,"href":"https:\/\/kinkyshop.dk\/index.php?rest_route=%2Fwp%2Fv2%2Fproduct_tag&post=13245"}],"curies":[{"name":"wp","href":"https:\/\/api.w.org\/{rel}","templated":true}]}}