{"id":13299,"date":"2024-03-25T08:48:04","date_gmt":"2024-03-25T07:48:04","guid":{"rendered":"https:\/\/kinkyshop.dk\/?post_type=product&#038;p=13299"},"modified":"2024-04-16T01:00:09","modified_gmt":"2024-04-15T23:00:09","slug":"realistixxx-double-fucker-strap-on-med-vibrator","status":"publish","type":"product","link":"https:\/\/kinkyshop.dk\/?product=realistixxx-double-fucker-strap-on-med-vibrator","title":{"rendered":"Realistixxx Double Fucker Strap-On med Vibrator"},"content":{"rendered":"<p>S\u00e6t den elastiske penis\/pung-ring over dine kronjuveler, s\u00e5 din penis ligger perfekt i dildoens bule.<br \/>\nDu bliver udstyret med 2 penisser til dobbelt nydelse! Brug altid en vandbaseret glidecreme under dobbelt vaginal\/anal penetration for mere glathed under fyldende sexgl\u00e6de.<br \/>\nInds\u00e6t blot den medf\u00f8lgende vibrobullet i den bageste \u00e5bning p\u00e5 naturdildoen.<br \/>\n3 vibrationstilstande kan nemt styres med et tryk p\u00e5 en knap.<br \/>\nDe st\u00e6rke vibrationer kan m\u00e6rkes intenst af jer begge under tilfredsstillende sex. Pr\u00f8v den!<\/p>\n<p>Hvad er s\u00e5 specielt ved Double Fucker + Vibration?<br \/>\nFork\u00e6l dig selv med et dobbeltknald uden en flirt! Double Fucker giver dig denne totalt tilfredsstillende nydelse.<br \/>\nDen placeres ganske enkelt p\u00e5 penis, s\u00e5 dobbelt vaginal eller dobbelt anal penetrering er mulig.<br \/>\nP\u00e5 den m\u00e5de bliver hver eneste nerve i din vagina eller anus r\u00f8rt og fork\u00e6let med prikkende vibrationer.<br \/>\nOg han f\u00e5r ogs\u00e5 valuta for pengene med den p\u00e5satte vibro-dildo, for hvert st\u00f8d f\u00f8les dejligt sn\u00e6rende og intenst.<br \/>\nDen elastiske ring tager et sp\u00e6ndende fast greb om penis og testikler.<br \/>\nFremstillet af hudlignende Real Feel-materiale, s\u00e5 alt f\u00f8les helt livagtigt! Den perfekte penisopgradering til virkelig sjov for to!<\/p>\n<p>Hvordan reng\u00f8r jeg Double Fucker + Vibration?<br \/>\nVibrobullet&#8217;en kan tages af den naturlige dildo, s\u00e5 begge kan reng\u00f8res separat.<br \/>\nVi anbefaler en leget\u00f8jsrenser til reng\u00f8ring og s\u00e6rlig pleje.<\/p>\n<p>Hvad skal jeg v\u00e6re opm\u00e6rksom p\u00e5 med Double Fucker + Vibration?<br \/>\nBrug kun vandbaseret glidecreme eller speciel leget\u00f8jsgel. Glidecremer, der indeholder silikone, kan angribe den bl\u00f8de silkeagtige overflade.<\/p>\n<p>Penis\/testikelring \u00d8 4 cm (str\u00e6kbar).<br \/>\nDildo 18 cm lang, indf\u00f8ringsl\u00e6ngde 14,5 cm, \u00d8 maks. 4,5 cm.<br \/>\nV\u00e6gt 180 g.<br \/>\nVibrobullet 9,3 cm lang. \u00d8 maks. 1,9 cm.<br \/>\nV\u00e6gt 22 g.<br \/>\nTPE, ABS, silikone.<\/p>\n","protected":false},"excerpt":{"rendered":"<p>S\u00e6t den elastiske penis\/pung-ring over dine kronjuveler, s\u00e5 din penis ligger perfekt i dildoens bule. Du bliver udstyret med 2 penisser til dobbelt nydelse! Brug altid en vandbaseret glidecreme under dobbelt vaginal\/anal penetration for mere glathed under fyldende sexgl\u00e6de. Inds\u00e6t blot den medf\u00f8lgende vibrobullet i den bageste \u00e5bning p\u00e5 naturdildoen. 3 vibrationstilstande kan nemt styres [&hellip;]<\/p>\n","protected":false},"featured_media":13300,"template":"","meta":{"_acf_changed":false,"ocean_post_layout":"","ocean_both_sidebars_style":"","ocean_both_sidebars_content_width":0,"ocean_both_sidebars_sidebars_width":0,"ocean_sidebar":"0","ocean_second_sidebar":"0","ocean_disable_margins":"enable","ocean_add_body_class":"","ocean_shortcode_before_top_bar":"","ocean_shortcode_after_top_bar":"","ocean_shortcode_before_header":"","ocean_shortcode_after_header":"","ocean_has_shortcode":"","ocean_shortcode_after_title":"","ocean_shortcode_before_footer_widgets":"","ocean_shortcode_after_footer_widgets":"","ocean_shortcode_before_footer_bottom":"","ocean_shortcode_after_footer_bottom":"","ocean_display_top_bar":"default","ocean_display_header":"default","ocean_header_style":"","ocean_center_header_left_menu":"0","ocean_custom_header_template":"0","ocean_custom_logo":0,"ocean_custom_retina_logo":0,"ocean_custom_logo_max_width":0,"ocean_custom_logo_tablet_max_width":0,"ocean_custom_logo_mobile_max_width":0,"ocean_custom_logo_max_height":0,"ocean_custom_logo_tablet_max_height":0,"ocean_custom_logo_mobile_max_height":0,"ocean_header_custom_menu":"0","ocean_menu_typo_font_family":"0","ocean_menu_typo_font_subset":"","ocean_menu_typo_font_size":0,"ocean_menu_typo_font_size_tablet":0,"ocean_menu_typo_font_size_mobile":0,"ocean_menu_typo_font_size_unit":"px","ocean_menu_typo_font_weight":"","ocean_menu_typo_font_weight_tablet":"","ocean_menu_typo_font_weight_mobile":"","ocean_menu_typo_transform":"","ocean_menu_typo_transform_tablet":"","ocean_menu_typo_transform_mobile":"","ocean_menu_typo_line_height":0,"ocean_menu_typo_line_height_tablet":0,"ocean_menu_typo_line_height_mobile":0,"ocean_menu_typo_line_height_unit":"","ocean_menu_typo_spacing":0,"ocean_menu_typo_spacing_tablet":0,"ocean_menu_typo_spacing_mobile":0,"ocean_menu_typo_spacing_unit":"","ocean_menu_link_color":"","ocean_menu_link_color_hover":"","ocean_menu_link_color_active":"","ocean_menu_link_background":"","ocean_menu_link_hover_background":"","ocean_menu_link_active_background":"","ocean_menu_social_links_bg":"","ocean_menu_social_hover_links_bg":"","ocean_menu_social_links_color":"","ocean_menu_social_hover_links_color":"","ocean_disable_title":"default","ocean_disable_heading":"default","ocean_post_title":"","ocean_post_subheading":"","ocean_post_title_style":"","ocean_post_title_background_color":"","ocean_post_title_background":0,"ocean_post_title_bg_image_position":"","ocean_post_title_bg_image_attachment":"","ocean_post_title_bg_image_repeat":"","ocean_post_title_bg_image_size":"","ocean_post_title_height":0,"ocean_post_title_bg_overlay":0.5,"ocean_post_title_bg_overlay_color":"","ocean_disable_breadcrumbs":"default","ocean_breadcrumbs_color":"","ocean_breadcrumbs_separator_color":"","ocean_breadcrumbs_links_color":"","ocean_breadcrumbs_links_hover_color":"","ocean_display_footer_widgets":"default","ocean_display_footer_bottom":"default","ocean_custom_footer_template":"0","osh_disable_topbar_sticky":"default","osh_disable_header_sticky":"default","osh_sticky_header_style":"default","osh_sticky_header_effect":"","osh_custom_sticky_logo":0,"osh_custom_retina_sticky_logo":0,"osh_custom_sticky_logo_height":0,"osh_background_color":"","osh_links_color":"","osh_links_hover_color":"","osh_links_active_color":"","osh_links_bg_color":"","osh_links_hover_bg_color":"","osh_links_active_bg_color":"","osh_menu_social_links_color":"","osh_menu_social_hover_links_color":""},"product_brand":[],"product_cat":[291,256,404],"product_tag":[748,761,736,937,999,1275,785,797,939,737,816],"class_list":{"0":"post-13299","1":"product","2":"type-product","3":"status-publish","4":"has-post-thumbnail","6":"product_cat-dildoer","7":"product_cat-kvinder","8":"product_cat-realistisk-dildo","9":"product_tag-anal","10":"product_tag-analsex","11":"product_tag-dildo","12":"product_tag-dildo-vibrator","13":"product_tag-diverse-sexlegetoej","14":"product_tag-realistixxx-double-fucker-strap-on-med-vibrator","15":"product_tag-sex","16":"product_tag-sexlege","17":"product_tag-sexlege-piger","18":"product_tag-sexlegetoej","19":"product_tag-sexy","21":"entry","22":"has-media","24":"first","25":"instock","26":"taxable","27":"shipping-taxable","28":"purchasable","29":"product-type-simple","30":"has-product-nav","31":"col","32":"span_1_of_3","33":"owp-content-center","34":"owp-thumbs-layout-horizontal","35":"owp-btn-normal","36":"owp-tabs-layout-horizontal","38":"circle-sale"},"supplier_id":null,"supplier_sku":"","barcode":null,"atum_controlled":true,"out_stock_date":null,"out_stock_threshold":null,"inheritable":false,"inbound_stock":null,"stock_on_hold":0,"sold_today":0,"sales_last_days":0,"reserved_stock":null,"customer_returns":null,"warehouse_damage":null,"lost_in_post":null,"other_logs":null,"out_stock_days":0,"lost_sales":0,"has_location":null,"update_date":"2025-12-13T00:08:34","atum_locations":[],"atum_stock_status":"instock","restock_status":false,"low_stock_amount":"","sales_update_date":"2025-12-13T00:08:34","calc_backorders":0,"acf":[],"_links":{"self":[{"href":"https:\/\/kinkyshop.dk\/index.php?rest_route=\/wp\/v2\/product\/13299","targetHints":{"allow":["GET"]}}],"collection":[{"href":"https:\/\/kinkyshop.dk\/index.php?rest_route=\/wp\/v2\/product"}],"about":[{"href":"https:\/\/kinkyshop.dk\/index.php?rest_route=\/wp\/v2\/types\/product"}],"version-history":[{"count":2,"href":"https:\/\/kinkyshop.dk\/index.php?rest_route=\/wp\/v2\/product\/13299\/revisions"}],"predecessor-version":[{"id":13315,"href":"https:\/\/kinkyshop.dk\/index.php?rest_route=\/wp\/v2\/product\/13299\/revisions\/13315"}],"wp:featuredmedia":[{"embeddable":true,"href":"https:\/\/kinkyshop.dk\/index.php?rest_route=\/wp\/v2\/media\/13300"}],"wp:attachment":[{"href":"https:\/\/kinkyshop.dk\/index.php?rest_route=%2Fwp%2Fv2%2Fmedia&parent=13299"}],"wp:term":[{"taxonomy":"product_brand","embeddable":true,"href":"https:\/\/kinkyshop.dk\/index.php?rest_route=%2Fwp%2Fv2%2Fproduct_brand&post=13299"},{"taxonomy":"product_cat","embeddable":true,"href":"https:\/\/kinkyshop.dk\/index.php?rest_route=%2Fwp%2Fv2%2Fproduct_cat&post=13299"},{"taxonomy":"product_tag","embeddable":true,"href":"https:\/\/kinkyshop.dk\/index.php?rest_route=%2Fwp%2Fv2%2Fproduct_tag&post=13299"}],"curies":[{"name":"wp","href":"https:\/\/api.w.org\/{rel}","templated":true}]}}