{"id":1471,"date":"2023-04-27T09:14:30","date_gmt":"2023-04-27T09:14:30","guid":{"rendered":"https:\/\/kinkyshop.dk\/index.php\/vare\/we-vibe-bond-penisring-med-traadloes-styring\/"},"modified":"2023-05-27T16:49:29","modified_gmt":"2023-05-27T16:49:29","slug":"we-vibe-bond-penisring-med-traadloes-styring","status":"publish","type":"product","link":"https:\/\/kinkyshop.dk\/?product=we-vibe-bond-penisring-med-traadloes-styring","title":{"rendered":"We-Vibe Bond Penisring med Tr\u00e5dl\u00f8s Styring"},"content":{"rendered":"<p>Vibrationsenheden vendes nedad for sp\u00e6ndende b\u00e6ref\u00f8lelser i hverdagen. Derefter glides ringen over testiklerne og penis. Hvis du vil bruge Bond som et parleget\u00f8j, skal du placere vibrationsenheden ovenp\u00e5, bare glide ringen over penis og placere den fast p\u00e5 skaftroden. I begge tilf\u00e6lde skal du s\u00f8rge for, at din penis stadig er slap eller kun halvt oprejst, n\u00e5r den s\u00e6ttes p\u00e5. Lidt vandbaseret glidecreme giver den ekstra dosis smidighed. Det eneste du skal g\u00f8re er at t\u00e6nde for vibrationen med den tr\u00e5dl\u00f8se fjernbetjening. Bond er ogs\u00e5 kompatibel med We-Vibe-appen We-Connect. Opret forbindelse til denne platform via Bluetooth for at f\u00e5 endnu flere spilmuligheder med din vibration og for at opleve intim sjov i en helt ny dimension. Hvad er s\u00e6rligt ved Vibro penis\/testikelring Bond?Bond er et sexleget\u00f8j af h\u00f8j kvalitet, der skinner b\u00e5de n\u00e5r man spiller solo og som et parleget\u00f8j. Med sin 2-vejs justerbare indvendige diameter kan du glide den over penis og testikler eller lige over din penis. Du kan b\u00e6re Bond sp\u00e6ndende i hverdagen og lade dig fork\u00e6le diskret af det \u201dbestemte pres\u201d og de stille vibrationer. N\u00e5r den bruges som et par leget\u00f8j, inspirerer Bond dig ikke kun med en ekstra fyldig, langvarig erektion, men fork\u00e6ler dig ogs\u00e5 med sine vibrationer og sikrer dermed ekstra intens nydelse for to. Med We-Vibe-appen kan du styre forbindelsen via din smartphone eller sammens\u00e6tte dine egne vibrationsrytmer. Din partner kan ogs\u00e5 sende dig varme rytmer via We -Connect &#8211; t\u00e6t p\u00e5 eller hvor som helst i verden. Bare pr\u00f8v det! Hvordan reng\u00f8r jeg den vibrerende penis\/testikelring Bond?Reng\u00f8r med vand og mild s\u00e6be. Du kan ogs\u00e5 bruge en leget\u00f8jsrenser til desinficerende reng\u00f8ring. Hvad skal jeg overveje med vibro-penis\/testikelring Bond?Brug kun vandbaseret glidecreme eller speciel leget\u00f8jsgel med bond. Silikone baseret glidecreme kan angribe den silkebl\u00f8de overflade. 7,8 cm x 4,4 cm x 4,8 cm. 2-vejs justerbar indre \u00d8 mindst 3,5 cm. V\u00e6gt 85 g. Silikone, PU, \u200b\u200bABS.<\/p>\n","protected":false},"excerpt":{"rendered":"<p>Vibrationsenheden vendes nedad for sp\u00e6ndende b\u00e6ref\u00f8lelser i hverdagen. Derefter glides ringen over testiklerne og penis. Hvis du vil bruge Bond som et parleget\u00f8j, skal du placere vibrationsenheden ovenp\u00e5, bare glide ringen over penis og placere den fast p\u00e5 skaftroden. I begge tilf\u00e6lde skal du s\u00f8rge for, at din penis stadig er slap eller kun halvt [&hellip;]<\/p>\n","protected":false},"featured_media":1473,"template":"","meta":{"_acf_changed":false,"ocean_post_layout":"","ocean_both_sidebars_style":"","ocean_both_sidebars_content_width":0,"ocean_both_sidebars_sidebars_width":0,"ocean_sidebar":"","ocean_second_sidebar":"","ocean_disable_margins":"enable","ocean_add_body_class":"","ocean_shortcode_before_top_bar":"","ocean_shortcode_after_top_bar":"","ocean_shortcode_before_header":"","ocean_shortcode_after_header":"","ocean_has_shortcode":"","ocean_shortcode_after_title":"","ocean_shortcode_before_footer_widgets":"","ocean_shortcode_after_footer_widgets":"","ocean_shortcode_before_footer_bottom":"","ocean_shortcode_after_footer_bottom":"","ocean_display_top_bar":"default","ocean_display_header":"default","ocean_header_style":"","ocean_center_header_left_menu":"","ocean_custom_header_template":"","ocean_custom_logo":0,"ocean_custom_retina_logo":0,"ocean_custom_logo_max_width":0,"ocean_custom_logo_tablet_max_width":0,"ocean_custom_logo_mobile_max_width":0,"ocean_custom_logo_max_height":0,"ocean_custom_logo_tablet_max_height":0,"ocean_custom_logo_mobile_max_height":0,"ocean_header_custom_menu":"","ocean_menu_typo_font_family":"","ocean_menu_typo_font_subset":"","ocean_menu_typo_font_size":0,"ocean_menu_typo_font_size_tablet":0,"ocean_menu_typo_font_size_mobile":0,"ocean_menu_typo_font_size_unit":"px","ocean_menu_typo_font_weight":"","ocean_menu_typo_font_weight_tablet":"","ocean_menu_typo_font_weight_mobile":"","ocean_menu_typo_transform":"","ocean_menu_typo_transform_tablet":"","ocean_menu_typo_transform_mobile":"","ocean_menu_typo_line_height":0,"ocean_menu_typo_line_height_tablet":0,"ocean_menu_typo_line_height_mobile":0,"ocean_menu_typo_line_height_unit":"","ocean_menu_typo_spacing":0,"ocean_menu_typo_spacing_tablet":0,"ocean_menu_typo_spacing_mobile":0,"ocean_menu_typo_spacing_unit":"","ocean_menu_link_color":"","ocean_menu_link_color_hover":"","ocean_menu_link_color_active":"","ocean_menu_link_background":"","ocean_menu_link_hover_background":"","ocean_menu_link_active_background":"","ocean_menu_social_links_bg":"","ocean_menu_social_hover_links_bg":"","ocean_menu_social_links_color":"","ocean_menu_social_hover_links_color":"","ocean_disable_title":"default","ocean_disable_heading":"default","ocean_post_title":"","ocean_post_subheading":"","ocean_post_title_style":"","ocean_post_title_background_color":"","ocean_post_title_background":0,"ocean_post_title_bg_image_position":"","ocean_post_title_bg_image_attachment":"","ocean_post_title_bg_image_repeat":"","ocean_post_title_bg_image_size":"","ocean_post_title_height":0,"ocean_post_title_bg_overlay":0.5,"ocean_post_title_bg_overlay_color":"","ocean_disable_breadcrumbs":"default","ocean_breadcrumbs_color":"","ocean_breadcrumbs_separator_color":"","ocean_breadcrumbs_links_color":"","ocean_breadcrumbs_links_hover_color":"","ocean_display_footer_widgets":"default","ocean_display_footer_bottom":"default","ocean_custom_footer_template":"","osh_disable_topbar_sticky":"default","osh_disable_header_sticky":"default","osh_sticky_header_style":"default","osh_sticky_header_effect":"","osh_custom_sticky_logo":0,"osh_custom_retina_sticky_logo":0,"osh_custom_sticky_logo_height":0,"osh_background_color":"","osh_links_color":"","osh_links_hover_color":"","osh_links_active_color":"","osh_links_bg_color":"","osh_links_hover_bg_color":"","osh_links_active_bg_color":"","osh_menu_social_links_color":"","osh_menu_social_hover_links_color":""},"product_brand":[],"product_cat":[21,42,31],"product_tag":[],"class_list":{"0":"post-1471","1":"product","2":"type-product","3":"status-publish","4":"has-post-thumbnail","6":"product_cat-maend","7":"product_cat-med-vibrator","8":"product_cat-penis-ringe","9":"pa_vaelg-sort","11":"entry","12":"has-media","14":"first","15":"instock","16":"taxable","17":"shipping-taxable","18":"purchasable","19":"product-type-simple","20":"has-product-nav","21":"col","22":"span_1_of_3","23":"owp-content-center","24":"owp-thumbs-layout-horizontal","25":"owp-btn-normal","26":"owp-tabs-layout-horizontal","27":"has-no-thumbnails","29":"circle-sale"},"supplier_id":null,"supplier_sku":"","barcode":null,"atum_controlled":true,"out_stock_date":null,"out_stock_threshold":null,"inheritable":false,"inbound_stock":null,"stock_on_hold":0,"sold_today":0,"sales_last_days":0,"reserved_stock":null,"customer_returns":null,"warehouse_damage":null,"lost_in_post":null,"other_logs":null,"out_stock_days":0,"lost_sales":0,"has_location":null,"update_date":"2025-12-15T00:09:30","atum_locations":[],"atum_stock_status":"instock","restock_status":false,"low_stock_amount":"","sales_update_date":"2025-12-15T00:09:30","calc_backorders":null,"acf":[],"_links":{"self":[{"href":"https:\/\/kinkyshop.dk\/index.php?rest_route=\/wp\/v2\/product\/1471","targetHints":{"allow":["GET"]}}],"collection":[{"href":"https:\/\/kinkyshop.dk\/index.php?rest_route=\/wp\/v2\/product"}],"about":[{"href":"https:\/\/kinkyshop.dk\/index.php?rest_route=\/wp\/v2\/types\/product"}],"version-history":[{"count":0,"href":"https:\/\/kinkyshop.dk\/index.php?rest_route=\/wp\/v2\/product\/1471\/revisions"}],"wp:featuredmedia":[{"embeddable":true,"href":"https:\/\/kinkyshop.dk\/index.php?rest_route=\/wp\/v2\/media\/1473"}],"wp:attachment":[{"href":"https:\/\/kinkyshop.dk\/index.php?rest_route=%2Fwp%2Fv2%2Fmedia&parent=1471"}],"wp:term":[{"taxonomy":"product_brand","embeddable":true,"href":"https:\/\/kinkyshop.dk\/index.php?rest_route=%2Fwp%2Fv2%2Fproduct_brand&post=1471"},{"taxonomy":"product_cat","embeddable":true,"href":"https:\/\/kinkyshop.dk\/index.php?rest_route=%2Fwp%2Fv2%2Fproduct_cat&post=1471"},{"taxonomy":"product_tag","embeddable":true,"href":"https:\/\/kinkyshop.dk\/index.php?rest_route=%2Fwp%2Fv2%2Fproduct_tag&post=1471"}],"curies":[{"name":"wp","href":"https:\/\/api.w.org\/{rel}","templated":true}]}}