{"id":1500,"date":"2023-04-27T09:14:30","date_gmt":"2023-04-27T09:14:30","guid":{"rendered":"https:\/\/kinkyshop.dk\/index.php\/vare\/the-handy-1-1-masturbator-med-app-styring\/"},"modified":"2023-04-27T09:15:23","modified_gmt":"2023-04-27T09:15:23","slug":"the-handy-1-1-masturbator-med-app-styring","status":"publish","type":"product","link":"https:\/\/kinkyshop.dk\/?product=the-handy-1-1-masturbator-med-app-styring","title":{"rendered":"The Handy 1.1 Masturbator med App Styring"},"content":{"rendered":"<p>Den h\u00f8jteknologiske masturbator Handy 1.1 har f\u00e5et en softwareopgradering (firmware 3) og k\u00f8rer nu endnu mere kraftfuldt og stabilt. Hardwaren er ogs\u00e5 blevet forbedret, og det nubrede hylster er nu endnu mere glat. Emballagen har f\u00e5et en stilfuld make-over, og der f\u00f8lger nu en Quick Start Guide (p\u00e5 engelsk, tysk, fransk og spansk) med Handy 1.1, s\u00e5 du kan begynde at bruge den med det samme. Den nyligt medf\u00f8lgende 90\u00b0 vinkeladapter til str\u00f8mforsyningen er ogs\u00e5 praktisk. Handy 1.1 leveres med et nubret sleeve, der er fastgjort til masturbatoren med en TrueGrip-strop. Diameteren p\u00e5 det fleksible sleeve kan justeres individuelt med fanen, hvilket sikrer endnu mere intense fornemmelser. Handy kan desuden kombineres med dit eget yndlingshylster. L\u00e6ngden og hastigheden af den op- og nedadg\u00e5ende bev\u00e6gelse kan justeres individuelt og kontinuerligt p\u00e5 apparatet. Takket v\u00e6re den kraftige motor klarer Handy op til 10 bev\u00e6gelser i sekundet med en maksimal l\u00e6ngde p\u00e5 11 cm. Takket v\u00e6re den integrerede dual core-processor kan Handy ogs\u00e5 forbindes til internettet via en krypteret WiFi- og Bluetooth 4.2-forbindelse. Via hjemmesiden handyfeeling.com kan l\u00e6ngden og hastigheden af bev\u00e6gelserne styres p\u00e5 afstand fra et hvilket som helst sted i verden. Forudindstillede slagtilstande &#8220;Tease&#8221;, &#8220;Blowjob&#8221; eller &#8220;Deepthroat&#8221; kan aktiveres her, s\u00e5vel som tilf\u00e6ldige slagtilstande genereret af parameterdefinitionen. Dette fungerer ogs\u00e5 inden for et \u00f8nsket &#8220;slagomr\u00e5de&#8221; (slagzone), f.eks. hvis kun den \u00f8verste tredjedel af penis skal stimuleres. Der er ogs\u00e5 videomateriale, som mobiltelefonen kan synkroniseres med &#8211; \u00e6rmens op- og nedadg\u00e5ende bev\u00e6gelser er s\u00e5 perfekt tilpasset online-videoen. Kan ogs\u00e5 tilsluttes til VR-briller. Samlet l\u00e6ngde 23 cm, \u00d8 7 cm. V\u00e6gt 582 g.\u00c6rmet er 11 cm langt (meget elastisk), indvendig \u00d8 2,5 cm (meget elastisk).ABS, TPE.<\/p>\n","protected":false},"excerpt":{"rendered":"<p>Den h\u00f8jteknologiske masturbator Handy 1.1 har f\u00e5et en softwareopgradering (firmware 3) og k\u00f8rer nu endnu mere kraftfuldt og stabilt. Hardwaren er ogs\u00e5 blevet forbedret, og det nubrede hylster er nu endnu mere glat. Emballagen har f\u00e5et en stilfuld make-over, og der f\u00f8lger nu en Quick Start Guide (p\u00e5 engelsk, tysk, fransk og spansk) med Handy [&hellip;]<\/p>\n","protected":false},"featured_media":1502,"template":"","meta":{"_acf_changed":false,"ocean_post_layout":"","ocean_both_sidebars_style":"","ocean_both_sidebars_content_width":0,"ocean_both_sidebars_sidebars_width":0,"ocean_sidebar":"","ocean_second_sidebar":"","ocean_disable_margins":"enable","ocean_add_body_class":"","ocean_shortcode_before_top_bar":"","ocean_shortcode_after_top_bar":"","ocean_shortcode_before_header":"","ocean_shortcode_after_header":"","ocean_has_shortcode":"","ocean_shortcode_after_title":"","ocean_shortcode_before_footer_widgets":"","ocean_shortcode_after_footer_widgets":"","ocean_shortcode_before_footer_bottom":"","ocean_shortcode_after_footer_bottom":"","ocean_display_top_bar":"default","ocean_display_header":"default","ocean_header_style":"","ocean_center_header_left_menu":"","ocean_custom_header_template":"","ocean_custom_logo":0,"ocean_custom_retina_logo":0,"ocean_custom_logo_max_width":0,"ocean_custom_logo_tablet_max_width":0,"ocean_custom_logo_mobile_max_width":0,"ocean_custom_logo_max_height":0,"ocean_custom_logo_tablet_max_height":0,"ocean_custom_logo_mobile_max_height":0,"ocean_header_custom_menu":"","ocean_menu_typo_font_family":"","ocean_menu_typo_font_subset":"","ocean_menu_typo_font_size":0,"ocean_menu_typo_font_size_tablet":0,"ocean_menu_typo_font_size_mobile":0,"ocean_menu_typo_font_size_unit":"px","ocean_menu_typo_font_weight":"","ocean_menu_typo_font_weight_tablet":"","ocean_menu_typo_font_weight_mobile":"","ocean_menu_typo_transform":"","ocean_menu_typo_transform_tablet":"","ocean_menu_typo_transform_mobile":"","ocean_menu_typo_line_height":0,"ocean_menu_typo_line_height_tablet":0,"ocean_menu_typo_line_height_mobile":0,"ocean_menu_typo_line_height_unit":"","ocean_menu_typo_spacing":0,"ocean_menu_typo_spacing_tablet":0,"ocean_menu_typo_spacing_mobile":0,"ocean_menu_typo_spacing_unit":"","ocean_menu_link_color":"","ocean_menu_link_color_hover":"","ocean_menu_link_color_active":"","ocean_menu_link_background":"","ocean_menu_link_hover_background":"","ocean_menu_link_active_background":"","ocean_menu_social_links_bg":"","ocean_menu_social_hover_links_bg":"","ocean_menu_social_links_color":"","ocean_menu_social_hover_links_color":"","ocean_disable_title":"default","ocean_disable_heading":"default","ocean_post_title":"","ocean_post_subheading":"","ocean_post_title_style":"","ocean_post_title_background_color":"","ocean_post_title_background":0,"ocean_post_title_bg_image_position":"","ocean_post_title_bg_image_attachment":"","ocean_post_title_bg_image_repeat":"","ocean_post_title_bg_image_size":"","ocean_post_title_height":0,"ocean_post_title_bg_overlay":0.5,"ocean_post_title_bg_overlay_color":"","ocean_disable_breadcrumbs":"default","ocean_breadcrumbs_color":"","ocean_breadcrumbs_separator_color":"","ocean_breadcrumbs_links_color":"","ocean_breadcrumbs_links_hover_color":"","ocean_display_footer_widgets":"default","ocean_display_footer_bottom":"default","ocean_custom_footer_template":"","osh_disable_topbar_sticky":"default","osh_disable_header_sticky":"default","osh_sticky_header_style":"default","osh_sticky_header_effect":"","osh_custom_sticky_logo":0,"osh_custom_retina_sticky_logo":0,"osh_custom_sticky_logo_height":0,"osh_background_color":"","osh_links_color":"","osh_links_hover_color":"","osh_links_active_color":"","osh_links_bg_color":"","osh_links_hover_bg_color":"","osh_links_active_bg_color":"","osh_menu_social_links_color":"","osh_menu_social_hover_links_color":""},"product_brand":[],"product_cat":[21,36,35],"product_tag":[],"class_list":{"0":"post-1500","1":"product","2":"type-product","3":"status-publish","4":"has-post-thumbnail","6":"product_cat-maend","7":"product_cat-masturbator","8":"product_cat-onani-produkter","9":"pa_vaelg-sort","11":"entry","12":"has-media","14":"first","15":"instock","16":"taxable","17":"shipping-taxable","18":"purchasable","19":"product-type-simple","20":"has-product-nav","21":"col","22":"span_1_of_3","23":"owp-content-center","24":"owp-thumbs-layout-horizontal","25":"owp-btn-normal","26":"owp-tabs-layout-horizontal","27":"has-no-thumbnails","29":"circle-sale"},"supplier_id":null,"supplier_sku":"","barcode":null,"atum_controlled":true,"out_stock_date":null,"out_stock_threshold":null,"inheritable":false,"inbound_stock":null,"stock_on_hold":0,"sold_today":0,"sales_last_days":0,"reserved_stock":null,"customer_returns":null,"warehouse_damage":null,"lost_in_post":null,"other_logs":null,"out_stock_days":0,"lost_sales":0,"has_location":null,"update_date":"2025-12-15T00:09:30","atum_locations":[],"atum_stock_status":"instock","restock_status":false,"low_stock_amount":"","sales_update_date":"2025-12-15T00:09:30","calc_backorders":null,"acf":[],"_links":{"self":[{"href":"https:\/\/kinkyshop.dk\/index.php?rest_route=\/wp\/v2\/product\/1500","targetHints":{"allow":["GET"]}}],"collection":[{"href":"https:\/\/kinkyshop.dk\/index.php?rest_route=\/wp\/v2\/product"}],"about":[{"href":"https:\/\/kinkyshop.dk\/index.php?rest_route=\/wp\/v2\/types\/product"}],"version-history":[{"count":0,"href":"https:\/\/kinkyshop.dk\/index.php?rest_route=\/wp\/v2\/product\/1500\/revisions"}],"wp:featuredmedia":[{"embeddable":true,"href":"https:\/\/kinkyshop.dk\/index.php?rest_route=\/wp\/v2\/media\/1502"}],"wp:attachment":[{"href":"https:\/\/kinkyshop.dk\/index.php?rest_route=%2Fwp%2Fv2%2Fmedia&parent=1500"}],"wp:term":[{"taxonomy":"product_brand","embeddable":true,"href":"https:\/\/kinkyshop.dk\/index.php?rest_route=%2Fwp%2Fv2%2Fproduct_brand&post=1500"},{"taxonomy":"product_cat","embeddable":true,"href":"https:\/\/kinkyshop.dk\/index.php?rest_route=%2Fwp%2Fv2%2Fproduct_cat&post=1500"},{"taxonomy":"product_tag","embeddable":true,"href":"https:\/\/kinkyshop.dk\/index.php?rest_route=%2Fwp%2Fv2%2Fproduct_tag&post=1500"}],"curies":[{"name":"wp","href":"https:\/\/api.w.org\/{rel}","templated":true}]}}