{"id":8263,"date":"2023-05-08T08:38:49","date_gmt":"2023-05-08T08:38:49","guid":{"rendered":"https:\/\/kinkyshop.dk\/index.php\/vare\/bad-kitty-brystvorteklemmer-blue-moon\/"},"modified":"2023-05-08T08:39:23","modified_gmt":"2023-05-08T08:39:23","slug":"bad-kitty-brystvorteklemmer-blue-moon","status":"publish","type":"product","link":"https:\/\/kinkyshop.dk\/?product=bad-kitty-brystvorteklemmer-blue-moon","title":{"rendered":"Bad Kitty Brystvorteklemmer Blue Moon"},"content":{"rendered":"<p>Brystvorteklemmernes justeringsskruer skrues p\u00e5 en ad gangen, og klemmen placeres over brystvorten, s\u00e5 de glatte skrueender tager brystvorten i midten. Nu skrues skruerne fast igen og klemmer dermed brystvorterne p\u00e5 plads. Du kan forsigtigt stramme dem eller l\u00f8sne, som du \u00f8nsker. Pr\u00f8v det!Hvad er specielt ved brystvorteklemmerne?Brystvorteklemmerne er smykker og gl\u00e6de i \u00e9t! De griber brystvorterne fast og formidler udseendet af en \u00e6gte piercing med deres stilfulde enkle design. Du kan justere klemmernes tryk eller klemstyrken individuelt &#8211; lige efter dine \u00f8nsker, fra blid og sensuel til fast og intens. Med deres fjerlette v\u00e6gt er disse klemmer ideelle til begyndere og nysgerrige.Hvordan reng\u00f8r jeg brystvorteklemmerne?Reng\u00f8r blot brystvorteklemmerne med varmt vand og mild s\u00e6be. Brug ikke slibende reng\u00f8ringsmidler eller skuresvampe, da disse ville ridse overfladen op. Hvis du vil have en desinficerende reng\u00f8ring, skal du bruge en leget\u00f8jsrenser.Ydre \u00d8 2,1 cm, justerbar indre \u00d8 0,4 cm &#8211; 1,8 cm. V\u00e6gt 6 g pr. stk.Rustfrit st\u00e5l.<\/p>\n","protected":false},"excerpt":{"rendered":"<p>Brystvorteklemmernes justeringsskruer skrues p\u00e5 en ad gangen, og klemmen placeres over brystvorten, s\u00e5 de glatte skrueender tager brystvorten i midten. Nu skrues skruerne fast igen og klemmer dermed brystvorterne p\u00e5 plads. Du kan forsigtigt stramme dem eller l\u00f8sne, som du \u00f8nsker. Pr\u00f8v det!Hvad er specielt ved brystvorteklemmerne?Brystvorteklemmerne er smykker og gl\u00e6de i \u00e9t! De griber [&hellip;]<\/p>\n","protected":false},"featured_media":8265,"template":"","meta":{"_acf_changed":false,"ocean_post_layout":"","ocean_both_sidebars_style":"","ocean_both_sidebars_content_width":0,"ocean_both_sidebars_sidebars_width":0,"ocean_sidebar":"","ocean_second_sidebar":"","ocean_disable_margins":"enable","ocean_add_body_class":"","ocean_shortcode_before_top_bar":"","ocean_shortcode_after_top_bar":"","ocean_shortcode_before_header":"","ocean_shortcode_after_header":"","ocean_has_shortcode":"","ocean_shortcode_after_title":"","ocean_shortcode_before_footer_widgets":"","ocean_shortcode_after_footer_widgets":"","ocean_shortcode_before_footer_bottom":"","ocean_shortcode_after_footer_bottom":"","ocean_display_top_bar":"default","ocean_display_header":"default","ocean_header_style":"","ocean_center_header_left_menu":"","ocean_custom_header_template":"","ocean_custom_logo":0,"ocean_custom_retina_logo":0,"ocean_custom_logo_max_width":0,"ocean_custom_logo_tablet_max_width":0,"ocean_custom_logo_mobile_max_width":0,"ocean_custom_logo_max_height":0,"ocean_custom_logo_tablet_max_height":0,"ocean_custom_logo_mobile_max_height":0,"ocean_header_custom_menu":"","ocean_menu_typo_font_family":"","ocean_menu_typo_font_subset":"","ocean_menu_typo_font_size":0,"ocean_menu_typo_font_size_tablet":0,"ocean_menu_typo_font_size_mobile":0,"ocean_menu_typo_font_size_unit":"px","ocean_menu_typo_font_weight":"","ocean_menu_typo_font_weight_tablet":"","ocean_menu_typo_font_weight_mobile":"","ocean_menu_typo_transform":"","ocean_menu_typo_transform_tablet":"","ocean_menu_typo_transform_mobile":"","ocean_menu_typo_line_height":0,"ocean_menu_typo_line_height_tablet":0,"ocean_menu_typo_line_height_mobile":0,"ocean_menu_typo_line_height_unit":"","ocean_menu_typo_spacing":0,"ocean_menu_typo_spacing_tablet":0,"ocean_menu_typo_spacing_mobile":0,"ocean_menu_typo_spacing_unit":"","ocean_menu_link_color":"","ocean_menu_link_color_hover":"","ocean_menu_link_color_active":"","ocean_menu_link_background":"","ocean_menu_link_hover_background":"","ocean_menu_link_active_background":"","ocean_menu_social_links_bg":"","ocean_menu_social_hover_links_bg":"","ocean_menu_social_links_color":"","ocean_menu_social_hover_links_color":"","ocean_disable_title":"default","ocean_disable_heading":"default","ocean_post_title":"","ocean_post_subheading":"","ocean_post_title_style":"","ocean_post_title_background_color":"","ocean_post_title_background":0,"ocean_post_title_bg_image_position":"","ocean_post_title_bg_image_attachment":"","ocean_post_title_bg_image_repeat":"","ocean_post_title_bg_image_size":"","ocean_post_title_height":0,"ocean_post_title_bg_overlay":0.5,"ocean_post_title_bg_overlay_color":"","ocean_disable_breadcrumbs":"default","ocean_breadcrumbs_color":"","ocean_breadcrumbs_separator_color":"","ocean_breadcrumbs_links_color":"","ocean_breadcrumbs_links_hover_color":"","ocean_display_footer_widgets":"default","ocean_display_footer_bottom":"default","ocean_custom_footer_template":"","osh_disable_topbar_sticky":"default","osh_disable_header_sticky":"default","osh_sticky_header_style":"default","osh_sticky_header_effect":"","osh_custom_sticky_logo":0,"osh_custom_retina_sticky_logo":0,"osh_custom_sticky_logo_height":0,"osh_background_color":"","osh_links_color":"","osh_links_hover_color":"","osh_links_active_color":"","osh_links_bg_color":"","osh_links_hover_bg_color":"","osh_links_active_bg_color":"","osh_menu_social_links_color":"","osh_menu_social_hover_links_color":""},"product_brand":[],"product_cat":[266,425,424],"product_tag":[],"class_list":{"0":"post-8263","1":"product","2":"type-product","3":"status-publish","4":"has-post-thumbnail","6":"product_cat-fetish","7":"product_cat-klemmer","8":"product_cat-pumper-klemmer","9":"pa_vaelg-blaa","11":"entry","12":"has-media","14":"first","15":"instock","16":"taxable","17":"shipping-taxable","18":"purchasable","19":"product-type-simple","20":"has-product-nav","21":"col","22":"span_1_of_3","23":"owp-content-center","24":"owp-thumbs-layout-horizontal","25":"owp-btn-normal","26":"owp-tabs-layout-horizontal","27":"has-no-thumbnails","29":"circle-sale"},"supplier_id":null,"supplier_sku":"","barcode":null,"atum_controlled":true,"out_stock_date":null,"out_stock_threshold":null,"inheritable":false,"inbound_stock":null,"stock_on_hold":0,"sold_today":0,"sales_last_days":0,"reserved_stock":null,"customer_returns":null,"warehouse_damage":null,"lost_in_post":null,"other_logs":null,"out_stock_days":0,"lost_sales":0,"has_location":null,"update_date":"2025-12-14T00:09:11","atum_locations":[],"atum_stock_status":"instock","restock_status":false,"low_stock_amount":"","sales_update_date":"2025-12-14T00:09:11","calc_backorders":null,"acf":[],"_links":{"self":[{"href":"https:\/\/kinkyshop.dk\/index.php?rest_route=\/wp\/v2\/product\/8263","targetHints":{"allow":["GET"]}}],"collection":[{"href":"https:\/\/kinkyshop.dk\/index.php?rest_route=\/wp\/v2\/product"}],"about":[{"href":"https:\/\/kinkyshop.dk\/index.php?rest_route=\/wp\/v2\/types\/product"}],"version-history":[{"count":0,"href":"https:\/\/kinkyshop.dk\/index.php?rest_route=\/wp\/v2\/product\/8263\/revisions"}],"wp:featuredmedia":[{"embeddable":true,"href":"https:\/\/kinkyshop.dk\/index.php?rest_route=\/wp\/v2\/media\/8265"}],"wp:attachment":[{"href":"https:\/\/kinkyshop.dk\/index.php?rest_route=%2Fwp%2Fv2%2Fmedia&parent=8263"}],"wp:term":[{"taxonomy":"product_brand","embeddable":true,"href":"https:\/\/kinkyshop.dk\/index.php?rest_route=%2Fwp%2Fv2%2Fproduct_brand&post=8263"},{"taxonomy":"product_cat","embeddable":true,"href":"https:\/\/kinkyshop.dk\/index.php?rest_route=%2Fwp%2Fv2%2Fproduct_cat&post=8263"},{"taxonomy":"product_tag","embeddable":true,"href":"https:\/\/kinkyshop.dk\/index.php?rest_route=%2Fwp%2Fv2%2Fproduct_tag&post=8263"}],"curies":[{"name":"wp","href":"https:\/\/api.w.org\/{rel}","templated":true}]}}