{"id":8283,"date":"2023-05-08T08:38:49","date_gmt":"2023-05-08T08:38:49","guid":{"rendered":"https:\/\/kinkyshop.dk\/index.php\/vare\/super-long-anal-plug-saet\/"},"modified":"2023-05-08T08:54:43","modified_gmt":"2023-05-08T08:54:43","slug":"super-long-anal-plug-saet","status":"publish","type":"product","link":"https:\/\/kinkyshop.dk\/?product=super-long-anal-plug-saet","title":{"rendered":"Super Long Anal Plug S\u00e6t"},"content":{"rendered":"<p>Med disse 3 ekstra lange plugs kan du nyde super-dybe, intense f\u00f8lelser i bagrummet. Brug altid en vandbaseret glidecreme til anal inds\u00e6ttelse og stimulering, hvilket sikrer mere smidighed og glat nydelse.Hvad er specielt ved analplug s\u00e6ttet?Med disse 3 ekstra lange, forskellig store og tunge plugs vil du nyde intens stimulering. Hvert enkelt plug er smukt, fleksibelt, smidigt og med en bl\u00f8d spids til nem indf\u00f8ring. Pluggene tr\u00e6nger rigtig dybt ind og giver dig uforlignelige f\u00f8lelser, mens du spiller og b\u00e6rer. Sugekoppen fungerer som en prop og forhindrer den i at glide for dybt ind. Det er is\u00e6r sp\u00e6ndende, n\u00e5r du bruger en plug under sex &#8211; nyd h\u00f8jdepunkter af en meget speciel art!Hvordan reng\u00f8r jeg analplug s\u00e6t?Du renser analplugs med vand og mild s\u00e6be. Du kan ogs\u00e5 bruge en leget\u00f8jsrenser til at reng\u00f8re dem.<\/p>\n","protected":false},"excerpt":{"rendered":"<p>Med disse 3 ekstra lange plugs kan du nyde super-dybe, intense f\u00f8lelser i bagrummet. Brug altid en vandbaseret glidecreme til anal inds\u00e6ttelse og stimulering, hvilket sikrer mere smidighed og glat nydelse.Hvad er specielt ved analplug s\u00e6ttet?Med disse 3 ekstra lange, forskellig store og tunge plugs vil du nyde intens stimulering. Hvert enkelt plug er smukt, [&hellip;]<\/p>\n","protected":false},"featured_media":8285,"template":"","meta":{"_acf_changed":false,"ocean_post_layout":"","ocean_both_sidebars_style":"","ocean_both_sidebars_content_width":0,"ocean_both_sidebars_sidebars_width":0,"ocean_sidebar":"","ocean_second_sidebar":"","ocean_disable_margins":"enable","ocean_add_body_class":"","ocean_shortcode_before_top_bar":"","ocean_shortcode_after_top_bar":"","ocean_shortcode_before_header":"","ocean_shortcode_after_header":"","ocean_has_shortcode":"","ocean_shortcode_after_title":"","ocean_shortcode_before_footer_widgets":"","ocean_shortcode_after_footer_widgets":"","ocean_shortcode_before_footer_bottom":"","ocean_shortcode_after_footer_bottom":"","ocean_display_top_bar":"default","ocean_display_header":"default","ocean_header_style":"","ocean_center_header_left_menu":"","ocean_custom_header_template":"","ocean_custom_logo":0,"ocean_custom_retina_logo":0,"ocean_custom_logo_max_width":0,"ocean_custom_logo_tablet_max_width":0,"ocean_custom_logo_mobile_max_width":0,"ocean_custom_logo_max_height":0,"ocean_custom_logo_tablet_max_height":0,"ocean_custom_logo_mobile_max_height":0,"ocean_header_custom_menu":"","ocean_menu_typo_font_family":"","ocean_menu_typo_font_subset":"","ocean_menu_typo_font_size":0,"ocean_menu_typo_font_size_tablet":0,"ocean_menu_typo_font_size_mobile":0,"ocean_menu_typo_font_size_unit":"px","ocean_menu_typo_font_weight":"","ocean_menu_typo_font_weight_tablet":"","ocean_menu_typo_font_weight_mobile":"","ocean_menu_typo_transform":"","ocean_menu_typo_transform_tablet":"","ocean_menu_typo_transform_mobile":"","ocean_menu_typo_line_height":0,"ocean_menu_typo_line_height_tablet":0,"ocean_menu_typo_line_height_mobile":0,"ocean_menu_typo_line_height_unit":"","ocean_menu_typo_spacing":0,"ocean_menu_typo_spacing_tablet":0,"ocean_menu_typo_spacing_mobile":0,"ocean_menu_typo_spacing_unit":"","ocean_menu_link_color":"","ocean_menu_link_color_hover":"","ocean_menu_link_color_active":"","ocean_menu_link_background":"","ocean_menu_link_hover_background":"","ocean_menu_link_active_background":"","ocean_menu_social_links_bg":"","ocean_menu_social_hover_links_bg":"","ocean_menu_social_links_color":"","ocean_menu_social_hover_links_color":"","ocean_disable_title":"default","ocean_disable_heading":"default","ocean_post_title":"","ocean_post_subheading":"","ocean_post_title_style":"","ocean_post_title_background_color":"","ocean_post_title_background":0,"ocean_post_title_bg_image_position":"","ocean_post_title_bg_image_attachment":"","ocean_post_title_bg_image_repeat":"","ocean_post_title_bg_image_size":"","ocean_post_title_height":0,"ocean_post_title_bg_overlay":0.5,"ocean_post_title_bg_overlay_color":"","ocean_disable_breadcrumbs":"default","ocean_breadcrumbs_color":"","ocean_breadcrumbs_separator_color":"","ocean_breadcrumbs_links_color":"","ocean_breadcrumbs_links_hover_color":"","ocean_display_footer_widgets":"default","ocean_display_footer_bottom":"default","ocean_custom_footer_template":"","osh_disable_topbar_sticky":"default","osh_disable_header_sticky":"default","osh_sticky_header_style":"default","osh_sticky_header_effect":"","osh_custom_sticky_logo":0,"osh_custom_retina_sticky_logo":0,"osh_custom_sticky_logo_height":0,"osh_background_color":"","osh_links_color":"","osh_links_hover_color":"","osh_links_active_color":"","osh_links_bg_color":"","osh_links_hover_bg_color":"","osh_links_active_bg_color":"","osh_menu_social_links_color":"","osh_menu_social_hover_links_color":""},"product_brand":[],"product_cat":[320,319,256],"product_tag":[],"class_list":{"0":"post-8283","1":"product","2":"type-product","3":"status-publish","4":"has-post-thumbnail","6":"product_cat-anal-plug-anal-sexlegetoej-kvinder","7":"product_cat-anal-sexlegetoej-kvinder","8":"product_cat-kvinder","9":"pa_vaelg-hud-lys","10":"pa_vaelg-sort","12":"entry","13":"has-media","15":"first","16":"instock","17":"taxable","18":"shipping-taxable","19":"purchasable","20":"product-type-simple","21":"has-product-nav","22":"col","23":"span_1_of_3","24":"owp-content-center","25":"owp-thumbs-layout-horizontal","26":"owp-btn-normal","27":"owp-tabs-layout-horizontal","28":"has-no-thumbnails","30":"circle-sale"},"supplier_id":null,"supplier_sku":"","barcode":null,"atum_controlled":true,"out_stock_date":null,"out_stock_threshold":null,"inheritable":false,"inbound_stock":null,"stock_on_hold":0,"sold_today":0,"sales_last_days":0,"reserved_stock":null,"customer_returns":null,"warehouse_damage":null,"lost_in_post":null,"other_logs":null,"out_stock_days":0,"lost_sales":0,"has_location":null,"update_date":"2025-12-14T00:09:11","atum_locations":[],"atum_stock_status":"instock","restock_status":false,"low_stock_amount":"","sales_update_date":"2025-12-14T00:09:11","calc_backorders":null,"acf":[],"_links":{"self":[{"href":"https:\/\/kinkyshop.dk\/index.php?rest_route=\/wp\/v2\/product\/8283","targetHints":{"allow":["GET"]}}],"collection":[{"href":"https:\/\/kinkyshop.dk\/index.php?rest_route=\/wp\/v2\/product"}],"about":[{"href":"https:\/\/kinkyshop.dk\/index.php?rest_route=\/wp\/v2\/types\/product"}],"version-history":[{"count":0,"href":"https:\/\/kinkyshop.dk\/index.php?rest_route=\/wp\/v2\/product\/8283\/revisions"}],"wp:featuredmedia":[{"embeddable":true,"href":"https:\/\/kinkyshop.dk\/index.php?rest_route=\/wp\/v2\/media\/8285"}],"wp:attachment":[{"href":"https:\/\/kinkyshop.dk\/index.php?rest_route=%2Fwp%2Fv2%2Fmedia&parent=8283"}],"wp:term":[{"taxonomy":"product_brand","embeddable":true,"href":"https:\/\/kinkyshop.dk\/index.php?rest_route=%2Fwp%2Fv2%2Fproduct_brand&post=8283"},{"taxonomy":"product_cat","embeddable":true,"href":"https:\/\/kinkyshop.dk\/index.php?rest_route=%2Fwp%2Fv2%2Fproduct_cat&post=8283"},{"taxonomy":"product_tag","embeddable":true,"href":"https:\/\/kinkyshop.dk\/index.php?rest_route=%2Fwp%2Fv2%2Fproduct_tag&post=8283"}],"curies":[{"name":"wp","href":"https:\/\/api.w.org\/{rel}","templated":true}]}}