{"id":8612,"date":"2023-05-08T08:45:15","date_gmt":"2023-05-08T08:45:15","guid":{"rendered":"https:\/\/kinkyshop.dk\/index.php\/vare\/abierta-fina-desiree-lingeri-saet-med-stroempeholdere\/"},"modified":"2023-05-08T08:45:50","modified_gmt":"2023-05-08T08:45:50","slug":"abierta-fina-desiree-lingeri-saet-med-stroempeholdere","status":"publish","type":"product","link":"https:\/\/kinkyshop.dk\/?product=abierta-fina-desiree-lingeri-saet-med-stroempeholdere","title":{"rendered":"Abierta Fina Desiree Lingeri S\u00e6t med Str\u00f8mpeholdere"},"content":{"rendered":"<p>Bl\u00f8d bh og ouvert trusser i et s\u00e6t fra Abierta Fina. Begge dele er i sort gennemsigtig stretch med raffinerede detaljer af fl\u00f8jl og rosaguldfarvede metalelementer. Den sp\u00e6ndende bh fascinerer med sine iriserende k\u00e6der, der f\u00f8rer til fl\u00f8jlsk\u00e6den og over skulderen &#8211; og de slidsede kopper er en ren fristelse. Str\u00f8mpebukserne provokerer med deres helt \u00e5bne skridt, hvorigennem en stimulerende k\u00e6de f\u00f8rer. Mons veneris er desuden prydet af en ring med en rhinsten. Str\u00f8mpeb\u00e5nd og bh-stropper kan justeres for at sikre optimal pasform. Alle k\u00e6derne kan afmonteres. 90% polyamid, 10% spandex.<\/p>\n","protected":false},"excerpt":{"rendered":"<p>Bl\u00f8d bh og ouvert trusser i et s\u00e6t fra Abierta Fina. Begge dele er i sort gennemsigtig stretch med raffinerede detaljer af fl\u00f8jl og rosaguldfarvede metalelementer. Den sp\u00e6ndende bh fascinerer med sine iriserende k\u00e6der, der f\u00f8rer til fl\u00f8jlsk\u00e6den og over skulderen &#8211; og de slidsede kopper er en ren fristelse. Str\u00f8mpebukserne provokerer med deres helt [&hellip;]<\/p>\n","protected":false},"featured_media":8614,"template":"","meta":{"_acf_changed":false,"ocean_post_layout":"","ocean_both_sidebars_style":"","ocean_both_sidebars_content_width":0,"ocean_both_sidebars_sidebars_width":0,"ocean_sidebar":"","ocean_second_sidebar":"","ocean_disable_margins":"enable","ocean_add_body_class":"","ocean_shortcode_before_top_bar":"","ocean_shortcode_after_top_bar":"","ocean_shortcode_before_header":"","ocean_shortcode_after_header":"","ocean_has_shortcode":"","ocean_shortcode_after_title":"","ocean_shortcode_before_footer_widgets":"","ocean_shortcode_after_footer_widgets":"","ocean_shortcode_before_footer_bottom":"","ocean_shortcode_after_footer_bottom":"","ocean_display_top_bar":"default","ocean_display_header":"default","ocean_header_style":"","ocean_center_header_left_menu":"","ocean_custom_header_template":"","ocean_custom_logo":0,"ocean_custom_retina_logo":0,"ocean_custom_logo_max_width":0,"ocean_custom_logo_tablet_max_width":0,"ocean_custom_logo_mobile_max_width":0,"ocean_custom_logo_max_height":0,"ocean_custom_logo_tablet_max_height":0,"ocean_custom_logo_mobile_max_height":0,"ocean_header_custom_menu":"","ocean_menu_typo_font_family":"","ocean_menu_typo_font_subset":"","ocean_menu_typo_font_size":0,"ocean_menu_typo_font_size_tablet":0,"ocean_menu_typo_font_size_mobile":0,"ocean_menu_typo_font_size_unit":"px","ocean_menu_typo_font_weight":"","ocean_menu_typo_font_weight_tablet":"","ocean_menu_typo_font_weight_mobile":"","ocean_menu_typo_transform":"","ocean_menu_typo_transform_tablet":"","ocean_menu_typo_transform_mobile":"","ocean_menu_typo_line_height":0,"ocean_menu_typo_line_height_tablet":0,"ocean_menu_typo_line_height_mobile":0,"ocean_menu_typo_line_height_unit":"","ocean_menu_typo_spacing":0,"ocean_menu_typo_spacing_tablet":0,"ocean_menu_typo_spacing_mobile":0,"ocean_menu_typo_spacing_unit":"","ocean_menu_link_color":"","ocean_menu_link_color_hover":"","ocean_menu_link_color_active":"","ocean_menu_link_background":"","ocean_menu_link_hover_background":"","ocean_menu_link_active_background":"","ocean_menu_social_links_bg":"","ocean_menu_social_hover_links_bg":"","ocean_menu_social_links_color":"","ocean_menu_social_hover_links_color":"","ocean_disable_title":"default","ocean_disable_heading":"default","ocean_post_title":"","ocean_post_subheading":"","ocean_post_title_style":"","ocean_post_title_background_color":"","ocean_post_title_background":0,"ocean_post_title_bg_image_position":"","ocean_post_title_bg_image_attachment":"","ocean_post_title_bg_image_repeat":"","ocean_post_title_bg_image_size":"","ocean_post_title_height":0,"ocean_post_title_bg_overlay":0.5,"ocean_post_title_bg_overlay_color":"","ocean_disable_breadcrumbs":"default","ocean_breadcrumbs_color":"","ocean_breadcrumbs_separator_color":"","ocean_breadcrumbs_links_color":"","ocean_breadcrumbs_links_hover_color":"","ocean_display_footer_widgets":"default","ocean_display_footer_bottom":"default","ocean_custom_footer_template":"","osh_disable_topbar_sticky":"default","osh_disable_header_sticky":"default","osh_sticky_header_style":"default","osh_sticky_header_effect":"","osh_custom_sticky_logo":0,"osh_custom_retina_sticky_logo":0,"osh_custom_sticky_logo_height":0,"osh_background_color":"","osh_links_color":"","osh_links_hover_color":"","osh_links_active_color":"","osh_links_bg_color":"","osh_links_hover_bg_color":"","osh_links_active_bg_color":"","osh_menu_social_links_color":"","osh_menu_social_hover_links_color":""},"product_brand":[],"product_cat":[256,260,274],"product_tag":[],"class_list":{"0":"post-8612","1":"product","2":"type-product","3":"status-publish","4":"has-post-thumbnail","6":"product_cat-kvinder","7":"product_cat-lingeri-beklaedning","8":"product_cat-lingeri-saet-og-hofteholdere","9":"pa_vaelg-l","10":"pa_vaelg-m","11":"pa_vaelg-s","12":"pa_vaelg-xl","14":"entry","15":"has-media","17":"first","18":"instock","19":"taxable","20":"shipping-taxable","21":"purchasable","22":"product-type-variable","23":"has-product-nav","24":"col","25":"span_1_of_3","26":"owp-content-center","27":"owp-thumbs-layout-horizontal","28":"owp-btn-normal","29":"owp-tabs-layout-horizontal","30":"has-no-thumbnails","32":"circle-sale"},"supplier_id":null,"supplier_sku":"","barcode":null,"atum_controlled":true,"out_stock_date":null,"out_stock_threshold":null,"inheritable":false,"inbound_stock":null,"stock_on_hold":0,"sold_today":0,"sales_last_days":0,"reserved_stock":null,"customer_returns":null,"warehouse_damage":null,"lost_in_post":null,"other_logs":null,"out_stock_days":0,"lost_sales":0,"has_location":null,"update_date":"2025-12-15T00:09:00","atum_locations":[],"atum_stock_status":"instock","restock_status":false,"low_stock_amount":"","sales_update_date":"2025-12-15T00:09:00","calc_backorders":null,"acf":[],"_links":{"self":[{"href":"https:\/\/kinkyshop.dk\/index.php?rest_route=\/wp\/v2\/product\/8612","targetHints":{"allow":["GET"]}}],"collection":[{"href":"https:\/\/kinkyshop.dk\/index.php?rest_route=\/wp\/v2\/product"}],"about":[{"href":"https:\/\/kinkyshop.dk\/index.php?rest_route=\/wp\/v2\/types\/product"}],"version-history":[{"count":0,"href":"https:\/\/kinkyshop.dk\/index.php?rest_route=\/wp\/v2\/product\/8612\/revisions"}],"wp:featuredmedia":[{"embeddable":true,"href":"https:\/\/kinkyshop.dk\/index.php?rest_route=\/wp\/v2\/media\/8614"}],"wp:attachment":[{"href":"https:\/\/kinkyshop.dk\/index.php?rest_route=%2Fwp%2Fv2%2Fmedia&parent=8612"}],"wp:term":[{"taxonomy":"product_brand","embeddable":true,"href":"https:\/\/kinkyshop.dk\/index.php?rest_route=%2Fwp%2Fv2%2Fproduct_brand&post=8612"},{"taxonomy":"product_cat","embeddable":true,"href":"https:\/\/kinkyshop.dk\/index.php?rest_route=%2Fwp%2Fv2%2Fproduct_cat&post=8612"},{"taxonomy":"product_tag","embeddable":true,"href":"https:\/\/kinkyshop.dk\/index.php?rest_route=%2Fwp%2Fv2%2Fproduct_tag&post=8612"}],"curies":[{"name":"wp","href":"https:\/\/api.w.org\/{rel}","templated":true}]}}