{"id":9056,"date":"2023-05-08T08:53:39","date_gmt":"2023-05-08T08:53:39","guid":{"rendered":"https:\/\/kinkyshop.dk\/index.php\/vare\/shunga-miyo-g-punkt-og-rabbit-vibrator\/"},"modified":"2023-05-27T06:59:51","modified_gmt":"2023-05-27T06:59:51","slug":"shunga-miyo-g-punkt-og-rabbit-vibrator","status":"publish","type":"product","link":"https:\/\/kinkyshop.dk\/?product=shunga-miyo-g-punkt-og-rabbit-vibrator","title":{"rendered":"Shunga Miyo G-punkt og Rabbit Vibrator"},"content":{"rendered":"<p>Luksuri\u00f8s Miyo vibrator fra Shunga i et sofistikeret, elegant design til samtidig fork\u00e6lelse af vagina, G-zone og klitoris. Ergonomisk perfekt buet og fremstillet af medicinsk silikone tilpasser den silkebl\u00f8de Miyo sig perfekt til kroppen og bev\u00e6gelserne. Dens blide strukturer fremh\u00e6ver den dobbelte stimulering intensivt. Eksklusiv fork\u00e6lende komfort for maksimal nydelse! 2 kraftige, men st\u00f8jsvage (40 dB) motorer giver hver is\u00e6r diskret og meget varieret nydelse med 10 vibrationstilstande i 5 hastigheder. Motorerne i klitorisstimulatoren og skaftet kan styres separat med et tryk p\u00e5 en knap p\u00e5 den sensuelle LED-oplyste centrale bue. Hver vibrationstilstand lyser op i en anden farve. Med sin praktiske knapl\u00e5s er Miyo en ideel rejsekammerat. Og du skal ikke v\u00e6re bange for at bruge den i badet eller brusebadet, da den er vandt\u00e6t hele vejen rundt. Genopladeligt &#8211; USB-opladerkabel medf\u00f8lger.Inkluderer en opbevaringspose af h\u00f8j kvalitet.Alt sammen i en smuk pakke &#8211; den ideelle gave! 18,5 cm x 9,5 cm x 3,8 cm.V\u00e6gt 216 gSilikone, ABS.<\/p>\n","protected":false},"excerpt":{"rendered":"<p>Luksuri\u00f8s Miyo vibrator fra Shunga i et sofistikeret, elegant design til samtidig fork\u00e6lelse af vagina, G-zone og klitoris. Ergonomisk perfekt buet og fremstillet af medicinsk silikone tilpasser den silkebl\u00f8de Miyo sig perfekt til kroppen og bev\u00e6gelserne. Dens blide strukturer fremh\u00e6ver den dobbelte stimulering intensivt. Eksklusiv fork\u00e6lende komfort for maksimal nydelse! 2 kraftige, men st\u00f8jsvage (40 [&hellip;]<\/p>\n","protected":false},"featured_media":9058,"template":"","meta":{"_acf_changed":false,"ocean_post_layout":"","ocean_both_sidebars_style":"","ocean_both_sidebars_content_width":0,"ocean_both_sidebars_sidebars_width":0,"ocean_sidebar":"0","ocean_second_sidebar":"0","ocean_disable_margins":"enable","ocean_add_body_class":"","ocean_shortcode_before_top_bar":"","ocean_shortcode_after_top_bar":"","ocean_shortcode_before_header":"","ocean_shortcode_after_header":"","ocean_has_shortcode":"","ocean_shortcode_after_title":"","ocean_shortcode_before_footer_widgets":"","ocean_shortcode_after_footer_widgets":"","ocean_shortcode_before_footer_bottom":"","ocean_shortcode_after_footer_bottom":"","ocean_display_top_bar":"default","ocean_display_header":"default","ocean_header_style":"","ocean_center_header_left_menu":"0","ocean_custom_header_template":"0","ocean_custom_logo":0,"ocean_custom_retina_logo":0,"ocean_custom_logo_max_width":0,"ocean_custom_logo_tablet_max_width":0,"ocean_custom_logo_mobile_max_width":0,"ocean_custom_logo_max_height":0,"ocean_custom_logo_tablet_max_height":0,"ocean_custom_logo_mobile_max_height":0,"ocean_header_custom_menu":"0","ocean_menu_typo_font_family":"0","ocean_menu_typo_font_subset":"","ocean_menu_typo_font_size":0,"ocean_menu_typo_font_size_tablet":0,"ocean_menu_typo_font_size_mobile":0,"ocean_menu_typo_font_size_unit":"px","ocean_menu_typo_font_weight":"","ocean_menu_typo_font_weight_tablet":"","ocean_menu_typo_font_weight_mobile":"","ocean_menu_typo_transform":"","ocean_menu_typo_transform_tablet":"","ocean_menu_typo_transform_mobile":"","ocean_menu_typo_line_height":0,"ocean_menu_typo_line_height_tablet":0,"ocean_menu_typo_line_height_mobile":0,"ocean_menu_typo_line_height_unit":"","ocean_menu_typo_spacing":0,"ocean_menu_typo_spacing_tablet":0,"ocean_menu_typo_spacing_mobile":0,"ocean_menu_typo_spacing_unit":"","ocean_menu_link_color":"","ocean_menu_link_color_hover":"","ocean_menu_link_color_active":"","ocean_menu_link_background":"","ocean_menu_link_hover_background":"","ocean_menu_link_active_background":"","ocean_menu_social_links_bg":"","ocean_menu_social_hover_links_bg":"","ocean_menu_social_links_color":"","ocean_menu_social_hover_links_color":"","ocean_disable_title":"default","ocean_disable_heading":"default","ocean_post_title":"","ocean_post_subheading":"","ocean_post_title_style":"","ocean_post_title_background_color":"","ocean_post_title_background":0,"ocean_post_title_bg_image_position":"","ocean_post_title_bg_image_attachment":"","ocean_post_title_bg_image_repeat":"","ocean_post_title_bg_image_size":"","ocean_post_title_height":0,"ocean_post_title_bg_overlay":0.5,"ocean_post_title_bg_overlay_color":"","ocean_disable_breadcrumbs":"default","ocean_breadcrumbs_color":"","ocean_breadcrumbs_separator_color":"","ocean_breadcrumbs_links_color":"","ocean_breadcrumbs_links_hover_color":"","ocean_display_footer_widgets":"default","ocean_display_footer_bottom":"default","ocean_custom_footer_template":"0","osh_disable_topbar_sticky":"default","osh_disable_header_sticky":"default","osh_sticky_header_style":"default","osh_sticky_header_effect":"","osh_custom_sticky_logo":0,"osh_custom_retina_sticky_logo":0,"osh_custom_sticky_logo_height":0,"osh_background_color":"","osh_links_color":"","osh_links_hover_color":"","osh_links_active_color":"","osh_links_bg_color":"","osh_links_hover_bg_color":"","osh_links_active_bg_color":"","osh_menu_social_links_color":"","osh_menu_social_hover_links_color":""},"product_brand":[],"product_cat":[256,324,262],"product_tag":[921,944,945,770,771,785,797,939,920,942,943,946],"class_list":{"0":"post-9056","1":"product","2":"type-product","3":"status-publish","4":"has-post-thumbnail","6":"product_cat-kvinder","7":"product_cat-rabbit-vibrator","8":"product_cat-vibratorer","9":"product_tag-fraek-kvinde","10":"product_tag-g-zone","11":"product_tag-g-zone-og-klitoris","12":"product_tag-klitoris","13":"product_tag-kvinder","14":"product_tag-sex","15":"product_tag-sexlege","16":"product_tag-sexlege-piger","17":"product_tag-sexy-kvinde","18":"product_tag-shunga-miyo-g-punkt-og-rabbit-vibrator","19":"product_tag-vagina","20":"product_tag-virbrator","21":"pa_vaelg-lilla","22":"pa_vaelg-roed","23":"pa_vaelg-rosa","24":"pa_vaelg-sort","26":"entry","27":"has-media","29":"first","30":"instock","31":"taxable","32":"shipping-taxable","33":"purchasable","34":"product-type-variable","35":"has-default-attributes","36":"has-product-nav","37":"col","38":"span_1_of_3","39":"owp-content-center","40":"owp-thumbs-layout-horizontal","41":"owp-btn-normal","42":"owp-tabs-layout-horizontal","44":"circle-sale"},"supplier_id":null,"supplier_sku":"","barcode":null,"atum_controlled":true,"out_stock_date":null,"out_stock_threshold":null,"inheritable":false,"inbound_stock":null,"stock_on_hold":0,"sold_today":0,"sales_last_days":0,"reserved_stock":null,"customer_returns":null,"warehouse_damage":null,"lost_in_post":null,"other_logs":null,"out_stock_days":0,"lost_sales":0,"has_location":null,"update_date":"2025-12-15T00:09:03","atum_locations":[],"atum_stock_status":"instock","restock_status":false,"low_stock_amount":"","sales_update_date":"2025-12-15T00:09:03","calc_backorders":null,"acf":[],"_links":{"self":[{"href":"https:\/\/kinkyshop.dk\/index.php?rest_route=\/wp\/v2\/product\/9056","targetHints":{"allow":["GET"]}}],"collection":[{"href":"https:\/\/kinkyshop.dk\/index.php?rest_route=\/wp\/v2\/product"}],"about":[{"href":"https:\/\/kinkyshop.dk\/index.php?rest_route=\/wp\/v2\/types\/product"}],"version-history":[{"count":0,"href":"https:\/\/kinkyshop.dk\/index.php?rest_route=\/wp\/v2\/product\/9056\/revisions"}],"wp:featuredmedia":[{"embeddable":true,"href":"https:\/\/kinkyshop.dk\/index.php?rest_route=\/wp\/v2\/media\/9058"}],"wp:attachment":[{"href":"https:\/\/kinkyshop.dk\/index.php?rest_route=%2Fwp%2Fv2%2Fmedia&parent=9056"}],"wp:term":[{"taxonomy":"product_brand","embeddable":true,"href":"https:\/\/kinkyshop.dk\/index.php?rest_route=%2Fwp%2Fv2%2Fproduct_brand&post=9056"},{"taxonomy":"product_cat","embeddable":true,"href":"https:\/\/kinkyshop.dk\/index.php?rest_route=%2Fwp%2Fv2%2Fproduct_cat&post=9056"},{"taxonomy":"product_tag","embeddable":true,"href":"https:\/\/kinkyshop.dk\/index.php?rest_route=%2Fwp%2Fv2%2Fproduct_tag&post=9056"}],"curies":[{"name":"wp","href":"https:\/\/api.w.org\/{rel}","templated":true}]}}