{"id":9065,"date":"2023-05-08T08:53:39","date_gmt":"2023-05-08T08:53:39","guid":{"rendered":"https:\/\/kinkyshop.dk\/index.php\/vare\/shunga-aiko-dobbelt-og-par-vibrator\/"},"modified":"2023-05-27T06:52:14","modified_gmt":"2023-05-27T06:52:14","slug":"shunga-aiko-dobbelt-og-par-vibrator","status":"publish","type":"product","link":"https:\/\/kinkyshop.dk\/?product=shunga-aiko-dobbelt-og-par-vibrator","title":{"rendered":"Shunga Aiko Dobbelt og Par Vibrator"},"content":{"rendered":"<p>Luksuri\u00f8s dobbeltvibrator Aiko fra Shunga i et sofistikeret, elegant design med 2 fleksible vibro-fingre. Fork\u00e6l vagina og klitoris p\u00e5 samme tid eller specifikt brystvorter, testikler, penis osv., n\u00e5r du er alene eller under elskov for to. Ergonomisk perfekt formet og fremstillet af medicinsk silikone tilpasser den silkebl\u00f8de Aiko sig perfekt til kroppen og bev\u00e6gelserne. Eksklusiv fork\u00e6lende komfort for maksimal nydelse! 2 kraftige, men st\u00f8jsvage (40 dB) motorer giver diskret og meget varieret nydelse med 10 vibrationstilstande i 5 hastigheder. Tilstandene kan styres separat direkte p\u00e5 leget\u00f8jet ved at trykke p\u00e5 en knap. Hver vibrationstilstand lyser sensuelt op (LED) i en anden farve p\u00e5 det guldfarvede centrale dekorative element. Med sin praktiske knapl\u00e5s er Aiko en ideel rejsekammerat. Og den er ikke bange for at blive brugt i badet eller brusebadet, da den er vandt\u00e6t hele vejen rundt. Genopladeligt &#8211; USB-opladerkabel medf\u00f8lger.Inkluderer en opbevaringspose af h\u00f8j kvalitet.Alt sammen i en smuk pakke &#8211; den ideelle gave! 10,8 cm x 6,5 cm x 3,2 cm.V\u00e6gt 100 gSilikone, ABS.<\/p>\n","protected":false},"excerpt":{"rendered":"<p>Luksuri\u00f8s dobbeltvibrator Aiko fra Shunga i et sofistikeret, elegant design med 2 fleksible vibro-fingre. Fork\u00e6l vagina og klitoris p\u00e5 samme tid eller specifikt brystvorter, testikler, penis osv., n\u00e5r du er alene eller under elskov for to. Ergonomisk perfekt formet og fremstillet af medicinsk silikone tilpasser den silkebl\u00f8de Aiko sig perfekt til kroppen og bev\u00e6gelserne. Eksklusiv [&hellip;]<\/p>\n","protected":false},"featured_media":9067,"template":"","meta":{"_acf_changed":false,"ocean_post_layout":"","ocean_both_sidebars_style":"","ocean_both_sidebars_content_width":0,"ocean_both_sidebars_sidebars_width":0,"ocean_sidebar":"0","ocean_second_sidebar":"0","ocean_disable_margins":"enable","ocean_add_body_class":"","ocean_shortcode_before_top_bar":"","ocean_shortcode_after_top_bar":"","ocean_shortcode_before_header":"","ocean_shortcode_after_header":"","ocean_has_shortcode":"","ocean_shortcode_after_title":"","ocean_shortcode_before_footer_widgets":"","ocean_shortcode_after_footer_widgets":"","ocean_shortcode_before_footer_bottom":"","ocean_shortcode_after_footer_bottom":"","ocean_display_top_bar":"default","ocean_display_header":"default","ocean_header_style":"","ocean_center_header_left_menu":"0","ocean_custom_header_template":"0","ocean_custom_logo":0,"ocean_custom_retina_logo":0,"ocean_custom_logo_max_width":0,"ocean_custom_logo_tablet_max_width":0,"ocean_custom_logo_mobile_max_width":0,"ocean_custom_logo_max_height":0,"ocean_custom_logo_tablet_max_height":0,"ocean_custom_logo_mobile_max_height":0,"ocean_header_custom_menu":"0","ocean_menu_typo_font_family":"0","ocean_menu_typo_font_subset":"","ocean_menu_typo_font_size":0,"ocean_menu_typo_font_size_tablet":0,"ocean_menu_typo_font_size_mobile":0,"ocean_menu_typo_font_size_unit":"px","ocean_menu_typo_font_weight":"","ocean_menu_typo_font_weight_tablet":"","ocean_menu_typo_font_weight_mobile":"","ocean_menu_typo_transform":"","ocean_menu_typo_transform_tablet":"","ocean_menu_typo_transform_mobile":"","ocean_menu_typo_line_height":0,"ocean_menu_typo_line_height_tablet":0,"ocean_menu_typo_line_height_mobile":0,"ocean_menu_typo_line_height_unit":"","ocean_menu_typo_spacing":0,"ocean_menu_typo_spacing_tablet":0,"ocean_menu_typo_spacing_mobile":0,"ocean_menu_typo_spacing_unit":"","ocean_menu_link_color":"","ocean_menu_link_color_hover":"","ocean_menu_link_color_active":"","ocean_menu_link_background":"","ocean_menu_link_hover_background":"","ocean_menu_link_active_background":"","ocean_menu_social_links_bg":"","ocean_menu_social_hover_links_bg":"","ocean_menu_social_links_color":"","ocean_menu_social_hover_links_color":"","ocean_disable_title":"default","ocean_disable_heading":"default","ocean_post_title":"","ocean_post_subheading":"","ocean_post_title_style":"","ocean_post_title_background_color":"","ocean_post_title_background":0,"ocean_post_title_bg_image_position":"","ocean_post_title_bg_image_attachment":"","ocean_post_title_bg_image_repeat":"","ocean_post_title_bg_image_size":"","ocean_post_title_height":0,"ocean_post_title_bg_overlay":0.5,"ocean_post_title_bg_overlay_color":"","ocean_disable_breadcrumbs":"default","ocean_breadcrumbs_color":"","ocean_breadcrumbs_separator_color":"","ocean_breadcrumbs_links_color":"","ocean_breadcrumbs_links_hover_color":"","ocean_display_footer_widgets":"default","ocean_display_footer_bottom":"default","ocean_custom_footer_template":"0","osh_disable_topbar_sticky":"default","osh_disable_header_sticky":"default","osh_sticky_header_style":"default","osh_sticky_header_effect":"","osh_custom_sticky_logo":0,"osh_custom_retina_sticky_logo":0,"osh_custom_sticky_logo_height":0,"osh_background_color":"","osh_links_color":"","osh_links_hover_color":"","osh_links_active_color":"","osh_links_bg_color":"","osh_links_hover_bg_color":"","osh_links_active_bg_color":"","osh_menu_social_links_color":"","osh_menu_social_hover_links_color":""},"product_brand":[],"product_cat":[256,324,262],"product_tag":[879,937,939,737,816,941,940,763,773],"class_list":{"0":"post-9065","1":"product","2":"type-product","3":"status-publish","4":"has-post-thumbnail","6":"product_cat-kvinder","7":"product_cat-rabbit-vibrator","8":"product_cat-vibratorer","9":"product_tag-butte-kviner","10":"product_tag-dildo-vibrator","11":"product_tag-sexlege-piger","12":"product_tag-sexlegetoej","13":"product_tag-sexy","14":"product_tag-shunga-aiko","15":"product_tag-shunga-aiko-dobbelt-og-par-vibrator","16":"product_tag-sikkersex","17":"product_tag-vibratorer","18":"pa_vaelg-roed","19":"pa_vaelg-rosa","20":"pa_vaelg-sort","22":"entry","23":"has-media","25":"first","26":"instock","27":"taxable","28":"shipping-taxable","29":"purchasable","30":"product-type-variable","31":"has-default-attributes","32":"has-product-nav","33":"col","34":"span_1_of_3","35":"owp-content-center","36":"owp-thumbs-layout-horizontal","37":"owp-btn-normal","38":"owp-tabs-layout-horizontal","40":"circle-sale"},"supplier_id":null,"supplier_sku":"","barcode":null,"atum_controlled":true,"out_stock_date":null,"out_stock_threshold":null,"inheritable":false,"inbound_stock":null,"stock_on_hold":0,"sold_today":0,"sales_last_days":0,"reserved_stock":null,"customer_returns":null,"warehouse_damage":null,"lost_in_post":null,"other_logs":null,"out_stock_days":0,"lost_sales":0,"has_location":null,"update_date":"2025-12-15T00:09:03","atum_locations":[],"atum_stock_status":"instock","restock_status":false,"low_stock_amount":"","sales_update_date":"2025-12-15T00:09:03","calc_backorders":null,"acf":[],"_links":{"self":[{"href":"https:\/\/kinkyshop.dk\/index.php?rest_route=\/wp\/v2\/product\/9065","targetHints":{"allow":["GET"]}}],"collection":[{"href":"https:\/\/kinkyshop.dk\/index.php?rest_route=\/wp\/v2\/product"}],"about":[{"href":"https:\/\/kinkyshop.dk\/index.php?rest_route=\/wp\/v2\/types\/product"}],"version-history":[{"count":0,"href":"https:\/\/kinkyshop.dk\/index.php?rest_route=\/wp\/v2\/product\/9065\/revisions"}],"wp:featuredmedia":[{"embeddable":true,"href":"https:\/\/kinkyshop.dk\/index.php?rest_route=\/wp\/v2\/media\/9067"}],"wp:attachment":[{"href":"https:\/\/kinkyshop.dk\/index.php?rest_route=%2Fwp%2Fv2%2Fmedia&parent=9065"}],"wp:term":[{"taxonomy":"product_brand","embeddable":true,"href":"https:\/\/kinkyshop.dk\/index.php?rest_route=%2Fwp%2Fv2%2Fproduct_brand&post=9065"},{"taxonomy":"product_cat","embeddable":true,"href":"https:\/\/kinkyshop.dk\/index.php?rest_route=%2Fwp%2Fv2%2Fproduct_cat&post=9065"},{"taxonomy":"product_tag","embeddable":true,"href":"https:\/\/kinkyshop.dk\/index.php?rest_route=%2Fwp%2Fv2%2Fproduct_tag&post=9065"}],"curies":[{"name":"wp","href":"https:\/\/api.w.org\/{rel}","templated":true}]}}