{"id":9072,"date":"2023-05-08T08:53:39","date_gmt":"2023-05-08T08:53:39","guid":{"rendered":"https:\/\/kinkyshop.dk\/index.php\/vare\/shunga-sanya-vibrator-med-ergonomisk-greb\/"},"modified":"2023-05-27T06:42:54","modified_gmt":"2023-05-27T06:42:54","slug":"shunga-sanya-vibrator-med-ergonomisk-greb","status":"publish","type":"product","link":"https:\/\/kinkyshop.dk\/?product=shunga-sanya-vibrator-med-ergonomisk-greb","title":{"rendered":"Shunga Sanya Vibrator med Ergonomisk Greb"},"content":{"rendered":"<p>Luksuri\u00f8s vibrator Sanya fra Shunga i et sofistikeret elegant design med ergonomisk h\u00e5ndtag for nem og optimal kontrol. Den silkebl\u00f8de Sanya er smukt fleksibel og fremstillet af medicinsk silikone og tilpasser sig perfekt til kroppen og bev\u00e6gelserne under stimulering. Dens blide teksturer fremh\u00e6ver intensivt den intime massage. Eksklusiv fork\u00e6lende komfort for maksimal nydelse! En kraftig, men st\u00f8jsvag motor (40 dB) giver diskret og meget varieret nydelse med 10 vibrationstilstande i 5 hastigheder. De forskellige tilstande kan styres separat ved at trykke p\u00e5 en knap p\u00e5 det sensuelle LED-belyst h\u00e5ndtag. Hver vibrationstilstand lyser op i en anden farve. Med sin praktiske knapl\u00e5s er Sanya en ideel rejsekammerat. Og du skal ikke v\u00e6re bange for at bruge den i badet og brusebadet, da den er vandt\u00e6t hele vejen rundt. Genopladeligt &#8211; USB-opladerkabel medf\u00f8lger.Inkluderer en opbevaringspose af h\u00f8j kvalitet.Alt sammen i en smuk pakke &#8211; den ideelle gave! 18,5 cm x 5 cm x 3,8 cm.V\u00e6gt 172 gSilikone, ABS.<\/p>\n","protected":false},"excerpt":{"rendered":"<p>Luksuri\u00f8s vibrator Sanya fra Shunga i et sofistikeret elegant design med ergonomisk h\u00e5ndtag for nem og optimal kontrol. Den silkebl\u00f8de Sanya er smukt fleksibel og fremstillet af medicinsk silikone og tilpasser sig perfekt til kroppen og bev\u00e6gelserne under stimulering. Dens blide teksturer fremh\u00e6ver intensivt den intime massage. Eksklusiv fork\u00e6lende komfort for maksimal nydelse! En kraftig, [&hellip;]<\/p>\n","protected":false},"featured_media":9074,"template":"","meta":{"_acf_changed":false,"ocean_post_layout":"","ocean_both_sidebars_style":"","ocean_both_sidebars_content_width":0,"ocean_both_sidebars_sidebars_width":0,"ocean_sidebar":"0","ocean_second_sidebar":"0","ocean_disable_margins":"enable","ocean_add_body_class":"","ocean_shortcode_before_top_bar":"","ocean_shortcode_after_top_bar":"","ocean_shortcode_before_header":"","ocean_shortcode_after_header":"","ocean_has_shortcode":"","ocean_shortcode_after_title":"","ocean_shortcode_before_footer_widgets":"","ocean_shortcode_after_footer_widgets":"","ocean_shortcode_before_footer_bottom":"","ocean_shortcode_after_footer_bottom":"","ocean_display_top_bar":"default","ocean_display_header":"default","ocean_header_style":"","ocean_center_header_left_menu":"0","ocean_custom_header_template":"0","ocean_custom_logo":0,"ocean_custom_retina_logo":0,"ocean_custom_logo_max_width":0,"ocean_custom_logo_tablet_max_width":0,"ocean_custom_logo_mobile_max_width":0,"ocean_custom_logo_max_height":0,"ocean_custom_logo_tablet_max_height":0,"ocean_custom_logo_mobile_max_height":0,"ocean_header_custom_menu":"0","ocean_menu_typo_font_family":"0","ocean_menu_typo_font_subset":"","ocean_menu_typo_font_size":0,"ocean_menu_typo_font_size_tablet":0,"ocean_menu_typo_font_size_mobile":0,"ocean_menu_typo_font_size_unit":"px","ocean_menu_typo_font_weight":"","ocean_menu_typo_font_weight_tablet":"","ocean_menu_typo_font_weight_mobile":"","ocean_menu_typo_transform":"","ocean_menu_typo_transform_tablet":"","ocean_menu_typo_transform_mobile":"","ocean_menu_typo_line_height":0,"ocean_menu_typo_line_height_tablet":0,"ocean_menu_typo_line_height_mobile":0,"ocean_menu_typo_line_height_unit":"","ocean_menu_typo_spacing":0,"ocean_menu_typo_spacing_tablet":0,"ocean_menu_typo_spacing_mobile":0,"ocean_menu_typo_spacing_unit":"","ocean_menu_link_color":"","ocean_menu_link_color_hover":"","ocean_menu_link_color_active":"","ocean_menu_link_background":"","ocean_menu_link_hover_background":"","ocean_menu_link_active_background":"","ocean_menu_social_links_bg":"","ocean_menu_social_hover_links_bg":"","ocean_menu_social_links_color":"","ocean_menu_social_hover_links_color":"","ocean_disable_title":"default","ocean_disable_heading":"default","ocean_post_title":"","ocean_post_subheading":"","ocean_post_title_style":"","ocean_post_title_background_color":"","ocean_post_title_background":0,"ocean_post_title_bg_image_position":"","ocean_post_title_bg_image_attachment":"","ocean_post_title_bg_image_repeat":"","ocean_post_title_bg_image_size":"","ocean_post_title_height":0,"ocean_post_title_bg_overlay":0.5,"ocean_post_title_bg_overlay_color":"","ocean_disable_breadcrumbs":"default","ocean_breadcrumbs_color":"","ocean_breadcrumbs_separator_color":"","ocean_breadcrumbs_links_color":"","ocean_breadcrumbs_links_hover_color":"","ocean_display_footer_widgets":"default","ocean_display_footer_bottom":"default","ocean_custom_footer_template":"0","osh_disable_topbar_sticky":"default","osh_disable_header_sticky":"default","osh_sticky_header_style":"default","osh_sticky_header_effect":"","osh_custom_sticky_logo":0,"osh_custom_retina_sticky_logo":0,"osh_custom_sticky_logo_height":0,"osh_background_color":"","osh_links_color":"","osh_links_hover_color":"","osh_links_active_color":"","osh_links_bg_color":"","osh_links_hover_bg_color":"","osh_links_active_bg_color":"","osh_menu_social_links_color":"","osh_menu_social_hover_links_color":""},"product_brand":[],"product_cat":[263,256,262],"product_tag":[937,771,938,785,797,939,737,936,935,877,876,724],"class_list":{"0":"post-9072","1":"product","2":"type-product","3":"status-publish","4":"has-post-thumbnail","6":"product_cat-dildo-vibrator","7":"product_cat-kvinder","8":"product_cat-vibratorer","9":"product_tag-dildo-vibrator","10":"product_tag-kvinder","11":"product_tag-piger","12":"product_tag-sex","13":"product_tag-sexlege","14":"product_tag-sexlege-piger","15":"product_tag-sexlegetoej","16":"product_tag-shunga-sanya","17":"product_tag-shunga-sanya-vibrator-med-ergonomisk-greb","18":"product_tag-store-kvinder","19":"product_tag-store-piger","20":"product_tag-vibrator","21":"pa_vaelg-lilla","22":"pa_vaelg-roed","23":"pa_vaelg-rosa","24":"pa_vaelg-sort","26":"entry","27":"has-media","29":"first","30":"instock","31":"taxable","32":"shipping-taxable","33":"purchasable","34":"product-type-variable","35":"has-product-nav","36":"col","37":"span_1_of_3","38":"owp-content-center","39":"owp-thumbs-layout-horizontal","40":"owp-btn-normal","41":"owp-tabs-layout-horizontal","43":"circle-sale"},"supplier_id":null,"supplier_sku":"","barcode":null,"atum_controlled":true,"out_stock_date":null,"out_stock_threshold":null,"inheritable":false,"inbound_stock":null,"stock_on_hold":0,"sold_today":0,"sales_last_days":0,"reserved_stock":null,"customer_returns":null,"warehouse_damage":null,"lost_in_post":null,"other_logs":null,"out_stock_days":0,"lost_sales":0,"has_location":null,"update_date":"2025-12-15T00:09:03","atum_locations":[],"atum_stock_status":"instock","restock_status":false,"low_stock_amount":"","sales_update_date":"2025-12-15T00:09:03","calc_backorders":null,"acf":[],"_links":{"self":[{"href":"https:\/\/kinkyshop.dk\/index.php?rest_route=\/wp\/v2\/product\/9072","targetHints":{"allow":["GET"]}}],"collection":[{"href":"https:\/\/kinkyshop.dk\/index.php?rest_route=\/wp\/v2\/product"}],"about":[{"href":"https:\/\/kinkyshop.dk\/index.php?rest_route=\/wp\/v2\/types\/product"}],"version-history":[{"count":0,"href":"https:\/\/kinkyshop.dk\/index.php?rest_route=\/wp\/v2\/product\/9072\/revisions"}],"wp:featuredmedia":[{"embeddable":true,"href":"https:\/\/kinkyshop.dk\/index.php?rest_route=\/wp\/v2\/media\/9074"}],"wp:attachment":[{"href":"https:\/\/kinkyshop.dk\/index.php?rest_route=%2Fwp%2Fv2%2Fmedia&parent=9072"}],"wp:term":[{"taxonomy":"product_brand","embeddable":true,"href":"https:\/\/kinkyshop.dk\/index.php?rest_route=%2Fwp%2Fv2%2Fproduct_brand&post=9072"},{"taxonomy":"product_cat","embeddable":true,"href":"https:\/\/kinkyshop.dk\/index.php?rest_route=%2Fwp%2Fv2%2Fproduct_cat&post=9072"},{"taxonomy":"product_tag","embeddable":true,"href":"https:\/\/kinkyshop.dk\/index.php?rest_route=%2Fwp%2Fv2%2Fproduct_tag&post=9072"}],"curies":[{"name":"wp","href":"https:\/\/api.w.org\/{rel}","templated":true}]}}